{"id":3634,"date":"2022-02-01T10:42:48","date_gmt":"2022-02-01T09:42:48","guid":{"rendered":"http:\/\/41.249.251.2:8004\/?post_type=product&#038;p=3634"},"modified":"2023-04-07T13:13:21","modified_gmt":"2023-04-07T12:13:21","slug":"luxmetre-a-usage-intensif","status":"publish","type":"product","link":"https:\/\/greentelemesure.com\/index.php\/produit\/luxmetre-a-usage-intensif\/","title":{"rendered":"luxm\u00e8tre \u00e0 usage intensif"},"content":{"rendered":"<h2><span style=\"font-size: 16px\">Luxm\u00e8tre avec bo\u00eetier moul\u00e9 double et grand \u00e9cran r\u00e9tro\u00e9clair\u00e9 avec bargraphe \u00e0 40 segments<\/span><\/h2>\n<p>Le photom\u00e8tre HD400 mesure de 0 \u00e0 40 000Fc et de 0 \u00e0 400kLux avec une r\u00e9solution de 0,01Fc\/0,1Lux.\u00a0Il pr\u00e9sente : une pr\u00e9cision de 5 %, le mode cr\u00eate (10 \u00b5s), le mode relatif, Min\/Max, le maintien des donn\u00e9es, un \u00e9cran LCD r\u00e9tro\u00e9clair\u00e9 avec un graphique \u00e0 barres de 40 segments et un bo\u00eetier robuste \u00e0 double moulage.\u00a0Livr\u00e9 complet avec capteur de lumi\u00e8re avec c\u00e2ble de 3 pieds (1 m) et housse de protection, logiciel avec c\u00e2ble USB, \u00e9tui de transport rigide et pile 9 volts.<\/p>\n","protected":false},"excerpt":{"rendered":"<ul id=\"features\">\n<li>Grand \u00e9cran LCD r\u00e9tro\u00e9clair\u00e9 avec bargraphe \u00e0 40 segments<\/li>\n<li>Large plage jusqu&rsquo;\u00e0 40 000Fc ou 400 000 Lux<\/li>\n<li>Mesures corrig\u00e9es en cosinus et en couleur<\/li>\n<li>Utilise une photodiode au silicium de pr\u00e9cision et un filtre de r\u00e9ponse spectrale<\/li>\n<li>Le mode cr\u00eate (10 ms) capture la lecture la plus \u00e9lev\u00e9e<\/li>\n<li>Le mode relatif indique le changement des niveaux de lumi\u00e8re<\/li>\n<li>Min\/Max et maintien des donn\u00e9es<\/li>\n<li>R\u00e9tro\u00e9clairage pour les lectures dans des niveaux de faible luminosit\u00e9<\/li>\n<li>Bo\u00eetier robuste \u00e0 double moulage robuste<\/li>\n<li>Port USB int\u00e9gr\u00e9<\/li>\n<\/ul>\n","protected":false},"featured_media":4988,"comment_status":"closed","ping_status":"closed","template":"","meta":[],"product_cat":[60],"product_tag":[],"_links":{"self":[{"href":"https:\/\/greentelemesure.com\/index.php\/wp-json\/wp\/v3\/product\/3634"}],"collection":[{"href":"https:\/\/greentelemesure.com\/index.php\/wp-json\/wp\/v3\/product"}],"about":[{"href":"https:\/\/greentelemesure.com\/index.php\/wp-json\/wp\/v2\/types\/product"}],"replies":[{"embeddable":true,"href":"https:\/\/greentelemesure.com\/index.php\/wp-json\/wp\/v2\/comments?post=3634"}],"wp:featuredmedia":[{"embeddable":true,"href":"https:\/\/greentelemesure.com\/index.php\/wp-json\/wp\/v2\/media\/4988"}],"wp:attachment":[{"href":"https:\/\/greentelemesure.com\/index.php\/wp-json\/wp\/v2\/media?parent=3634"}],"wp:term":[{"taxonomy":"product_cat","embeddable":true,"href":"https:\/\/greentelemesure.com\/index.php\/wp-json\/wp\/v2\/product_cat?post=3634"},{"taxonomy":"product_tag","embeddable":true,"href":"https:\/\/greentelemesure.com\/index.php\/wp-json\/wp\/v2\/product_tag?post=3634"}],"curies":[{"name":"wp","href":"https:\/\/api.w.org\/{rel}","templated":true}]}}