{"id":3640,"date":"2022-02-01T14:54:14","date_gmt":"2022-02-01T13:54:14","guid":{"rendered":"http:\/\/41.249.251.2:8004\/?post_type=product&#038;p=3640"},"modified":"2023-04-07T13:13:52","modified_gmt":"2023-04-07T12:13:52","slug":"ott-pluvio-s-pluviometre","status":"publish","type":"product","link":"https:\/\/greentelemesure.com\/index.php\/produit\/ott-pluvio-s-pluviometre\/","title":{"rendered":"OTT Pluvio\u00b2 S &#8211; pluviom\u00e8tre"},"content":{"rendered":"<p>Le pluviom\u00e8tre professionnel est un d\u00e9veloppement ult\u00e9rieur de l&rsquo;OTT Pluvio\u00b2 \u00e9prouv\u00e9, avec une technologie de pointe dans un design compact qui capture jusqu&rsquo;\u00e0 400 mm de pr\u00e9cipitations sur une surface de collecte de 200 cm\u00b2.\u00a0Il est pratiquement sans entretien, s&rsquo;adapte sur des socles de 2 pouces, n\u00e9cessite peu d&rsquo;espace et peut remplacer les pluviom\u00e8tres conventionnels ou les augets basculants sans aucun travail structurel<\/p>\n<p><strong>Param\u00e8tres mesur\u00e9s :<\/strong><br \/>\nPr\u00e9cipitations cumul\u00e9es, intensit\u00e9 des pr\u00e9cipitations, contenu de l&rsquo;auget en temps r\u00e9el et non r\u00e9el\u00a0<strong>Technologie de mesure :<\/strong><br \/>\nPrincipe de pes\u00e9e\u00a0<strong>Points forts du produit :<\/strong><br \/>\nPr\u00e9cipitom\u00e8tre compact tout temps pour socles de 2 pouces, tr\u00e8s pr\u00e9cis, conforme aux exigences de l&rsquo;OMM (directives n\u00b0 8), pratiquement sans entretien, calibr\u00e9 \u00e0 vie<br \/>\nInterface : SDI-12, RS-485, impulsion, \u00e9tat Demander un devis ou un conseil<\/p>\n","protected":false},"excerpt":{"rendered":"<ul>\n<li>Pr\u00e9cipitom\u00e8tre compact et relativement l\u00e9ger, avec un seau de collecte r\u00e9sistant aux intemp\u00e9ries pour 400 mm de pr\u00e9cipitations (surface de collecte de 200 cm\u00b2)<\/li>\n<li>Espace requis minimum &#8211; pas de probl\u00e8me pour installer sur des bases en b\u00e9ton existantes de 50 cm x 50 cm \u2022 tous les socles de 2 pouces appropri\u00e9s sans vibrations peuvent \u00eatre r\u00e9utilis\u00e9s<\/li>\n<li>La sortie des donn\u00e9es d&rsquo;intensit\u00e9 et cumul\u00e9es est conforme \u00e0 la directive OMM n\u00b0 308<\/li>\n<li>Capture et traitement de donn\u00e9es hautement d\u00e9velopp\u00e9s avec analyse du signal, filtration et r\u00e9duction du bruit ainsi que des algorithmes qui compensent les influences de la temp\u00e9rature et du vent<\/li>\n<li>Pr\u00e9cision de mesure consid\u00e9rable de \u00b1 1 mm, large plage de mesure et accessibilit\u00e9 \u00e9lev\u00e9e aux donn\u00e9es de 99 %<\/li>\n<li>Sortie de fortes intensit\u00e9s de pr\u00e9cipitations jusqu&rsquo;\u00e0 3 000 mm\/h sans d\u00e9lai<\/li>\n<li>Capture pr\u00e9cise des pr\u00e9cipitations les plus fines \u00e0 partir d&rsquo;aussi peu que 0,03 mm de pr\u00e9cipitations en une heure<\/li>\n<li>Disponible en option avec chauffage annulaire r\u00e9glable &#8211; emp\u00eache la formation de glace ou de neige et maintient le bord de l&rsquo;orifice libre \u2022 \u00e9galement d\u00e9ployable en fonctionnement solaire en mode tension r\u00e9duite<\/li>\n<li>Diverses interfaces de sortie (SDI-12, RS-485, impulsion\/contact), configurables via USB au moyen d&rsquo;une tablette PC ou d&rsquo;un ordinateur portable<\/li>\n<li>Faibles co\u00fbts d&rsquo;exploitation globaux &#8211; appareil de mesure calibr\u00e9 \u00e0 vie, sans glace, sans d\u00e9rive et pratiquement sans entretien<\/li>\n<\/ul>\n","protected":false},"featured_media":4991,"comment_status":"closed","ping_status":"closed","template":"","meta":[],"product_cat":[64],"product_tag":[],"_links":{"self":[{"href":"https:\/\/greentelemesure.com\/index.php\/wp-json\/wp\/v3\/product\/3640"}],"collection":[{"href":"https:\/\/greentelemesure.com\/index.php\/wp-json\/wp\/v3\/product"}],"about":[{"href":"https:\/\/greentelemesure.com\/index.php\/wp-json\/wp\/v2\/types\/product"}],"replies":[{"embeddable":true,"href":"https:\/\/greentelemesure.com\/index.php\/wp-json\/wp\/v2\/comments?post=3640"}],"wp:featuredmedia":[{"embeddable":true,"href":"https:\/\/greentelemesure.com\/index.php\/wp-json\/wp\/v2\/media\/4991"}],"wp:attachment":[{"href":"https:\/\/greentelemesure.com\/index.php\/wp-json\/wp\/v2\/media?parent=3640"}],"wp:term":[{"taxonomy":"product_cat","embeddable":true,"href":"https:\/\/greentelemesure.com\/index.php\/wp-json\/wp\/v2\/product_cat?post=3640"},{"taxonomy":"product_tag","embeddable":true,"href":"https:\/\/greentelemesure.com\/index.php\/wp-json\/wp\/v2\/product_tag?post=3640"}],"curies":[{"name":"wp","href":"https:\/\/api.w.org\/{rel}","templated":true}]}}