{"id":3656,"date":"2022-02-02T09:40:53","date_gmt":"2022-02-02T08:40:53","guid":{"rendered":"http:\/\/41.249.251.2:8004\/?post_type=product&#038;p=3656"},"modified":"2023-04-07T13:14:09","modified_gmt":"2023-04-07T12:14:09","slug":"tr2-capteur-combine-temperature-humidite-rel-sdi-12","status":"publish","type":"product","link":"https:\/\/greentelemesure.com\/index.php\/produit\/tr2-capteur-combine-temperature-humidite-rel-sdi-12\/","title":{"rendered":"TR2 Capteur combin\u00e9 Temp\u00e9rature\/Humidit\u00e9 rel. SDI-12"},"content":{"rendered":"<p class=\"bodytext\">Le capteur de temp\u00e9rature offre une pr\u00e9cision de 0,05\u00b0C.\u00a0En incluant toutes les sources potentielles d&rsquo;erreurs, r\u00e9p\u00e9tabilit\u00e9, hyst\u00e9r\u00e9sis, lin\u00e9arit\u00e9, etc., sa pr\u00e9cision est toujours meilleure que 0,1\u00b0C.\u00a0La plage de mesure de la temp\u00e9rature a \u00e9t\u00e9 \u00e9tendue \u00e0 +80\u00b0C.<\/p>\n<p>Le capteur d&rsquo;humidit\u00e9 est \u00e9galement une version am\u00e9lior\u00e9e du capteur TR1.\u00a0Il est maintenant presque enti\u00e8rement encapsul\u00e9 pour offrir une protection maximale contre les particules.\u00a0La fen\u00eatre de mesure est sp\u00e9cialement rev\u00eatue pour r\u00e9duire tous les effets n\u00e9gatifs possibles de la poussi\u00e8re, de l&rsquo;humidit\u00e9 et des produits (agro-)chimiques.\u00a0Le capteur couvre toute la gamme jusqu&rsquo;\u00e0 100 %, avec une pr\u00e9cision typique de 1 % jusqu&rsquo;\u00e0 90 % et de 2 % de 90 \u00e0 100 %.<\/p>\n<p class=\"bodytext\">Le TR2 calcule \u00e9galement le point de ros\u00e9e directement \u00e0 l&rsquo;int\u00e9rieur du capteur et g\u00e9n\u00e8re m\u00eame le rapport de m\u00e9lange.<\/p>\n<p>Un \u00e9cran anti-rayonnement \u00e0 7 \u00e9l\u00e9ments hautement professionnel prot\u00e8ge le capteur de la lumi\u00e8re directe du soleil et assure une ventilation suffisante.\u00a0Les \u00e9l\u00e9ments solides r\u00e9sistants aux UV refl\u00e8tent le rayonnement sur leur surface blanche, tandis que le rev\u00eatement noir \u00e0 l&rsquo;int\u00e9rieur absorbe la chaleur accumul\u00e9e.<\/p>\n<p>Ce capteur est pratiquement sans entretien et conserve sa pr\u00e9cision sur une longue p\u00e9riode de temps.\u00a0Un capuchon filet\u00e9 avec un blindage en treillis m\u00e9tallique prot\u00e8ge les \u00e9l\u00e9ments du capteur contre la poussi\u00e8re, les insectes et autres polluants.\u00a0Pour les applications n\u00e9cessitant une protection sp\u00e9ciale, par exemple contre les particules de poussi\u00e8re agressives telles que l&rsquo;ammoniac dans les poulaillers, nous proposons \u00e9galement en option des bouchons de filtre en acier fritt\u00e9, en PTFE fritt\u00e9 et \u00e0 membrane PTFE.<\/p>\n<p>Veuillez noter que nous avons s\u00e9lectionn\u00e9 le capuchon de filtre m\u00e9tallique pour sa combinaison de deux effets souhaitables\u00a0: une r\u00e9action rapide aux changements d&rsquo;humidit\u00e9 et de temp\u00e9rature tout en offrant une protection suffisante contre les petites particules.\u00a0Cela dit, veuillez noter qu&rsquo;une taille de pores plus petite offre une meilleure protection, mais ralentit \u00e9galement le capteur, car des pores plus petits r\u00e9duisent \u00e9galement l&rsquo;\u00e9change de mol\u00e9cules d&rsquo;humidit\u00e9.<\/p>\n<p>Le pack de livraison contient le capteur, un \u00e9cran anti-rayonnement \u00e0 7 \u00e9l\u00e9ments, un \u00e9quipement de montage sur m\u00e2t pour des poteaux d&rsquo;un diam\u00e8tre de ~ 40 mm et un c\u00e2ble de 3 m avec un connecteur Binder \u00e0 7 broches pour Adcon RTU.<\/p>\n","protected":false},"excerpt":{"rendered":"<p>L&rsquo;Adcon TR2 est une version am\u00e9lior\u00e9e du TR1 \u00e0 succ\u00e8s.\u00a0Tous les param\u00e8tres sont con\u00e7us pour r\u00e9pondre aux sp\u00e9cifications les plus exigeantes des utilisateurs professionnels.\u00a0Le traitement des donn\u00e9es est effectu\u00e9 directement \u00e0 l&rsquo;int\u00e9rieur du capteur et toutes les valeurs sont sorties via SDI-12.<\/p>\n","protected":false},"featured_media":4997,"comment_status":"closed","ping_status":"closed","template":"","meta":[],"product_cat":[64],"product_tag":[],"_links":{"self":[{"href":"https:\/\/greentelemesure.com\/index.php\/wp-json\/wp\/v3\/product\/3656"}],"collection":[{"href":"https:\/\/greentelemesure.com\/index.php\/wp-json\/wp\/v3\/product"}],"about":[{"href":"https:\/\/greentelemesure.com\/index.php\/wp-json\/wp\/v2\/types\/product"}],"replies":[{"embeddable":true,"href":"https:\/\/greentelemesure.com\/index.php\/wp-json\/wp\/v2\/comments?post=3656"}],"wp:featuredmedia":[{"embeddable":true,"href":"https:\/\/greentelemesure.com\/index.php\/wp-json\/wp\/v2\/media\/4997"}],"wp:attachment":[{"href":"https:\/\/greentelemesure.com\/index.php\/wp-json\/wp\/v2\/media?parent=3656"}],"wp:term":[{"taxonomy":"product_cat","embeddable":true,"href":"https:\/\/greentelemesure.com\/index.php\/wp-json\/wp\/v2\/product_cat?post=3656"},{"taxonomy":"product_tag","embeddable":true,"href":"https:\/\/greentelemesure.com\/index.php\/wp-json\/wp\/v2\/product_tag?post=3656"}],"curies":[{"name":"wp","href":"https:\/\/api.w.org\/{rel}","templated":true}]}}