{"id":3660,"date":"2022-02-02T09:52:00","date_gmt":"2022-02-02T08:52:00","guid":{"rendered":"http:\/\/41.249.251.2:8004\/?post_type=product&#038;p=3660"},"modified":"2023-04-07T13:14:16","modified_gmt":"2023-04-07T12:14:16","slug":"pluviometre-rg1-400cm-0-1mm","status":"publish","type":"product","link":"https:\/\/greentelemesure.com\/index.php\/produit\/pluviometre-rg1-400cm-0-1mm\/","title":{"rendered":"Pluviom\u00e8tre RG1, 400cm, 0.1mm"},"content":{"rendered":"<p>Cette version du RG1 p\u00e8se env.\u00a0750gr.\u00a0et convient \u00e0 la fois au montage sur m\u00e2t et au sol.\u00a0Avec son grand orifice de 400 cm\u00b2 et sa haute r\u00e9solution de 0,1 mm, il est parfaitement adapt\u00e9 aux zones \u00e0 intensit\u00e9 pluviom\u00e9trique faible \u00e0 mod\u00e9r\u00e9e.\u00a0La mesure est effectu\u00e9e par un syst\u00e8me de godet \u00e0 double basculement qui est calibr\u00e9 en usine pour rester dans une pr\u00e9cision de &lt;2\u00a0% en cas de chute de pluie jusqu&rsquo;\u00e0 30\u00a0mm par heure.\u00a0L&rsquo;angle raide des seaux permet \u00e0 l&rsquo;eau de s&rsquo;\u00e9couler rapidement et emp\u00eache ainsi l&rsquo;accumulation de r\u00e9sidus, comme du sable ou de la poussi\u00e8re dans les seaux. Un filtre en aluminium qui peut facilement \u00eatre retir\u00e9 pour le nettoyage emp\u00eache les feuilles et les excr\u00e9ments d&rsquo;oiseaux de boucher l&rsquo;entonnoir.\u00a0L&rsquo;entonnoir se fixe au corps avec un verrou de style ba\u00efonnette, ce qui emp\u00eache l&rsquo;entonnoir d&rsquo;\u00eatre secou\u00e9 par des vents violents. L&rsquo;ext\u00e9rieur des pluviom\u00e8tres est enti\u00e8rement fabriqu\u00e9 en aluminium.<\/p>\n","protected":false},"excerpt":{"rendered":"<p>L&rsquo;Adcon RG1 a \u00e9t\u00e9 con\u00e7u comme un pluviom\u00e8tre universel, qui r\u00e9pond aux besoins de la plupart des applications.\u00a0Cette jauge est construite pour durer, aussi bien dans l&rsquo;agriculture que dans les applications hydrographiques ou m\u00e9t\u00e9orologiques et dans les environnements difficiles.<\/p>\n","protected":false},"featured_media":4998,"comment_status":"closed","ping_status":"closed","template":"","meta":[],"product_cat":[64],"product_tag":[],"_links":{"self":[{"href":"https:\/\/greentelemesure.com\/index.php\/wp-json\/wp\/v3\/product\/3660"}],"collection":[{"href":"https:\/\/greentelemesure.com\/index.php\/wp-json\/wp\/v3\/product"}],"about":[{"href":"https:\/\/greentelemesure.com\/index.php\/wp-json\/wp\/v2\/types\/product"}],"replies":[{"embeddable":true,"href":"https:\/\/greentelemesure.com\/index.php\/wp-json\/wp\/v2\/comments?post=3660"}],"wp:featuredmedia":[{"embeddable":true,"href":"https:\/\/greentelemesure.com\/index.php\/wp-json\/wp\/v2\/media\/4998"}],"wp:attachment":[{"href":"https:\/\/greentelemesure.com\/index.php\/wp-json\/wp\/v2\/media?parent=3660"}],"wp:term":[{"taxonomy":"product_cat","embeddable":true,"href":"https:\/\/greentelemesure.com\/index.php\/wp-json\/wp\/v2\/product_cat?post=3660"},{"taxonomy":"product_tag","embeddable":true,"href":"https:\/\/greentelemesure.com\/index.php\/wp-json\/wp\/v2\/product_tag?post=3660"}],"curies":[{"name":"wp","href":"https:\/\/api.w.org\/{rel}","templated":true}]}}