{"id":3664,"date":"2022-02-02T10:11:05","date_gmt":"2022-02-02T09:11:05","guid":{"rendered":"http:\/\/41.249.251.2:8004\/?post_type=product&#038;p=3664"},"modified":"2023-04-07T13:14:38","modified_gmt":"2023-04-07T12:14:38","slug":"pluviometre-rg-pro","status":"publish","type":"product","link":"https:\/\/greentelemesure.com\/index.php\/produit\/pluviometre-rg-pro\/","title":{"rendered":"Pluviom\u00e8tre RG Pro"},"content":{"rendered":"<p class=\"bodytext\">Pour la construction de ce pluviom\u00e8tre seuls les meilleurs mat\u00e9riaux ont \u00e9t\u00e9 utilis\u00e9s : aluminium anodis\u00e9 pour le corps.\u00a0Fonte d&rsquo;aluminium solide pour la base.\u00a0Acier inoxydable usin\u00e9 avec pr\u00e9cision pour l&rsquo;auget basculant.<\/p>\n<p class=\"bodytext\">Fabriqu\u00e9 en Allemagne par un expert de premier ordre dans les capteurs de qualit\u00e9 m\u00e9t\u00e9o, ce pluviom\u00e8tre fait ce dont les professionnels ont besoin : mesurer la pluie tr\u00e8s pr\u00e9cis\u00e9ment avec une action \u00e0 double godet basculant bien \u00e9quilibr\u00e9e.\u00a0Ce produit ne n\u00e9cessite pratiquement aucun entretien ou calibrage, \u00e0 part un nettoyage occasionnel.\u00a0Un ressort en acier inoxydable mont\u00e9 sur la base de l&rsquo;entonnoir emp\u00eache les fientes d&rsquo;oiseaux de boucher l&rsquo;entr\u00e9e.\u00a0Deux grandes ouvertures dans la base assurent un \u00e9coulement fluide de l&rsquo;eau.\u00a0L&rsquo;orifice de 200cm\u00b2 est surmont\u00e9 d&rsquo;un anneau aux ar\u00eates vives pour dissuader les oiseaux de se poser dessus.<\/p>\n<p class=\"bodytext\">La pr\u00e9cision et la stabilit\u00e9 \u00e0 long terme ne n\u00e9cessitent pratiquement aucun \u00e9talonnage.\u00a0Bas\u00e9 sur une m\u00e9thode de mesure invent\u00e9e par Joss-Tognini, cette jauge offre une pr\u00e9cision et une stabilit\u00e9 \u00e0 long terme in\u00e9gal\u00e9es et ne n\u00e9cessite pratiquement aucun \u00e9talonnage.\u00a0Un interrupteur \u00e0 lames \u00e9tanche, capable d&rsquo;un fonctionnement ind\u00e9fini, et sa m\u00e9canique solide garantissent \u00e0 cet instrument une dur\u00e9e de vie extr\u00eamement longue avec peu d&rsquo;entretien et de r\u00e9glage.<\/p>\n<p class=\"bodytext\">Le pluviom\u00e8tre est destin\u00e9 \u00e0 \u00eatre mont\u00e9 sur un poteau s\u00e9par\u00e9, avec l&rsquo;orifice d&rsquo;env.\u00a01 m au-dessus de la surface du sol, afin de r\u00e9pondre aux exigences de l&rsquo;OMM.\u00a0Trois vis et un niveau \u00e0 bulle int\u00e9gr\u00e9 aident au bon positionnement\/nivellement de l&rsquo;appareil.\u00a0Pour un fonctionnement toute l&rsquo;ann\u00e9e, des versions chauff\u00e9es sont \u00e9galement disponibles.<\/p>\n","protected":false},"excerpt":{"rendered":"<p>Ce pluviom\u00e8tre professionnel est un superbe produit pour toutes sortes d&rsquo;applications : de l&rsquo;hydrologie \u00e0 la m\u00e9t\u00e9orologie, de l&rsquo;agriculture \u00e0 la surveillance industrielle &#8211; cet appareil est adapt\u00e9 \u00e0 presque tout.<\/p>\n","protected":false},"featured_media":5000,"comment_status":"closed","ping_status":"closed","template":"","meta":[],"product_cat":[64],"product_tag":[],"_links":{"self":[{"href":"https:\/\/greentelemesure.com\/index.php\/wp-json\/wp\/v3\/product\/3664"}],"collection":[{"href":"https:\/\/greentelemesure.com\/index.php\/wp-json\/wp\/v3\/product"}],"about":[{"href":"https:\/\/greentelemesure.com\/index.php\/wp-json\/wp\/v2\/types\/product"}],"replies":[{"embeddable":true,"href":"https:\/\/greentelemesure.com\/index.php\/wp-json\/wp\/v2\/comments?post=3664"}],"wp:featuredmedia":[{"embeddable":true,"href":"https:\/\/greentelemesure.com\/index.php\/wp-json\/wp\/v2\/media\/5000"}],"wp:attachment":[{"href":"https:\/\/greentelemesure.com\/index.php\/wp-json\/wp\/v2\/media?parent=3664"}],"wp:term":[{"taxonomy":"product_cat","embeddable":true,"href":"https:\/\/greentelemesure.com\/index.php\/wp-json\/wp\/v2\/product_cat?post=3664"},{"taxonomy":"product_tag","embeddable":true,"href":"https:\/\/greentelemesure.com\/index.php\/wp-json\/wp\/v2\/product_tag?post=3664"}],"curies":[{"name":"wp","href":"https:\/\/api.w.org\/{rel}","templated":true}]}}