{"id":3666,"date":"2022-02-02T10:17:46","date_gmt":"2022-02-02T09:17:46","guid":{"rendered":"http:\/\/41.249.251.2:8004\/?post_type=product&#038;p=3666"},"modified":"2023-04-07T13:14:47","modified_gmt":"2023-04-07T12:14:47","slug":"capteur-de-temperature-st2-pour-le-sol-leau-et-la-neige","status":"publish","type":"product","link":"https:\/\/greentelemesure.com\/index.php\/produit\/capteur-de-temperature-st2-pour-le-sol-leau-et-la-neige\/","title":{"rendered":"Capteur de temp\u00e9rature ST2 pour le sol, l&rsquo;eau et la neige"},"content":{"rendered":"<div class=\"tabs ui-tabs ui-corner-all ui-widget ui-widget-content\">\n<div id=\"tab-3170\" class=\"ui-tabs-panel ui-corner-bottom ui-widget-content\" role=\"tabpanel\" aria-labelledby=\"ui-id-1\" aria-hidden=\"false\">\n<div id=\"c8286\" class=\"csc-frame csc-frame-default\">\n<p class=\"bodytext\">Pour un fonctionnement toute l&rsquo;ann\u00e9e dans des environnements difficiles, ce capteur est enti\u00e8rement en acier inoxydable.\u00a0Son capteur de temp\u00e9rature pt100 est int\u00e9gr\u00e9 dans la pointe biseaut\u00e9e d&rsquo;un piquet de 35 cm de long, suffisamment robuste pour permettre une installation dans des milieux plus mous en collant simplement le capteur dans le sol (ne le faites pas dans des sols rocheux ou extr\u00eamement secs !).\u00a0Un disque d&rsquo;arr\u00eat vous permet de r\u00e9gler la profondeur souhait\u00e9e.\u00a0Si vous souhaitez mesurer pr\u00e8s de la surface, nous recommandons une installation horizontale pour augmenter la stabilit\u00e9 et r\u00e9duire le risque de dommages m\u00e9caniques.<\/p>\n<p class=\"bodytext\">Un amplificateur enti\u00e8rement scell\u00e9, int\u00e9gr\u00e9 dans la poign\u00e9e du capteur, convertit la sortie des \u00e9l\u00e9ments du capteur en un signal de tension lin\u00e9aire, compatible avec toutes les entr\u00e9es analogiques d&rsquo;un Adcon RTU ou de tout autre enregistreur ayant les m\u00eames caract\u00e9ristiques.\u00a0Pour le prot\u00e9ger des dommages m\u00e9caniques et des rongeurs, les 3 premiers m\u00e8tres du c\u00e2ble attach\u00e9 sont recouverts d&rsquo;une gaine en spirale en acier inoxydable extr\u00eamement robuste.\u00a0Un connecteur Binder \u00e0 7 broches facilite la connexion \u00e0 votre Adcon RTU.<\/p>\n<p class=\"bodytext\">VEUILLEZ NOTER\u00a0: contrairement aux versions pr\u00e9c\u00e9dentes, le ST2 dispose d&rsquo;une plage de temp\u00e9rature \u00e9tendue, allant d\u00e9sormais jusqu&rsquo;\u00e0 +60\u00a0\u00b0C au lieu de la limite pr\u00e9c\u00e9dente de +40\u00a0\u00b0C.\u00a0Veuillez s\u00e9lectionner le pilote appropri\u00e9 dans votre passerelle de t\u00e9l\u00e9m\u00e9trie A850, sinon la conversion du signal sera incorrecte et des temp\u00e9ratures trop \u00e9lev\u00e9es seront indiqu\u00e9es.<\/p>\n<\/div>\n<\/div>\n<\/div>\n","protected":false},"excerpt":{"rendered":"<p>Le ST2 est un capteur de temp\u00e9rature universel extr\u00eamement robuste pour tous les types de fluides.\u00a0Pr\u00e9sentant d\u00e9sormais une plage de temp\u00e9rature \u00e9tendue jusqu&rsquo;\u00e0 +60\u00b0C, il convient \u00e0 un large \u00e9ventail de sites d&rsquo;installation, des montagnes enneig\u00e9es aux sables du d\u00e9sert.\u00a0Il est compatible avec tous les Adcon RTU depuis l&rsquo;an 2000.<\/p>\n","protected":false},"featured_media":5001,"comment_status":"closed","ping_status":"closed","template":"","meta":[],"product_cat":[66],"product_tag":[],"_links":{"self":[{"href":"https:\/\/greentelemesure.com\/index.php\/wp-json\/wp\/v3\/product\/3666"}],"collection":[{"href":"https:\/\/greentelemesure.com\/index.php\/wp-json\/wp\/v3\/product"}],"about":[{"href":"https:\/\/greentelemesure.com\/index.php\/wp-json\/wp\/v2\/types\/product"}],"replies":[{"embeddable":true,"href":"https:\/\/greentelemesure.com\/index.php\/wp-json\/wp\/v2\/comments?post=3666"}],"wp:featuredmedia":[{"embeddable":true,"href":"https:\/\/greentelemesure.com\/index.php\/wp-json\/wp\/v2\/media\/5001"}],"wp:attachment":[{"href":"https:\/\/greentelemesure.com\/index.php\/wp-json\/wp\/v2\/media?parent=3666"}],"wp:term":[{"taxonomy":"product_cat","embeddable":true,"href":"https:\/\/greentelemesure.com\/index.php\/wp-json\/wp\/v2\/product_cat?post=3666"},{"taxonomy":"product_tag","embeddable":true,"href":"https:\/\/greentelemesure.com\/index.php\/wp-json\/wp\/v2\/product_tag?post=3666"}],"curies":[{"name":"wp","href":"https:\/\/api.w.org\/{rel}","templated":true}]}}