{"id":3668,"date":"2022-02-02T10:24:29","date_gmt":"2022-02-02T09:24:29","guid":{"rendered":"http:\/\/41.249.251.2:8004\/?post_type=product&#038;p=3668"},"modified":"2023-04-07T13:14:55","modified_gmt":"2023-04-07T12:14:55","slug":"vitesse-du-vent-pro10","status":"publish","type":"product","link":"https:\/\/greentelemesure.com\/index.php\/produit\/vitesse-du-vent-pro10\/","title":{"rendered":"Vitesse du vent Pro10"},"content":{"rendered":"<p class=\"bodytext\"><span>Ce capteur de vitesse du vent a un seuil de d\u00e9marrage tr\u00e8s bas de moins de 0,4 m\/s, gr\u00e2ce \u00e0 ses coupelles en aluminium aux dimensions g\u00e9n\u00e9reuses.\u00a0Les doubles roulements \u00e0 billes \u00e0 faible frottement garantissent une grande pr\u00e9cision et une longue dur\u00e9e de vie.\u00a0L&rsquo;unit\u00e9 rotative \u00e0 3 tasses peut \u00eatre remplac\u00e9e sur le terrain.\u00a0Le capteur mesurera des vitesses allant jusqu&rsquo;\u00e0 270 km\/h.\u00a0Il n\u00e9cessite tr\u00e8s peu d&rsquo;entretien et restera dans ses sp\u00e9cifications d&rsquo;origine pendant de nombreuses ann\u00e9es.<\/span><\/p>\n<p class=\"bodytext\"><span>Pour monter correctement le capteur conform\u00e9ment aux exigences de l&rsquo;OMM sur un poteau Adcon d&rsquo;un diam\u00e8tre de 40 mm, il est livr\u00e9 avec un bras de montage de 40 cm de long pour fournir une distance appropri\u00e9e au poteau.\u00a0Un c\u00e2ble Binder de 2 m pour le fixer \u00e0 n&rsquo;importe quel Adcon RTU est \u00e9galement inclus.<\/span><\/p>\n","protected":false},"excerpt":{"rendered":"<p><span>Ce capteur de vitesse du vent hautement professionnel est fabriqu\u00e9 pour Adcon par l&rsquo;un des fabricants de capteurs les plus r\u00e9put\u00e9s d&rsquo;Allemagne.\u00a0<\/span><span>Le bo\u00eetier est en aluminium extr\u00eamement robuste et r\u00e9sistant \u00e0 l&rsquo;eau de mer, pour r\u00e9sister aux conditions les plus difficiles.<\/span><\/p>\n","protected":false},"featured_media":5002,"comment_status":"closed","ping_status":"closed","template":"","meta":[],"product_cat":[64],"product_tag":[],"_links":{"self":[{"href":"https:\/\/greentelemesure.com\/index.php\/wp-json\/wp\/v3\/product\/3668"}],"collection":[{"href":"https:\/\/greentelemesure.com\/index.php\/wp-json\/wp\/v3\/product"}],"about":[{"href":"https:\/\/greentelemesure.com\/index.php\/wp-json\/wp\/v2\/types\/product"}],"replies":[{"embeddable":true,"href":"https:\/\/greentelemesure.com\/index.php\/wp-json\/wp\/v2\/comments?post=3668"}],"wp:featuredmedia":[{"embeddable":true,"href":"https:\/\/greentelemesure.com\/index.php\/wp-json\/wp\/v2\/media\/5002"}],"wp:attachment":[{"href":"https:\/\/greentelemesure.com\/index.php\/wp-json\/wp\/v2\/media?parent=3668"}],"wp:term":[{"taxonomy":"product_cat","embeddable":true,"href":"https:\/\/greentelemesure.com\/index.php\/wp-json\/wp\/v2\/product_cat?post=3668"},{"taxonomy":"product_tag","embeddable":true,"href":"https:\/\/greentelemesure.com\/index.php\/wp-json\/wp\/v2\/product_tag?post=3668"}],"curies":[{"name":"wp","href":"https:\/\/api.w.org\/{rel}","templated":true}]}}