{"id":3671,"date":"2022-02-02T10:37:43","date_gmt":"2022-02-02T09:37:43","guid":{"rendered":"http:\/\/41.249.251.2:8004\/?post_type=product&#038;p=3671"},"modified":"2023-04-07T13:15:12","modified_gmt":"2023-04-07T12:15:12","slug":"capteur-de-pression-barometrique-adcon-bp1","status":"publish","type":"product","link":"https:\/\/greentelemesure.com\/index.php\/produit\/capteur-de-pression-barometrique-adcon-bp1\/","title":{"rendered":"Capteur de pression barom\u00e9trique Adcon BP1"},"content":{"rendered":"<p>L&rsquo;\u00e9l\u00e9ment de capteur pi\u00e9zor\u00e9sitif est enti\u00e8rement compens\u00e9 en temp\u00e9rature et fonctionne avec une pr\u00e9cision sup\u00e9rieure \u00e0 0,1\u00a0% FS sur toute la plage.\u00a0Selon les exigences de l&rsquo;OMM, le capteur lui-m\u00eame est encapsul\u00e9 dans un bo\u00eetier en polycarbonate robuste, qui prot\u00e9gera l&rsquo;\u00e9l\u00e9ment du capteur des lectures erron\u00e9es caus\u00e9es par les rafales de vent.\u00a0Un \u00e9vent Goretex haute capacit\u00e9 garantit que la pression \u00e0 l&rsquo;int\u00e9rieur du bo\u00eetier est \u00e9gale \u00e0 la pression ext\u00e9rieure et que l&rsquo;entr\u00e9e d&rsquo;eau est emp\u00each\u00e9e.<\/p>\n<p>Le bo\u00eetier du capteur est mont\u00e9 sur le poteau d&rsquo;une station m\u00e9t\u00e9o au moyen d&rsquo;un support de montage et d&rsquo;une pince fournis avec le produit.\u00a0Un c\u00e2ble blind\u00e9 de 2 m avec une prise Binder \u00e0 7 broches connecte la sonde \u00e0 n&rsquo;importe quel RTU des familles de produits A723, A733 et A75x.<\/p>\n","protected":false},"excerpt":{"rendered":"<p>Capteur de pression barom\u00e9trique de haute pr\u00e9cision.\u00a0Les d\u00e9pendances \u00e0 la temp\u00e9rature et les non-lin\u00e9arit\u00e9s du capteur<br \/>\nsont compens\u00e9es math\u00e9matiquement jusqu&rsquo;\u00e0 80\u00b0C.\u00a0Le capteur a une tr\u00e8s faible consommation d&rsquo;\u00e9nergie et produit un signal de sortie analogique de 0,1 &#8230; 2,5VDC<\/p>\n","protected":false},"featured_media":5004,"comment_status":"closed","ping_status":"closed","template":"","meta":[],"product_cat":[64],"product_tag":[],"_links":{"self":[{"href":"https:\/\/greentelemesure.com\/index.php\/wp-json\/wp\/v3\/product\/3671"}],"collection":[{"href":"https:\/\/greentelemesure.com\/index.php\/wp-json\/wp\/v3\/product"}],"about":[{"href":"https:\/\/greentelemesure.com\/index.php\/wp-json\/wp\/v2\/types\/product"}],"replies":[{"embeddable":true,"href":"https:\/\/greentelemesure.com\/index.php\/wp-json\/wp\/v2\/comments?post=3671"}],"wp:featuredmedia":[{"embeddable":true,"href":"https:\/\/greentelemesure.com\/index.php\/wp-json\/wp\/v2\/media\/5004"}],"wp:attachment":[{"href":"https:\/\/greentelemesure.com\/index.php\/wp-json\/wp\/v2\/media?parent=3671"}],"wp:term":[{"taxonomy":"product_cat","embeddable":true,"href":"https:\/\/greentelemesure.com\/index.php\/wp-json\/wp\/v2\/product_cat?post=3671"},{"taxonomy":"product_tag","embeddable":true,"href":"https:\/\/greentelemesure.com\/index.php\/wp-json\/wp\/v2\/product_tag?post=3671"}],"curies":[{"name":"wp","href":"https:\/\/api.w.org\/{rel}","templated":true}]}}