{"id":3673,"date":"2022-02-02T10:39:45","date_gmt":"2022-02-02T09:39:45","guid":{"rendered":"http:\/\/41.249.251.2:8004\/?post_type=product&#038;p=3673"},"modified":"2023-04-07T13:15:20","modified_gmt":"2023-04-07T12:15:20","slug":"prise-binder-7-broches-avec-cable-de-2-m","status":"publish","type":"product","link":"https:\/\/greentelemesure.com\/index.php\/produit\/prise-binder-7-broches-avec-cable-de-2-m\/","title":{"rendered":"Capteur de temp\u00e9rature et d&rsquo;humidit\u00e9 TR1"},"content":{"rendered":"<p>Sur la pointe de ce tube, vous trouverez deux \u00e9l\u00e9ments de capteur tr\u00e8s pr\u00e9cis pour la temp\u00e9rature et l&rsquo;humidit\u00e9 relative, tandis que le centre du tube abrite un amplificateur de signal, convertissant la sortie des capteurs en deux signaux analogiques standard de 0 \u00e0 2,5 V CC.<\/p>\n<p>Ce capteur est pratiquement sans entretien et conserve sa pr\u00e9cision sur une longue p\u00e9riode de temps.\u00a0Un capuchon filet\u00e9 avec un blindage en treillis m\u00e9tallique prot\u00e8ge les \u00e9l\u00e9ments du capteur contre la poussi\u00e8re, les insectes et autres polluants.\u00a0Pour les applications n\u00e9cessitant une protection sp\u00e9ciale, par exemple contre les particules de poussi\u00e8re agressives telles que l&rsquo;ammoniac dans les poulaillers, nous proposons \u00e9galement en option des bouchons de filtre en acier fritt\u00e9, en PTFE fritt\u00e9 et \u00e0 membrane PTFE.<\/p>\n<p>Veuillez noter que nous avons s\u00e9lectionn\u00e9 le capuchon de filtre m\u00e9tallique pour sa combinaison de deux effets souhaitables\u00a0: une r\u00e9action rapide aux changements d&rsquo;humidit\u00e9 et de temp\u00e9rature tout en offrant une protection suffisante contre les petites particules.\u00a0Cela dit, veuillez noter qu&rsquo;une taille de pores plus petite offre une meilleure protection, mais ralentit \u00e9galement le capteur, car des pores plus petits r\u00e9duisent \u00e9galement l&rsquo;\u00e9change de mol\u00e9cules d&rsquo;humidit\u00e9.<\/p>\n<div class=\"tabs ui-tabs ui-corner-all ui-widget ui-widget-content\">\n<div id=\"tab-2375\" class=\"ui-tabs-panel ui-corner-bottom ui-widget-content\" role=\"tabpanel\" aria-labelledby=\"ui-id-2\" aria-hidden=\"false\">\n<div id=\"c5549\" class=\"csc-frame csc-frame-default\">\n<ul>\n<li>Stations m\u00e9t\u00e9orologiques m\u00e9t\u00e9orologiques et hydrographiques<\/li>\n<li>Suivi du b\u00e9tail<\/li>\n<li>Surveillance industrielle<\/li>\n<li>Surveillance du stockage et des silos<\/li>\n<\/ul>\n<\/div>\n<\/div>\n<\/div>\n","protected":false},"excerpt":{"rendered":"<p>Capteur de temp\u00e9rature et d&rsquo;humidit\u00e9 tr\u00e8s pr\u00e9cis et polyvalent log\u00e9 dans un petit bo\u00eetier cylindrique en Tecapet, il a prouv\u00e9 sa robustesse et sa r\u00e9sistance \u00e0 la corrosion sup\u00e9rieures par rapport aux bo\u00eetiers en aluminium plus co\u00fbteux.<\/p>\n","protected":false},"featured_media":5005,"comment_status":"closed","ping_status":"closed","template":"","meta":[],"product_cat":[64],"product_tag":[],"_links":{"self":[{"href":"https:\/\/greentelemesure.com\/index.php\/wp-json\/wp\/v3\/product\/3673"}],"collection":[{"href":"https:\/\/greentelemesure.com\/index.php\/wp-json\/wp\/v3\/product"}],"about":[{"href":"https:\/\/greentelemesure.com\/index.php\/wp-json\/wp\/v2\/types\/product"}],"replies":[{"embeddable":true,"href":"https:\/\/greentelemesure.com\/index.php\/wp-json\/wp\/v2\/comments?post=3673"}],"wp:featuredmedia":[{"embeddable":true,"href":"https:\/\/greentelemesure.com\/index.php\/wp-json\/wp\/v2\/media\/5005"}],"wp:attachment":[{"href":"https:\/\/greentelemesure.com\/index.php\/wp-json\/wp\/v2\/media?parent=3673"}],"wp:term":[{"taxonomy":"product_cat","embeddable":true,"href":"https:\/\/greentelemesure.com\/index.php\/wp-json\/wp\/v2\/product_cat?post=3673"},{"taxonomy":"product_tag","embeddable":true,"href":"https:\/\/greentelemesure.com\/index.php\/wp-json\/wp\/v2\/product_tag?post=3673"}],"curies":[{"name":"wp","href":"https:\/\/api.w.org\/{rel}","templated":true}]}}