{"id":3675,"date":"2022-02-02T10:51:21","date_gmt":"2022-02-02T09:51:21","guid":{"rendered":"http:\/\/41.249.251.2:8004\/?post_type=product&#038;p=3675"},"modified":"2023-04-07T13:15:28","modified_gmt":"2023-04-07T12:15:28","slug":"3675","status":"publish","type":"product","link":"https:\/\/greentelemesure.com\/index.php\/produit\/3675\/","title":{"rendered":"Capteur de manom\u00e8tre PA-2"},"content":{"rendered":"<div class=\"tabs ui-tabs ui-corner-all ui-widget ui-widget-content\">\n<div id=\"tab-3503\" class=\"ui-tabs-panel ui-corner-bottom ui-widget-content\" role=\"tabpanel\" aria-labelledby=\"ui-id-1\" aria-hidden=\"false\">\n<div id=\"c12007\" class=\"csc-frame csc-frame-default\">\n<p class=\"bodytext\">Le capteur est \u00e9quip\u00e9 d&rsquo;un filetage 1\/4&Prime; BSP.\u00a0Des adaptateurs pour d&rsquo;autres normes de tuyaux sont disponibles (par exemple NPT).\u00a0Un c\u00e2ble Binder M12 \u00e0 7 broches connecte le capteur \u00e0 un Adcon RTU.<\/p>\n<div class=\"tabs ui-tabs ui-corner-all ui-widget ui-widget-content\">\n<div id=\"tab-3504\" class=\"ui-tabs-panel ui-corner-bottom ui-widget-content\" role=\"tabpanel\" aria-labelledby=\"ui-id-2\" aria-hidden=\"false\">\n<div id=\"c12008\" class=\"csc-frame csc-frame-default\">\n<ul>\n<li>Pression de canalisation<\/li>\n<li>Syst\u00e8me d&rsquo;irrigation<\/li>\n<li>Niveau du r\u00e9servoir<\/li>\n<li>Contr\u00f4le de processus<\/li>\n<\/ul>\n<\/div>\n<\/div>\n<\/div>\n<\/div>\n<\/div>\n<\/div>\n","protected":false},"excerpt":{"rendered":"<p>Le capteur de pression PA-2 est le choix id\u00e9al pour surveiller la pression dans les r\u00e9seaux de distribution d&rsquo;eau et les conduites principales d&rsquo;irrigation.\u00a0Il int\u00e8gre les toutes derni\u00e8res techniques de traitement du signal, de compensation et d&rsquo;ajustement automatis\u00e9s, ce qui garantit une pr\u00e9cision in\u00e9gal\u00e9e sur une large plage de temp\u00e9rature.\u00a0Le PA-2 est un \u00e9metteur \u00e9conomique et abordable qui a une sp\u00e9cification meilleure que d&rsquo;autres produits \u00e0 prix similaire, et \u00e9gale \u00e0 de nombreux \u00e9metteurs beaucoup plus chers.<\/p>\n<p>Le PA-2 est disponible en deux plages de pression : 0-10 bar et 0-30 bar.<\/p>\n","protected":false},"featured_media":5006,"comment_status":"closed","ping_status":"closed","template":"","meta":[],"product_cat":[64],"product_tag":[],"_links":{"self":[{"href":"https:\/\/greentelemesure.com\/index.php\/wp-json\/wp\/v3\/product\/3675"}],"collection":[{"href":"https:\/\/greentelemesure.com\/index.php\/wp-json\/wp\/v3\/product"}],"about":[{"href":"https:\/\/greentelemesure.com\/index.php\/wp-json\/wp\/v2\/types\/product"}],"replies":[{"embeddable":true,"href":"https:\/\/greentelemesure.com\/index.php\/wp-json\/wp\/v2\/comments?post=3675"}],"wp:featuredmedia":[{"embeddable":true,"href":"https:\/\/greentelemesure.com\/index.php\/wp-json\/wp\/v2\/media\/5006"}],"wp:attachment":[{"href":"https:\/\/greentelemesure.com\/index.php\/wp-json\/wp\/v2\/media?parent=3675"}],"wp:term":[{"taxonomy":"product_cat","embeddable":true,"href":"https:\/\/greentelemesure.com\/index.php\/wp-json\/wp\/v2\/product_cat?post=3675"},{"taxonomy":"product_tag","embeddable":true,"href":"https:\/\/greentelemesure.com\/index.php\/wp-json\/wp\/v2\/product_tag?post=3675"}],"curies":[{"name":"wp","href":"https:\/\/api.w.org\/{rel}","templated":true}]}}