{"id":3678,"date":"2022-02-02T10:59:10","date_gmt":"2022-02-02T09:59:10","guid":{"rendered":"http:\/\/41.249.251.2:8004\/?post_type=product&#038;p=3678"},"modified":"2023-04-07T13:15:34","modified_gmt":"2023-04-07T12:15:34","slug":"ce-pyranometre-au-silicium-a-ete-specialement-concu-pour-lagro-meteorologie-notamment-pour-calculer-levapotranspiration-a-des-fins-dirrigation-de-precision-pour-surveiller-les-panneaux-solaire","status":"publish","type":"product","link":"https:\/\/greentelemesure.com\/index.php\/produit\/ce-pyranometre-au-silicium-a-ete-specialement-concu-pour-lagro-meteorologie-notamment-pour-calculer-levapotranspiration-a-des-fins-dirrigation-de-precision-pour-surveiller-les-panneaux-solaire\/","title":{"rendered":"Pyranom\u00e8tre SP-Lite"},"content":{"rendered":"<p>SP-Lite peut \u00eatre utilis\u00e9 dans toutes les conditions m\u00e9t\u00e9orologiques.\u00a0Il se compare favorablement aux pyranom\u00e8tres \u00e0 thermopile de premi\u00e8re classe conformes \u00e0 la norme ISO 9060 dans des conditions de lumi\u00e8re naturelle claire et d\u00e9gag\u00e9e.<\/p>\n<p>SP-Lite utilise un d\u00e9tecteur photodiode extr\u00eamement pr\u00e9cis et sensible, qui cr\u00e9e une tension de sortie proportionnelle au rayonnement entrant.\u00a0Cette diode est de loin sup\u00e9rieure aux diodes \u00e0 faible co\u00fbt utilis\u00e9es dans les pyranom\u00e8tres bon march\u00e9, qui commencent souvent \u00e0 d\u00e9river \u00e9norm\u00e9ment apr\u00e8s seulement un an sur le terrain.\u00a0SP-Lite a fait ses preuves en mati\u00e8re de maintien de sa pr\u00e9cision d&rsquo;origine pendant de nombreuses ann\u00e9es.<\/p>\n<p>Contrairement aux capteurs bon march\u00e9, le SP-Lite est \u00e9quip\u00e9 d&rsquo;une lentille en verre cristal durci en forme de d\u00f4me.\u00a0La forme en d\u00f4me de la lentille garantit que l&rsquo;eau et les produits agrochimiques peuvent s&rsquo;\u00e9couler facilement, plut\u00f4t que de s\u00e9cher \u00e0 la surface et de laisser derri\u00e8re eux une couche obstructive de poussi\u00e8re, de salet\u00e9 et de produits chimiques.\u00a0La lentille en cristal durci garantit que le sable et la poussi\u00e8re dans l&rsquo;air ne rayeront pas la surface et ne refl\u00e9teront pas la lumi\u00e8re du soleil dans l&rsquo;atmosph\u00e8re.<\/p>\n<p>Afin de fournir une compatibilit\u00e9 facile avec tous les RTU Adcon, le capteur est livr\u00e9 avec un amplificateur int\u00e9gr\u00e9, qui cr\u00e9e un signal de sortie lin\u00e9aire de 0 \u00e0 2,5 V.<\/p>\n<p>Le capteur est livr\u00e9 avec tout l&rsquo;\u00e9quipement de montage sur m\u00e2t, deux colliers de serrage et un c\u00e2ble blind\u00e9 de 2 m avec une prise Binder \u00e0 7 broches, compatible avec toutes les RTU des familles A723, A733 et A75x.<\/p>\n<div class=\"tabs ui-tabs ui-corner-all ui-widget ui-widget-content\">\n<div id=\"tab-2367\" class=\"ui-tabs-panel ui-corner-bottom ui-widget-content\" role=\"tabpanel\" aria-labelledby=\"ui-id-2\" aria-hidden=\"false\">\n<div id=\"c5542\" class=\"csc-frame csc-frame-default\">\n<ul>\n<li>Stations m\u00e9t\u00e9orologiques agricoles (calcul ETo)<\/li>\n<li>Surveillance du module photovolta\u00efque<\/li>\n<li>Un but \u00e9ducatif<\/li>\n<\/ul>\n<\/div>\n<\/div>\n<\/div>\n","protected":false},"excerpt":{"rendered":"<p>Ce pyranom\u00e8tre au silicium a \u00e9t\u00e9 sp\u00e9cialement con\u00e7u pour l&rsquo;agro-m\u00e9t\u00e9orologie, notamment pour calculer l&rsquo;\u00e9vapotranspiration \u00e0 des fins d&rsquo;irrigation de pr\u00e9cision, pour surveiller les panneaux solaires dans la production d&rsquo;\u00e9nergie, pour les calculs de dispersion de la pollution atmosph\u00e9rique et applications similaires<\/p>\n","protected":false},"featured_media":5007,"comment_status":"closed","ping_status":"closed","template":"","meta":[],"product_cat":[64],"product_tag":[],"_links":{"self":[{"href":"https:\/\/greentelemesure.com\/index.php\/wp-json\/wp\/v3\/product\/3678"}],"collection":[{"href":"https:\/\/greentelemesure.com\/index.php\/wp-json\/wp\/v3\/product"}],"about":[{"href":"https:\/\/greentelemesure.com\/index.php\/wp-json\/wp\/v2\/types\/product"}],"replies":[{"embeddable":true,"href":"https:\/\/greentelemesure.com\/index.php\/wp-json\/wp\/v2\/comments?post=3678"}],"wp:featuredmedia":[{"embeddable":true,"href":"https:\/\/greentelemesure.com\/index.php\/wp-json\/wp\/v2\/media\/5007"}],"wp:attachment":[{"href":"https:\/\/greentelemesure.com\/index.php\/wp-json\/wp\/v2\/media?parent=3678"}],"wp:term":[{"taxonomy":"product_cat","embeddable":true,"href":"https:\/\/greentelemesure.com\/index.php\/wp-json\/wp\/v2\/product_cat?post=3678"},{"taxonomy":"product_tag","embeddable":true,"href":"https:\/\/greentelemesure.com\/index.php\/wp-json\/wp\/v2\/product_tag?post=3678"}],"curies":[{"name":"wp","href":"https:\/\/api.w.org\/{rel}","templated":true}]}}