{"id":3680,"date":"2022-02-02T11:04:25","date_gmt":"2022-02-02T10:04:25","guid":{"rendered":"http:\/\/41.249.251.2:8004\/?post_type=product&#038;p=3680"},"modified":"2023-04-07T13:15:42","modified_gmt":"2023-04-07T12:15:42","slug":"pyranometre-cmp-3","status":"publish","type":"product","link":"https:\/\/greentelemesure.com\/index.php\/produit\/pyranometre-cmp-3\/","title":{"rendered":"Pyranom\u00e8tre CMP-3"},"content":{"rendered":"<div class=\"tabs ui-tabs ui-corner-all ui-widget ui-widget-content\">\n<div id=\"tab-2362\" class=\"ui-tabs-panel ui-corner-bottom ui-widget-content\" role=\"tabpanel\" aria-labelledby=\"ui-id-1\" aria-hidden=\"false\">\n<div id=\"c5537\" class=\"csc-frame csc-frame-default\">\n<p class=\"bodytext\">Le signal de sortie du capteur thermopile est converti par l&rsquo;amplificateur Adcon int\u00e9gr\u00e9 en un signal 0-2,5 V, compatible avec tous les Adcon RTU.<\/p>\n<p>Le capteur est livr\u00e9 avec tout l&rsquo;\u00e9quipement de montage sur m\u00e2t, deux colliers de serrage et un c\u00e2ble blind\u00e9 de 2 m avec une prise Binder \u00e0 7 broches, compatible avec toutes les RTU des familles A723 et A733.<\/p>\n<div class=\"tabs ui-tabs ui-corner-all ui-widget ui-widget-content\">\n<div id=\"tab-2363\" class=\"ui-tabs-panel ui-corner-bottom ui-widget-content\" role=\"tabpanel\" aria-labelledby=\"ui-id-2\" aria-hidden=\"false\">\n<div id=\"c5538\" class=\"csc-frame csc-frame-default\">\n<ul>\n<li><span>Stations m\u00e9t\u00e9o professionnelles<\/span><\/li>\n<li><span>Stations m\u00e9t\u00e9orologiques agricoles (Calcul de l&rsquo;\u00e9vapotransport &#8211; ETo)<\/span><\/li>\n<li><span>Surveillance du module photovolta\u00efque<\/span><\/li>\n<\/ul>\n<\/div>\n<\/div>\n<\/div>\n<\/div>\n<\/div>\n<\/div>\n","protected":false},"excerpt":{"rendered":"<p><span>Le CMP-3 est un pyranom\u00e8tre conforme \u00e0 la norme ISO-9060 Second Class.\u00a0<\/span><span>Il mesure l&rsquo;irradiance sur une surface plane \u00e0 partir de flux rayonnants dans la gamme de longueurs d&rsquo;onde de 310 \u00e0 2800 nm au moyen d&rsquo;un \u00e9l\u00e9ment thermopile.\u00a0<\/span><span>Cela rend le CMP-3 id\u00e9al pour les mesures m\u00e9t\u00e9orologiques de routine qui ne n\u00e9cessitent ni un instrument de premi\u00e8re classe ni un instrument d&rsquo;\u00e9talon secondaire.<\/span><\/p>\n","protected":false},"featured_media":5008,"comment_status":"closed","ping_status":"closed","template":"","meta":[],"product_cat":[64],"product_tag":[],"_links":{"self":[{"href":"https:\/\/greentelemesure.com\/index.php\/wp-json\/wp\/v3\/product\/3680"}],"collection":[{"href":"https:\/\/greentelemesure.com\/index.php\/wp-json\/wp\/v3\/product"}],"about":[{"href":"https:\/\/greentelemesure.com\/index.php\/wp-json\/wp\/v2\/types\/product"}],"replies":[{"embeddable":true,"href":"https:\/\/greentelemesure.com\/index.php\/wp-json\/wp\/v2\/comments?post=3680"}],"wp:featuredmedia":[{"embeddable":true,"href":"https:\/\/greentelemesure.com\/index.php\/wp-json\/wp\/v2\/media\/5008"}],"wp:attachment":[{"href":"https:\/\/greentelemesure.com\/index.php\/wp-json\/wp\/v2\/media?parent=3680"}],"wp:term":[{"taxonomy":"product_cat","embeddable":true,"href":"https:\/\/greentelemesure.com\/index.php\/wp-json\/wp\/v2\/product_cat?post=3680"},{"taxonomy":"product_tag","embeddable":true,"href":"https:\/\/greentelemesure.com\/index.php\/wp-json\/wp\/v2\/product_tag?post=3680"}],"curies":[{"name":"wp","href":"https:\/\/api.w.org\/{rel}","templated":true}]}}