{"id":3682,"date":"2022-02-02T11:23:18","date_gmt":"2022-02-02T10:23:18","guid":{"rendered":"http:\/\/41.249.251.2:8004\/?post_type=product&#038;p=3682"},"modified":"2023-04-07T13:15:56","modified_gmt":"2023-04-07T12:15:56","slug":"capteur-radar-de-precipitations-ws100-disdrometre-intelligent","status":"publish","type":"product","link":"https:\/\/greentelemesure.com\/index.php\/produit\/capteur-radar-de-precipitations-ws100-disdrometre-intelligent\/","title":{"rendered":"Capteur radar de pr\u00e9cipitations WS100 \/ Disdrom\u00e8tre intelligent"},"content":{"rendered":"<div class=\"description\">\n<p>Le Lufft WS100 est notre capteur de pluie avec technologie radar et chauffage r\u00e9glable.\u00a0\u00c0 l&rsquo;aide d&rsquo;un radar Doppler 24 GHz, il mesure la vitesse de toutes les formes d&rsquo;eau condens\u00e9e.\u00a0Ceux-ci comprennent la pluie, la pluie vergla\u00e7ante, la gr\u00eale, la neige et le gr\u00e9sil.<br \/>\nLe capteur \u00e0 faible \u00e9nergie d\u00e9tecte les pr\u00e9cipitations d\u00e8s la premi\u00e8re goutte.\u00a0Ses utilisations possibles sont presque illimit\u00e9es.\u00a0Qu&rsquo;il s&rsquo;agisse de l&rsquo;hydrologie et de la gestion de l&rsquo;eau, des sciences agricoles et environnementales, de l&rsquo;automatisation des b\u00e2timents, de la m\u00e9t\u00e9orologie ou du contr\u00f4le des a\u00e9roports et du trafic : le pluviom\u00e8tre mesure la pluie presque partout dans le monde.<\/p>\n<\/div>\n<ul class=\"key-features\">\n<li><label>Param\u00e8tres mesur\u00e9s\u00a0:<\/label>Quantit\u00e9 de pluie\/pr\u00e9cipitations, type de pluie\/pr\u00e9cipitations (pluie, neige, gr\u00e9sil, pluie vergla\u00e7ante, gr\u00eale)<\/li>\n<li><label>Technologie de mesure\u00a0:<\/label>Radar Doppler 24GHz<\/li>\n<li><label>Points forts du produit\u00a0:<\/label>Temps de r\u00e9ponse tr\u00e8s rapide, mesure sans maintenance, d\u00e9tection du temps pr\u00e9sent<\/li>\n<li><label>Interfaces\u00a0:<\/label>RS-485 semi-duplex deux fils, SDI-12, interface \u00e0 impulsions \/ protocole UMB, Modbus<\/li>\n<\/ul>\n<ul class=\"key-features\">\n<li><label>Num\u00e9ro de l&rsquo;article:<\/label>8367.U03, 8367.U04, 8367.U05<\/li>\n<li>\n<div class=\"csc-header csc-header-n1\">\n<h3 class=\"csc-firstHeader\">Avantages du produit du capteur de pr\u00e9cipitations radar Lufft WS100<\/h3>\n<\/div>\n<h4 class=\"bodytext\"><strong>Absolument sans entretien et \u00e0 faible consommation d&rsquo;\u00e9nergie Fonctionnement 24 heures sur 24<\/strong><\/h4>\n<ul>\n<li>Fonctionnement sans entretien gr\u00e2ce \u00e0 une technologie ing\u00e9nieuse sans aucune pi\u00e8ce mobile<\/li>\n<li>Capteur \u00e9conome en \u00e9nergie gr\u00e2ce au mode ECO am\u00e9lior\u00e9 (0,4 VA)<\/li>\n<li>La capacit\u00e9 de chauffage \u00e9tendue permet un fonctionnement en \u00e9t\u00e9 comme en hiver<\/li>\n<li>Puissance de chauffage am\u00e9lior\u00e9e avec une consommation \u00e9lectrique r\u00e9duite : Chauffage par capteur int\u00e9gr\u00e9 directement sur la paroi du d\u00f4me, consommation \u00e9lectrique avec un chauffage de 9 VA.<\/li>\n<li>Tr\u00e8s longue dur\u00e9e de vie et grande s\u00e9curit\u00e9 de fonctionnement gr\u00e2ce \u00e0 des composants de haute qualit\u00e9<\/li>\n<\/ul>\n<p class=\"bodytext\"><strong>Chaque seconde compte : mesure pr\u00e9cise des pr\u00e9cipitations d\u00e8s la premi\u00e8re goutte<\/strong><\/p>\n<ul>\n<li>Mesure extr\u00eamement rapide d\u00e8s la premi\u00e8re goutte de pluie<\/li>\n<li>D\u00e9tection des pr\u00e9cipitations et des pr\u00e9cipitations (pluie, pluie vergla\u00e7ante, gr\u00eale, neige et gr\u00e9sil)<\/li>\n<li>D\u00e9tection de la taille des gouttes (0,3 \u00e0 5 mm)<\/li>\n<li>Diff\u00e9renciation entre 11 classifications de tailles de gouttes<\/li>\n<li>Le capteur fournit l&rsquo;intensit\u00e9 de la pluie avec une r\u00e9solution plus \u00e9lev\u00e9e \u00e0 partir de 0,01 mm<\/li>\n<li>Pr\u00e9cision de mesure am\u00e9lior\u00e9e gr\u00e2ce au module radar brevet\u00e9 auto-d\u00e9velopp\u00e9<\/li>\n<\/ul>\n<p class=\"bodytext\"><strong>Capteur de pr\u00e9cision avec technologie radar con\u00e7u pour tous les besoins industriels<\/strong><\/p>\n<ul>\n<li>Capteur de pr\u00e9cipitations avec technologie radar : radar Doppler 24 GHz<\/li>\n<li>Con\u00e7u pour les op\u00e9rations m\u00e9t\u00e9orologiques critiques et l&rsquo;efficacit\u00e9 des op\u00e9rations\u00a0: trafic, rail, \u00e9nergies renouvelables, gestion des b\u00e2timents, qualit\u00e9 de l&rsquo;air<\/li>\n<li>Particuli\u00e8rement adapt\u00e9 aux endroits ou aux zones difficiles d&rsquo;acc\u00e8s car sans entretien<\/li>\n<li>Pas de maintenance ni d&rsquo;\u00e9talonnage, pas de co\u00fbts cach\u00e9s suppl\u00e9mentaires<\/li>\n<\/ul>\n<p class=\"bodytext\"><strong>Con\u00e7u pour tous les enregistreurs de donn\u00e9es et syst\u00e8mes d&rsquo;acquisition de donn\u00e9es courants<\/strong><\/p>\n<ul>\n<li>Interfaces multiples et simultan\u00e9es pour la sortie de donn\u00e9es et la communication<\/li>\n<li>SDI-12 et RS-485 Modbus pour une transmission de donn\u00e9es fiable<\/li>\n<\/ul>\n<\/li>\n<\/ul>\n","protected":false},"excerpt":{"rendered":"<p>Mesure absolument sans entretien et extr\u00eamement rapide du type et de l&rsquo;intensit\u00e9 des pr\u00e9cipitations (pluie, neige, gr\u00e9sil, pluie vergla\u00e7ante, gr\u00eale) gr\u00e2ce \u00e0 la technologie de mesure radar.\u00a0Le capteur de pluie radar intelligent et le d\u00e9tecteur de temps pr\u00e9sent<\/p>\n","protected":false},"featured_media":5009,"comment_status":"closed","ping_status":"closed","template":"","meta":[],"product_cat":[64],"product_tag":[],"_links":{"self":[{"href":"https:\/\/greentelemesure.com\/index.php\/wp-json\/wp\/v3\/product\/3682"}],"collection":[{"href":"https:\/\/greentelemesure.com\/index.php\/wp-json\/wp\/v3\/product"}],"about":[{"href":"https:\/\/greentelemesure.com\/index.php\/wp-json\/wp\/v2\/types\/product"}],"replies":[{"embeddable":true,"href":"https:\/\/greentelemesure.com\/index.php\/wp-json\/wp\/v2\/comments?post=3682"}],"wp:featuredmedia":[{"embeddable":true,"href":"https:\/\/greentelemesure.com\/index.php\/wp-json\/wp\/v2\/media\/5009"}],"wp:attachment":[{"href":"https:\/\/greentelemesure.com\/index.php\/wp-json\/wp\/v2\/media?parent=3682"}],"wp:term":[{"taxonomy":"product_cat","embeddable":true,"href":"https:\/\/greentelemesure.com\/index.php\/wp-json\/wp\/v2\/product_cat?post=3682"},{"taxonomy":"product_tag","embeddable":true,"href":"https:\/\/greentelemesure.com\/index.php\/wp-json\/wp\/v2\/product_tag?post=3682"}],"curies":[{"name":"wp","href":"https:\/\/api.w.org\/{rel}","templated":true}]}}