{"id":3689,"date":"2022-02-02T11:40:17","date_gmt":"2022-02-02T10:40:17","guid":{"rendered":"http:\/\/41.249.251.2:8004\/?post_type=product&#038;p=3689"},"modified":"2023-04-07T13:16:07","modified_gmt":"2023-04-07T12:16:07","slug":"pluviometre-wtb100","status":"publish","type":"product","link":"https:\/\/greentelemesure.com\/index.php\/produit\/pluviometre-wtb100\/","title":{"rendered":"Pluviom\u00e8tre WTB100"},"content":{"rendered":"<div class=\"description\">\n<p>Pluviom\u00e8tre \u00e0 auget basculant avec contact Reed sans rebond.\u00a0Un c\u00e2ble de 10 m\u00e8tres est inclus dans la livraison.<\/p>\n<\/div>\n<ul class=\"key-features\">\n<li><label>Param\u00e8tres mesur\u00e9s\u00a0:<\/label>Quantit\u00e9 de pluie\/pr\u00e9cipitations<\/li>\n<li><label>Technologie de mesure\u00a0:<\/label>Godet basculant avec contact Reed sans rebond (normalement ferm\u00e9)<\/li>\n<li><label>Points forts du produit\u00a0:<\/label>La r\u00e9solution peut \u00eatre commut\u00e9e de 0,2 \u00e0 0,5 avec bague de r\u00e9duction, connectable \u00e0 n&rsquo;importe quel capteur WS sans mesure de pr\u00e9cipitation<\/li>\n<li><label>Interfaces\u00a0:<\/label>Sortie d&rsquo;impulsion (contact reed)<\/li>\n<\/ul>\n<ul class=\"key-features\">\n<li><label>Num\u00e9ro de l&rsquo;article:<\/label>8353.10<\/li>\n<li>\n<div class=\"tabs ui-tabs ui-corner-all ui-widget ui-widget-content\">\n<div id=\"tab-3167\" class=\"ui-tabs-panel ui-corner-bottom ui-widget-content\" role=\"tabpanel\" aria-labelledby=\"ui-id-1\" aria-hidden=\"false\">\n<div id=\"c8261\" class=\"csc-frame csc-frame-default\">\n<ul>\n<li>Capteur de pluie \u00e0 godet basculant facile \u00e0 utiliser<\/li>\n<li>Connectable \u00e0 n&rsquo;importe quel capteur WS sans mesure de pluie int\u00e9gr\u00e9e<\/li>\n<li>La r\u00e9solution et l&rsquo;intensit\u00e9 peuvent \u00eatre commut\u00e9es par la bague de r\u00e9duction<\/li>\n<\/ul>\n<\/div>\n<\/div>\n<\/div>\n<\/li>\n<\/ul>\n","protected":false},"excerpt":{"rendered":"<div class=\"overview\">\n<p>Pluviom\u00e8tre \u00e0 godet basculant avec contact Reed sans rebond<\/p>\n<\/div>\n<div class=\"grids\">\n<div class=\"column grid-50 col-1\">\n<div id=\"ott-extensions-camera\" class=\"camera_wrap camera_own_skin\">\n<div class=\"camera_fakehover\">\n<div class=\"camera_target\">\n<div class=\"cameraCont\"><\/div>\n<\/div>\n<\/div>\n<\/div>\n<\/div>\n<\/div>\n","protected":false},"featured_media":5011,"comment_status":"closed","ping_status":"closed","template":"","meta":[],"product_cat":[64],"product_tag":[],"_links":{"self":[{"href":"https:\/\/greentelemesure.com\/index.php\/wp-json\/wp\/v3\/product\/3689"}],"collection":[{"href":"https:\/\/greentelemesure.com\/index.php\/wp-json\/wp\/v3\/product"}],"about":[{"href":"https:\/\/greentelemesure.com\/index.php\/wp-json\/wp\/v2\/types\/product"}],"replies":[{"embeddable":true,"href":"https:\/\/greentelemesure.com\/index.php\/wp-json\/wp\/v2\/comments?post=3689"}],"wp:featuredmedia":[{"embeddable":true,"href":"https:\/\/greentelemesure.com\/index.php\/wp-json\/wp\/v2\/media\/5011"}],"wp:attachment":[{"href":"https:\/\/greentelemesure.com\/index.php\/wp-json\/wp\/v2\/media?parent=3689"}],"wp:term":[{"taxonomy":"product_cat","embeddable":true,"href":"https:\/\/greentelemesure.com\/index.php\/wp-json\/wp\/v2\/product_cat?post=3689"},{"taxonomy":"product_tag","embeddable":true,"href":"https:\/\/greentelemesure.com\/index.php\/wp-json\/wp\/v2\/product_tag?post=3689"}],"curies":[{"name":"wp","href":"https:\/\/api.w.org\/{rel}","templated":true}]}}