{"id":3697,"date":"2022-02-02T12:19:55","date_gmt":"2022-02-02T11:19:55","guid":{"rendered":"http:\/\/41.249.251.2:8004\/?post_type=product&#038;p=3697"},"modified":"2023-04-07T13:16:23","modified_gmt":"2023-04-07T12:16:23","slug":"ott-wad-200-314-pluviometre-peseur","status":"publish","type":"product","link":"https:\/\/greentelemesure.com\/index.php\/produit\/ott-wad-200-314-pluviometre-peseur\/","title":{"rendered":"OTT WAD 200\/314 &#8211; Pluviom\u00e8tre peseur"},"content":{"rendered":"<div class=\"description\">\n<p>L&rsquo;OTT WAD 200\/314 combine les avantages d&rsquo;un syst\u00e8me de basculement et de pes\u00e9e et est sp\u00e9cialement con\u00e7u pour une utilisation dans les climats subtropicaux et tropicaux.\u00a0Le principe de mesure tr\u00e8s sensible du pluviom\u00e8tre r\u00e9pond aux exigences des directives de l&rsquo;OMM et fournit des valeurs de mesure pr\u00e9cises en temps r\u00e9el pour la quantit\u00e9 et l&rsquo;intensit\u00e9 des pr\u00e9cipitations liquides dans la plage de 0,001 \u00e0 720 mm\/h.<br \/>\nLe pluviom\u00e8tre a une faible consommation d&rsquo;\u00e9nergie et est un instrument de mesure pr\u00e9cis m\u00eame dans des conditions m\u00e9t\u00e9orologiques extr\u00eames.\u00a0Un calibrage annuel g\u00e9n\u00e9ralement prescrit peut \u00eatre effectu\u00e9 \u00e0 l&rsquo;aide d&rsquo;un poids de r\u00e9f\u00e9rence et est donc plus pr\u00e9cis que la proc\u00e9dure de calibrage habituelle utilisant le volume d&rsquo;eau.<\/p>\n<\/div>\n<ul class=\"key-features\">\n<li><label>Param\u00e8tres mesur\u00e9s\u00a0:<\/label>Intensit\u00e9 et quantit\u00e9 de pr\u00e9cipitations en temps r\u00e9el de 0,001 \u00e0 720 mm\/h<\/li>\n<li><label>Technologie de mesure\u00a0:<\/label>1<\/li>\n<li><label>Points forts du produit\u00a0:<\/label>Technologie de surveillance continue et coh\u00e9rente des pluies avec sortie de donn\u00e9es cumulatives conform\u00e9ment \u00e0 la ligne directrice n\u00b0 8 de l&rsquo;OMM<\/li>\n<li><label>Interfaces\u00a0:<\/label>SDI-12 \/ RS-485, impulsion, sortie analogique<\/li>\n<\/ul>\n<ul class=\"key-features\">\n<li><label>Num\u00e9ro de l&rsquo;article:<\/label>70.110.000.9.5<\/li>\n<\/ul>\n","protected":false},"excerpt":{"rendered":"<ul>\n<li>Petite taille &#8211; installation sur tube de 2&Prime;.<\/li>\n<li>Disponible avec une ouverture de collecte de 200 ou 314 cm\u00b2.<\/li>\n<li>Intensit\u00e9 et production totale de donn\u00e9es selon la directive OMM no.\u00a08 avec plage de mesure de 0,001 \u00e0 720 mm\/h.<\/li>\n<li>Compensation des erreurs de temp\u00e9rature et de vent par algorithme de filtre interne.<\/li>\n<li>Diverses interfaces de donn\u00e9es (SDI-12, RS-485, sortie d&rsquo;impulsion) pour une int\u00e9gration facile du syst\u00e8me.<\/li>\n<li>Configurable via le port USB.<\/li>\n<li>Conception solide pour un MTBF \u00e9lev\u00e9.<\/li>\n<li>Le syst\u00e8me de mesure \u00e0 vidange automatique permet une utilisation \u00e0 long terme sans surveillance.<\/li>\n<li>La faible consommation d&rsquo;\u00e9nergie permet un fonctionnement avec une alimentation solaire.<\/li>\n<\/ul>\n<p class=\"bodytext\">\n","protected":false},"featured_media":5013,"comment_status":"closed","ping_status":"closed","template":"","meta":[],"product_cat":[64],"product_tag":[],"_links":{"self":[{"href":"https:\/\/greentelemesure.com\/index.php\/wp-json\/wp\/v3\/product\/3697"}],"collection":[{"href":"https:\/\/greentelemesure.com\/index.php\/wp-json\/wp\/v3\/product"}],"about":[{"href":"https:\/\/greentelemesure.com\/index.php\/wp-json\/wp\/v2\/types\/product"}],"replies":[{"embeddable":true,"href":"https:\/\/greentelemesure.com\/index.php\/wp-json\/wp\/v2\/comments?post=3697"}],"wp:featuredmedia":[{"embeddable":true,"href":"https:\/\/greentelemesure.com\/index.php\/wp-json\/wp\/v2\/media\/5013"}],"wp:attachment":[{"href":"https:\/\/greentelemesure.com\/index.php\/wp-json\/wp\/v2\/media?parent=3697"}],"wp:term":[{"taxonomy":"product_cat","embeddable":true,"href":"https:\/\/greentelemesure.com\/index.php\/wp-json\/wp\/v2\/product_cat?post=3697"},{"taxonomy":"product_tag","embeddable":true,"href":"https:\/\/greentelemesure.com\/index.php\/wp-json\/wp\/v2\/product_tag?post=3697"}],"curies":[{"name":"wp","href":"https:\/\/api.w.org\/{rel}","templated":true}]}}