{"id":3707,"date":"2022-02-02T12:43:39","date_gmt":"2022-02-02T11:43:39","guid":{"rendered":"http:\/\/41.249.251.2:8004\/?post_type=product&#038;p=3707"},"modified":"2023-04-07T13:16:33","modified_gmt":"2023-04-07T12:16:33","slug":"ott-parsivel-capteur-meteo-laser","status":"publish","type":"product","link":"https:\/\/greentelemesure.com\/index.php\/produit\/ott-parsivel-capteur-meteo-laser\/","title":{"rendered":"Disdrom\u00e8tre laser"},"content":{"rendered":"<div class=\"description\">\n<p>L&rsquo;OTT Parsivel est un disdrom\u00e8tre laser moderne pour la mesure compl\u00e8te de tous les types de pr\u00e9cipitations. Le Parsivel capture \u00e0 la fois la taille et la vitesse des particules qui tombent, les classant dans l&rsquo;une des 32 classes de taille et de vitesse distinctes. Les donn\u00e9es brutes sont utilis\u00e9es pour calculer le type, la quantit\u00e9, l&rsquo;intensit\u00e9 et l&rsquo;\u00e9nergie cin\u00e9tique des pr\u00e9cipitations, la visibilit\u00e9 dans les pr\u00e9cipitations et la r\u00e9flectivit\u00e9 radar \u00e9quivalente.<\/p>\n<\/div>\n<ul class=\"key-features\">\n<li><label>Param\u00e8tres mesur\u00e9s\u00a0:<\/label>Type de pr\u00e9cipitation, intensit\u00e9, distribution de la taille des gouttes, r\u00e9flectivit\u00e9 radar<\/li>\n<li><label>Technologie de mesure\u00a0:<\/label>Laser (optique)<\/li>\n<li><label>Points forts du produit\u00a0:<\/label>Mesure simultan\u00e9e de 32 classes de tailles et de vitesses de particules<\/li>\n<li><label>Interfaces\u00a0:<\/label>SDI-12 \/ RS-485, impulsion<\/li>\n<\/ul>\n<ul class=\"key-features\">\n<li><label>Num\u00e9ro de l&rsquo;article:<\/label>70.210.001.3.0<\/li>\n<li>\n<div class=\"tabs ui-tabs ui-corner-all ui-widget ui-widget-content\">\n<div id=\"tab-3329\" class=\"ui-tabs-panel ui-corner-bottom ui-widget-content\" role=\"tabpanel\" aria-labelledby=\"ui-id-2\" aria-hidden=\"false\">\n<div id=\"c10450\" class=\"csc-frame csc-frame-default\">\n<ul>\n<li>Mesure des pr\u00e9cipitations\u00a0: mesure compl\u00e8te des pr\u00e9cipitations, y compris la taille, le volume et l&rsquo;intensit\u00e9 des particules.\u00a0La taille et le type de pr\u00e9cipitations sont chacun calcul\u00e9s dans l&rsquo;une des 32 classes, comme sp\u00e9cifi\u00e9 par l&rsquo;Organisation m\u00e9t\u00e9orologique mondiale (OMM)<\/li>\n<li>Surveillance des conditions routi\u00e8res\u00a0: la quantit\u00e9 et la composition des pr\u00e9cipitations sont combin\u00e9es avec des mesures de visibilit\u00e9 g\u00e9n\u00e9rales pour fournir une image pr\u00e9cise des conditions routi\u00e8res<\/li>\n<li>Alerte pr\u00e9coce d&rsquo;inondation : lorsqu&rsquo;il est combin\u00e9 avec des capteurs de niveau d&rsquo;eau, le Parsivel2 est le composant central d&rsquo;un syst\u00e8me d&rsquo;alerte pr\u00e9coce d&rsquo;inondation<\/li>\n<li>Mod\u00e9lisation de l&rsquo;\u00e9rosion\u00a0: l&rsquo;\u00e9nergie cin\u00e9tique des pr\u00e9cipitations calcul\u00e9e par le Parsivel2, associ\u00e9e \u00e0 d&rsquo;autres param\u00e8tres tels que l&rsquo;\u00e9tat du sol ou le relief, fournit une entr\u00e9e cl\u00e9 pour les mod\u00e8les d&rsquo;\u00e9rosion<\/li>\n<\/ul>\n<\/div>\n<\/div>\n<\/div>\n<\/li>\n<\/ul>\n","protected":false},"excerpt":{"rendered":"<ul>\n<li>Pr\u00e9cis &#8211; la taille et la vitesse exactes de chaque particule de pr\u00e9cipitation qui passe dans la zone de mesure sont enregistr\u00e9es et \u00e0 partir de ces mesures, tous les param\u00e8tres m\u00e9t\u00e9orologiques pertinents sont d\u00e9riv\u00e9s<\/li>\n<li>Sans entretien &#8211; pas de pi\u00e8ces mobiles ni de seau de collecte, contrairement aux pluviom\u00e8tres \u00e0 auget basculant<\/li>\n<li>Durable \u2013 donn\u00e9es de pr\u00e9cipitation continues et pr\u00e9cises dans toutes les conditions environnementales avec protection int\u00e9gr\u00e9e contre les surtensions<\/li>\n<li>Efficacit\u00e9 \u00e9nerg\u00e9tique &#8211; \u00e9lectronique \u00e9conomique et chauffage de t\u00eate galvaniquement s\u00e9par\u00e9 et contr\u00f4lable, fournissant une alimentation \u00e9lectrique con\u00e7ue de mani\u00e8re flexible avec une consommation d&rsquo;\u00e9nergie minimale<\/li>\n<li>Facile \u00e0 utiliser &#8211; configuration de port USB int\u00e9gr\u00e9e et surveillance en ligne pour un examen simple des donn\u00e9es PC avec le logiciel utilisateur OTT ASDO<\/li>\n<\/ul>\n","protected":false},"featured_media":5015,"comment_status":"closed","ping_status":"closed","template":"","meta":[],"product_cat":[65],"product_tag":[],"_links":{"self":[{"href":"https:\/\/greentelemesure.com\/index.php\/wp-json\/wp\/v3\/product\/3707"}],"collection":[{"href":"https:\/\/greentelemesure.com\/index.php\/wp-json\/wp\/v3\/product"}],"about":[{"href":"https:\/\/greentelemesure.com\/index.php\/wp-json\/wp\/v2\/types\/product"}],"replies":[{"embeddable":true,"href":"https:\/\/greentelemesure.com\/index.php\/wp-json\/wp\/v2\/comments?post=3707"}],"wp:featuredmedia":[{"embeddable":true,"href":"https:\/\/greentelemesure.com\/index.php\/wp-json\/wp\/v2\/media\/5015"}],"wp:attachment":[{"href":"https:\/\/greentelemesure.com\/index.php\/wp-json\/wp\/v2\/media?parent=3707"}],"wp:term":[{"taxonomy":"product_cat","embeddable":true,"href":"https:\/\/greentelemesure.com\/index.php\/wp-json\/wp\/v2\/product_cat?post=3707"},{"taxonomy":"product_tag","embeddable":true,"href":"https:\/\/greentelemesure.com\/index.php\/wp-json\/wp\/v2\/product_tag?post=3707"}],"curies":[{"name":"wp","href":"https:\/\/api.w.org\/{rel}","templated":true}]}}