{"id":3715,"date":"2022-02-03T09:29:03","date_gmt":"2022-02-03T08:29:03","guid":{"rendered":"http:\/\/41.249.251.2:8004\/?post_type=product&#038;p=3715"},"modified":"2023-04-07T13:16:40","modified_gmt":"2023-04-07T12:16:40","slug":"compteur-deau","status":"publish","type":"product","link":"https:\/\/greentelemesure.com\/index.php\/produit\/compteur-deau\/","title":{"rendered":"Compteur d&rsquo;eau"},"content":{"rendered":"<p>Multi-jets, cadran sec, transmission magn\u00e9tique avec couvercle rotatif \u00e0 360\u00b0.\u00a0Versions pour eau froide (50\u00b0C) et eau chaude (90\u00b0C).\u00a0Pr\u00e9-\u00e9quipement inductif pour l&rsquo;installation de modules de communication de donn\u00e9es filaires et sans fil \u00e0 sortie d&rsquo;impulsion amagn\u00e9tique.<\/p>\n","protected":false},"excerpt":{"rendered":"<p>Fournit la quantit\u00e9 d&rsquo;eau efficace fournie \u00e0 la culture et permet ainsi la surveillance de l&rsquo;irrigation.<\/p>\n","protected":false},"featured_media":5016,"comment_status":"closed","ping_status":"closed","template":"","meta":[],"product_cat":[67],"product_tag":[],"_links":{"self":[{"href":"https:\/\/greentelemesure.com\/index.php\/wp-json\/wp\/v3\/product\/3715"}],"collection":[{"href":"https:\/\/greentelemesure.com\/index.php\/wp-json\/wp\/v3\/product"}],"about":[{"href":"https:\/\/greentelemesure.com\/index.php\/wp-json\/wp\/v2\/types\/product"}],"replies":[{"embeddable":true,"href":"https:\/\/greentelemesure.com\/index.php\/wp-json\/wp\/v2\/comments?post=3715"}],"wp:featuredmedia":[{"embeddable":true,"href":"https:\/\/greentelemesure.com\/index.php\/wp-json\/wp\/v2\/media\/5016"}],"wp:attachment":[{"href":"https:\/\/greentelemesure.com\/index.php\/wp-json\/wp\/v2\/media?parent=3715"}],"wp:term":[{"taxonomy":"product_cat","embeddable":true,"href":"https:\/\/greentelemesure.com\/index.php\/wp-json\/wp\/v2\/product_cat?post=3715"},{"taxonomy":"product_tag","embeddable":true,"href":"https:\/\/greentelemesure.com\/index.php\/wp-json\/wp\/v2\/product_tag?post=3715"}],"curies":[{"name":"wp","href":"https:\/\/api.w.org\/{rel}","templated":true}]}}