{"id":3717,"date":"2022-02-03T09:40:28","date_gmt":"2022-02-03T08:40:28","guid":{"rendered":"http:\/\/41.249.251.2:8004\/?post_type=product&#038;p=3717"},"modified":"2023-04-07T13:16:49","modified_gmt":"2023-04-07T12:16:49","slug":"sonde-towasoil","status":"publish","type":"product","link":"https:\/\/greentelemesure.com\/index.php\/produit\/sonde-towasoil\/","title":{"rendered":"Sonde capacitive souterraine"},"content":{"rendered":"<p>C&rsquo;est une sonde capacitive souterraine (60cm ou 80 cm \/32 mm (1.25 \u201d)).\u00a0Il mesure l&rsquo;humidit\u00e9 du sol \u00e0 6 profondeurs selon la culture : 10 cm, 20 cm, 30 cm, 40 cm, 50 cm, 60 cm et\/ou 80 cm (60 cm recommand\u00e9s pour les l\u00e9gumes et 80 cm pour les arbres).<\/p>\n<p>Les donn\u00e9es mesur\u00e9es sont envoy\u00e9es \u00e0 un enregistreur de donn\u00e9es utilis\u00e9 par l&rsquo;utilisateur final.<\/p>\n","protected":false},"excerpt":{"rendered":"<div class=\"woocommerce-product-details__short-description\">\n<p>Towasoil est une sonde de suivi de l&rsquo;\u00e9tat hydrique du sol, en temps r\u00e9el, et \u00e0 diverses profondeurs ce qui permet une meilleure gestion de l&rsquo;irrigation.<\/p>\n<\/div>\n<p class=\"price\">\n","protected":false},"featured_media":5017,"comment_status":"closed","ping_status":"closed","template":"","meta":[],"product_cat":[66],"product_tag":[],"_links":{"self":[{"href":"https:\/\/greentelemesure.com\/index.php\/wp-json\/wp\/v3\/product\/3717"}],"collection":[{"href":"https:\/\/greentelemesure.com\/index.php\/wp-json\/wp\/v3\/product"}],"about":[{"href":"https:\/\/greentelemesure.com\/index.php\/wp-json\/wp\/v2\/types\/product"}],"replies":[{"embeddable":true,"href":"https:\/\/greentelemesure.com\/index.php\/wp-json\/wp\/v2\/comments?post=3717"}],"wp:featuredmedia":[{"embeddable":true,"href":"https:\/\/greentelemesure.com\/index.php\/wp-json\/wp\/v2\/media\/5017"}],"wp:attachment":[{"href":"https:\/\/greentelemesure.com\/index.php\/wp-json\/wp\/v2\/media?parent=3717"}],"wp:term":[{"taxonomy":"product_cat","embeddable":true,"href":"https:\/\/greentelemesure.com\/index.php\/wp-json\/wp\/v2\/product_cat?post=3717"},{"taxonomy":"product_tag","embeddable":true,"href":"https:\/\/greentelemesure.com\/index.php\/wp-json\/wp\/v2\/product_tag?post=3717"}],"curies":[{"name":"wp","href":"https:\/\/api.w.org\/{rel}","templated":true}]}}