{"id":3721,"date":"2022-02-03T09:52:18","date_gmt":"2022-02-03T08:52:18","guid":{"rendered":"http:\/\/41.249.251.2:8004\/?post_type=product&#038;p=3721"},"modified":"2023-12-21T12:40:18","modified_gmt":"2023-12-21T11:40:18","slug":"ec-ph-metre-combine-ec5-02-11-01-28-1","status":"publish","type":"product","link":"https:\/\/greentelemesure.com\/index.php\/produit\/ec-ph-metre-combine-ec5-02-11-01-28-1\/","title":{"rendered":"EC\/pH-m\u00e8tre combin\u00e9 EC5"},"content":{"rendered":"<h5><span class=\"VIiyi\" lang=\"en\"><span class=\"JLqJ4b ChMk0b\" data-language-for-alternatives=\"en\" data-language-to-translate-into=\"fr\" data-phrase-index=\"0\"><strong>Applications:<\/strong><br \/>\n<\/span><\/span><\/h5>\n<ul>\n<li><span class=\"VIiyi\" lang=\"en\"><span class=\"JLqJ4b ChMk0b\" data-language-for-alternatives=\"en\" data-language-to-translate-into=\"fr\" data-phrase-index=\"2\">Agriculture<\/span>\u00a0,\u00a0<\/span><span class=\"VIiyi\" lang=\"en\"><span class=\"JLqJ4b ChMk0b\" data-language-for-alternatives=\"en\" data-language-to-translate-into=\"fr\" data-phrase-index=\"4\">Agroalimentaire<\/span><\/span><\/li>\n<li><span class=\"VIiyi\" lang=\"en\"><span class=\"JLqJ4b ChMk0b\" data-language-for-alternatives=\"en\" data-language-to-translate-into=\"fr\" data-phrase-index=\"6\">Environnement<\/span><\/span><\/li>\n<li><span class=\"VIiyi\" lang=\"en\"><span class=\"JLqJ4b ChMk0b\" data-language-for-alternatives=\"en\" data-language-to-translate-into=\"fr\" data-phrase-index=\"8\">Aquaculture, Aquarium<\/span><\/span><\/li>\n<li><span class=\"VIiyi\" lang=\"en\"><span class=\"JLqJ4b ChMk0b\" data-language-for-alternatives=\"en\" data-language-to-translate-into=\"fr\" data-phrase-index=\"10\">Laboratoire<\/span><\/span><\/li>\n<\/ul>\n<h5><strong><span class=\"VIiyi\" lang=\"en\"><span class=\"JLqJ4b ChMk0b\" data-language-for-alternatives=\"en\" data-language-to-translate-into=\"fr\" data-phrase-index=\"12\">Avantages:<\/span><\/span><\/strong><\/h5>\n<ul>\n<li><span class=\"VIiyi\" lang=\"en\"><span class=\"JLqJ4b ChMk0b\" data-language-for-alternatives=\"en\" data-language-to-translate-into=\"fr\" data-phrase-index=\"14\">R\u00e9sultat pr\u00e9cis et rapide<\/span><\/span><\/li>\n<li><span class=\"VIiyi\" lang=\"en\"><span class=\"JLqJ4b ChMk0b\" data-language-for-alternatives=\"en\" data-language-to-translate-into=\"fr\" data-phrase-index=\"16\">Affichage lumineux et grand \u00e9cran d&rsquo;affichage clair, facile \u00e0 lire la valeur affich\u00e9e<\/span><\/span><\/li>\n<li><span class=\"VIiyi\" lang=\"en\"><span class=\"JLqJ4b ChMk0b\" data-language-for-alternatives=\"en\" data-language-to-translate-into=\"fr\" data-phrase-index=\"18\">Calibrage automatique simple<\/span><\/span><\/li>\n<li><span class=\"VIiyi\" lang=\"en\"><span class=\"JLqJ4b ChMk0b\" data-language-for-alternatives=\"en\" data-language-to-translate-into=\"fr\" data-phrase-index=\"20\">R\u00e9sultat num\u00e9rique, donc non sujet aux interpr\u00e9tations de lecture<\/span><\/span><\/li>\n<\/ul>\n","protected":false},"excerpt":{"rendered":"<p><span class=\"JLqJ4b ChMk0b\" data-language-for-alternatives=\"en\" data-language-to-translate-into=\"fr\" data-phrase-index=\"22\">Appareil multifonctionnel de qualit\u00e9 de l&rsquo;eau qui peut mesurer cinq param\u00e8tres \u00e0 la fois : EC, pH, TDS, salinit\u00e9 et temp\u00e9rature. <\/span><span class=\"JLqJ4b ChMk0b\" data-language-for-alternatives=\"en\" data-language-to-translate-into=\"fr\" data-phrase-index=\"23\">Avec des performances \u00e9lev\u00e9es, une conception de stylet, une stabilit\u00e9 num\u00e9rique rapide et des r\u00e9sultats de calcul pr\u00e9cis.<\/span><\/p>\n","protected":false},"featured_media":9285,"comment_status":"closed","ping_status":"closed","template":"","meta":[],"product_cat":[59],"product_tag":[],"_links":{"self":[{"href":"https:\/\/greentelemesure.com\/index.php\/wp-json\/wp\/v3\/product\/3721"}],"collection":[{"href":"https:\/\/greentelemesure.com\/index.php\/wp-json\/wp\/v3\/product"}],"about":[{"href":"https:\/\/greentelemesure.com\/index.php\/wp-json\/wp\/v2\/types\/product"}],"replies":[{"embeddable":true,"href":"https:\/\/greentelemesure.com\/index.php\/wp-json\/wp\/v2\/comments?post=3721"}],"wp:featuredmedia":[{"embeddable":true,"href":"https:\/\/greentelemesure.com\/index.php\/wp-json\/wp\/v2\/media\/9285"}],"wp:attachment":[{"href":"https:\/\/greentelemesure.com\/index.php\/wp-json\/wp\/v2\/media?parent=3721"}],"wp:term":[{"taxonomy":"product_cat","embeddable":true,"href":"https:\/\/greentelemesure.com\/index.php\/wp-json\/wp\/v2\/product_cat?post=3721"},{"taxonomy":"product_tag","embeddable":true,"href":"https:\/\/greentelemesure.com\/index.php\/wp-json\/wp\/v2\/product_tag?post=3721"}],"curies":[{"name":"wp","href":"https:\/\/api.w.org\/{rel}","templated":true}]}}