{"id":3731,"date":"2022-02-04T09:17:26","date_gmt":"2022-02-04T08:17:26","guid":{"rendered":"http:\/\/41.249.251.2:8004\/?post_type=product&#038;p=3731"},"modified":"2023-04-07T13:17:25","modified_gmt":"2023-04-07T12:17:25","slug":"3731","status":"publish","type":"product","link":"https:\/\/greentelemesure.com\/index.php\/produit\/3731\/","title":{"rendered":"MC-100 Chlorophylle"},"content":{"rendered":"<p>le MC-100 brevet\u00e9\u00a0 mesure et affiche directement la concentration de chlorophylle \u00e0 partir d&rsquo;\u00e9chantillons de feuilles intactes sans endommager le mat\u00e9riel v\u00e9g\u00e9tal .le compteur est calibr\u00e9 pour mesurer la concentration de chlorophylle par m\u00b2.a des fins de r\u00e9f\u00e9rence et de comparaison ,le compteur \u00e9met \u00e9galement des unit\u00e9s relatives (CCI ou\u00a0 SPAD) l&rsquo;application typique comprend la d\u00e9termination de la concentration de chlorophylle dans les feuilles pour l&rsquo;\u00e9valuation du stresse\u00a0 et optimisation de la r\u00e9colte .<\/p>\n","protected":false},"excerpt":{"rendered":"<p>le MC-100 brevet\u00e9\u00a0 mesure et affiche directement la concentration de chlorophylle \u00e0 partir d&rsquo;\u00e9chantillons de feuilles intactes sans endommager le mat\u00e9riel v\u00e9g\u00e9tal.<\/p>\n","protected":false},"featured_media":5022,"comment_status":"closed","ping_status":"closed","template":"","meta":[],"product_cat":[62],"product_tag":[],"_links":{"self":[{"href":"https:\/\/greentelemesure.com\/index.php\/wp-json\/wp\/v3\/product\/3731"}],"collection":[{"href":"https:\/\/greentelemesure.com\/index.php\/wp-json\/wp\/v3\/product"}],"about":[{"href":"https:\/\/greentelemesure.com\/index.php\/wp-json\/wp\/v2\/types\/product"}],"replies":[{"embeddable":true,"href":"https:\/\/greentelemesure.com\/index.php\/wp-json\/wp\/v2\/comments?post=3731"}],"wp:featuredmedia":[{"embeddable":true,"href":"https:\/\/greentelemesure.com\/index.php\/wp-json\/wp\/v2\/media\/5022"}],"wp:attachment":[{"href":"https:\/\/greentelemesure.com\/index.php\/wp-json\/wp\/v2\/media?parent=3731"}],"wp:term":[{"taxonomy":"product_cat","embeddable":true,"href":"https:\/\/greentelemesure.com\/index.php\/wp-json\/wp\/v2\/product_cat?post=3731"},{"taxonomy":"product_tag","embeddable":true,"href":"https:\/\/greentelemesure.com\/index.php\/wp-json\/wp\/v2\/product_tag?post=3731"}],"curies":[{"name":"wp","href":"https:\/\/api.w.org\/{rel}","templated":true}]}}