{"id":3755,"date":"2022-02-03T16:30:13","date_gmt":"2022-02-03T15:30:13","guid":{"rendered":"http:\/\/41.249.251.2:8004\/?post_type=product&#038;p=3755"},"modified":"2023-04-07T13:17:32","modified_gmt":"2023-04-07T12:17:32","slug":"tariere-de-sol02-12-01-45","status":"publish","type":"product","link":"https:\/\/greentelemesure.com\/index.php\/produit\/tariere-de-sol02-12-01-45\/","title":{"rendered":"Tari\u00e8re du sol 02.12.01.45"},"content":{"rendered":"<p>Tari\u00e8re en acier forg\u00e9 tremp\u00e9 tr\u00e8s r\u00e9sistant. Elle a deux poign\u00e9es rev\u00eatues de plastique.<\/p>\n","protected":false},"excerpt":{"rendered":"<div class=\"woocommerce-product-details__short-description\">\n<p>Tari\u00e8re con\u00e7ue sp\u00e9cialement pour \u00eatre utilis\u00e9e lors de l\u2019installation de nos syst\u00e8mes de gestion de l\u2019irrigation.<\/p>\n<\/div>\n<p class=\"price\">\n","protected":false},"featured_media":5025,"comment_status":"closed","ping_status":"closed","template":"","meta":[],"product_cat":[61],"product_tag":[],"_links":{"self":[{"href":"https:\/\/greentelemesure.com\/index.php\/wp-json\/wp\/v3\/product\/3755"}],"collection":[{"href":"https:\/\/greentelemesure.com\/index.php\/wp-json\/wp\/v3\/product"}],"about":[{"href":"https:\/\/greentelemesure.com\/index.php\/wp-json\/wp\/v2\/types\/product"}],"replies":[{"embeddable":true,"href":"https:\/\/greentelemesure.com\/index.php\/wp-json\/wp\/v2\/comments?post=3755"}],"wp:featuredmedia":[{"embeddable":true,"href":"https:\/\/greentelemesure.com\/index.php\/wp-json\/wp\/v2\/media\/5025"}],"wp:attachment":[{"href":"https:\/\/greentelemesure.com\/index.php\/wp-json\/wp\/v2\/media?parent=3755"}],"wp:term":[{"taxonomy":"product_cat","embeddable":true,"href":"https:\/\/greentelemesure.com\/index.php\/wp-json\/wp\/v2\/product_cat?post=3755"},{"taxonomy":"product_tag","embeddable":true,"href":"https:\/\/greentelemesure.com\/index.php\/wp-json\/wp\/v2\/product_tag?post=3755"}],"curies":[{"name":"wp","href":"https:\/\/api.w.org\/{rel}","templated":true}]}}