{"id":3766,"date":"2022-02-04T09:50:47","date_gmt":"2022-02-04T08:50:47","guid":{"rendered":"http:\/\/41.249.251.2:8004\/?post_type=product&#038;p=3766"},"modified":"2023-04-07T13:17:39","modified_gmt":"2023-04-07T12:17:39","slug":"thermo-hygrometre-analogique-avec-bague-metallique","status":"publish","type":"product","link":"https:\/\/greentelemesure.com\/index.php\/produit\/thermo-hygrometre-analogique-avec-bague-metallique\/","title":{"rendered":"Thermo-hygrom\u00e8tre analogique avec bague m\u00e9tallique"},"content":{"rendered":"<p>Le thermo-hygrom\u00e8tre avec lunette en laiton chrom\u00e9 est un instrument id\u00e9al pour surveiller le climat ambiant.\u00a0Vous pouvez facilement surveiller la temp\u00e9rature et l&rsquo;humidit\u00e9 et les r\u00e9guler avec un chauffage et une ventilation cibl\u00e9s lorsque les valeurs sont en dehors du niveau de confort cod\u00e9 par couleur.\u00a0Vous cr\u00e9ez ainsi un cadre de vie agr\u00e9able et sain et \u00e9conomisez m\u00eame sur les frais de chauffage.<br \/>\nAccrochez-le simplement \u00e0 un mur ou placez-le sur une surface plane \u00e0 l&rsquo;aide du support.<br \/>\nL&rsquo;instrument est enti\u00e8rement fabriqu\u00e9 en Allemagne.<\/p>\n","protected":false},"excerpt":{"rendered":"<ul class=\"list-features\">\n<li>Surveiller la temp\u00e9rature et l&rsquo;humidit\u00e9 pour un climat int\u00e9rieur sain<\/li>\n<li>Hygrom\u00e8tre de pr\u00e9cision en poils synth\u00e9tiques<\/li>\n<li>Avec des niveaux de confort<\/li>\n<li>Bo\u00eetier avec lunette en laiton chrom\u00e9<\/li>\n<li>Support int\u00e9gr\u00e9<\/li>\n<li>Aucune pile requise<\/li>\n<li>Mod\u00e8le TFA d\u00e9pos\u00e9<\/li>\n<li>Fabriqu\u00e9 en Allemagne<\/li>\n<\/ul>\n<div class=\"row\">\n<div class=\"col-sm-12\"><\/div>\n<\/div>\n","protected":false},"featured_media":5026,"comment_status":"closed","ping_status":"closed","template":"","meta":[],"product_cat":[63],"product_tag":[],"_links":{"self":[{"href":"https:\/\/greentelemesure.com\/index.php\/wp-json\/wp\/v3\/product\/3766"}],"collection":[{"href":"https:\/\/greentelemesure.com\/index.php\/wp-json\/wp\/v3\/product"}],"about":[{"href":"https:\/\/greentelemesure.com\/index.php\/wp-json\/wp\/v2\/types\/product"}],"replies":[{"embeddable":true,"href":"https:\/\/greentelemesure.com\/index.php\/wp-json\/wp\/v2\/comments?post=3766"}],"wp:featuredmedia":[{"embeddable":true,"href":"https:\/\/greentelemesure.com\/index.php\/wp-json\/wp\/v2\/media\/5026"}],"wp:attachment":[{"href":"https:\/\/greentelemesure.com\/index.php\/wp-json\/wp\/v2\/media?parent=3766"}],"wp:term":[{"taxonomy":"product_cat","embeddable":true,"href":"https:\/\/greentelemesure.com\/index.php\/wp-json\/wp\/v2\/product_cat?post=3766"},{"taxonomy":"product_tag","embeddable":true,"href":"https:\/\/greentelemesure.com\/index.php\/wp-json\/wp\/v2\/product_tag?post=3766"}],"curies":[{"name":"wp","href":"https:\/\/api.w.org\/{rel}","templated":true}]}}