{"id":3768,"date":"2022-02-04T09:59:12","date_gmt":"2022-02-04T08:59:12","guid":{"rendered":"http:\/\/41.249.251.2:8004\/?post_type=product&#038;p=3768"},"modified":"2023-04-07T13:17:45","modified_gmt":"2023-04-07T12:17:45","slug":"thermo-hygrometre-digital","status":"publish","type":"product","link":"https:\/\/greentelemesure.com\/index.php\/produit\/thermo-hygrometre-digital\/","title":{"rendered":"Thermo-hygrom\u00e8tre digital"},"content":{"rendered":"<p>Au moins les deux tiers de la vie d&rsquo;une personne sont pass\u00e9es \u00e0 l&rsquo;int\u00e9rieur.\u00a0Que nous nous sentions bien et confortablement chez nous d\u00e9pend en grande partie de la qualit\u00e9 de l&rsquo;air int\u00e9rieur.\u00a0Les pi\u00e8ces trop humides favorisent la croissance des moisissures, mais un air trop sec peut \u00eatre nocif pour notre sant\u00e9 et les animaux domestiques, les plantes, les planchers en bois et les meubles anciens en souffriront \u00e9galement.<br \/>\nCe thermo-hygrom\u00e8tre fonctionnel est un instrument de mesure id\u00e9al pour surveiller le climat int\u00e9rieur.\u00a0Vous pouvez facilement surveiller la temp\u00e9rature et l&rsquo;humidit\u00e9 et les r\u00e9guler avec un chauffage et une ventilation cibl\u00e9s.\u00a0Cela cr\u00e9e un cadre de vie agr\u00e9able et sain et permet m\u00eame d&rsquo;\u00e9conomiser sur les co\u00fbts de chauffage.\u00a0Les valeurs les plus \u00e9lev\u00e9es et les plus basses sont stock\u00e9es et affich\u00e9es sur simple pression d&rsquo;un bouton.<\/p>\n","protected":false},"excerpt":{"rendered":"<ul class=\"list list-icon list-icon-check\">\n<li>Pour un climat int\u00e9rieur sain<\/li>\n<li>Surveillance de la temp\u00e9rature et de l&rsquo;humidit\u00e9 int\u00e9rieures<\/li>\n<li>Maximum minimum.\u00a0valeurs<\/li>\n<\/ul>\n","protected":false},"featured_media":5027,"comment_status":"closed","ping_status":"closed","template":"","meta":[],"product_cat":[63],"product_tag":[],"_links":{"self":[{"href":"https:\/\/greentelemesure.com\/index.php\/wp-json\/wp\/v3\/product\/3768"}],"collection":[{"href":"https:\/\/greentelemesure.com\/index.php\/wp-json\/wp\/v3\/product"}],"about":[{"href":"https:\/\/greentelemesure.com\/index.php\/wp-json\/wp\/v2\/types\/product"}],"replies":[{"embeddable":true,"href":"https:\/\/greentelemesure.com\/index.php\/wp-json\/wp\/v2\/comments?post=3768"}],"wp:featuredmedia":[{"embeddable":true,"href":"https:\/\/greentelemesure.com\/index.php\/wp-json\/wp\/v2\/media\/5027"}],"wp:attachment":[{"href":"https:\/\/greentelemesure.com\/index.php\/wp-json\/wp\/v2\/media?parent=3768"}],"wp:term":[{"taxonomy":"product_cat","embeddable":true,"href":"https:\/\/greentelemesure.com\/index.php\/wp-json\/wp\/v2\/product_cat?post=3768"},{"taxonomy":"product_tag","embeddable":true,"href":"https:\/\/greentelemesure.com\/index.php\/wp-json\/wp\/v2\/product_tag?post=3768"}],"curies":[{"name":"wp","href":"https:\/\/api.w.org\/{rel}","templated":true}]}}