{"id":3771,"date":"2022-02-04T10:38:04","date_gmt":"2022-02-04T09:38:04","guid":{"rendered":"http:\/\/41.249.251.2:8004\/?post_type=product&#038;p=3771"},"modified":"2023-04-07T13:17:51","modified_gmt":"2023-04-07T12:17:51","slug":"capteur-dhumidite-ec-temperature-du-sol-waterscout-smec-300","status":"publish","type":"product","link":"https:\/\/greentelemesure.com\/index.php\/produit\/capteur-dhumidite-ec-temperature-du-sol-waterscout-smec-300\/","title":{"rendered":"Capteur d&rsquo;humidit\u00e9\/EC\/temp\u00e9rature du sol WaterScout SMEC 300"},"content":{"rendered":"<h4>Suivez l&rsquo;humidit\u00e9 du sol, les sels et la temp\u00e9rature du sol\u00a0: le tout avec un seul capteur\u00a0!<\/h4>\n<p>Qu&rsquo;il s&rsquo;agisse de pots de conteneurs dans une serre ou de gazon sur un green, la salinit\u00e9 de la zone racinaire est un \u00e9l\u00e9ment critique pour une croissance saine des plantes.\u00a0L&rsquo;irrigation, les engrais et la demande des cultures ont tous un impact sur les concentrations de sel.\u00a0Des niveaux \u00e9lev\u00e9s peuvent endommager la plante : de faibles niveaux peuvent entra\u00eener des carences en nutriments.<\/p>\n<p>Identifier les situations o\u00f9 la salinit\u00e9 du sol est un probl\u00e8me ou o\u00f9 certaines conditions d&rsquo;humidit\u00e9 et de temp\u00e9rature facilitent les maladies transmises par le sol<\/p>\n<ul>\n<li>Capteur d&rsquo;humidit\u00e9 du sol de type capacitif<\/li>\n<li>Les \u00e9lectrodes \u00e0 encre de carbone offrent une grande surface de mesure pour la conductivit\u00e9 \u00e9lectrique (EC)<\/li>\n<li>Processus d&rsquo;\u00e9talonnage EC simple en une \u00e9tape<\/li>\n<li>Peut \u00eatre lu avec le lecteur de capteur de sol FieldScout\u00ae (article 6466) ou les stations WatchDog\u00ae s\u00e9ries 2000 et 1000<\/li>\n<li>Connectez jusqu&rsquo;\u00e0 4 capteurs par station (voir la fiche technique dans \u00ab\u00a0Manuels \/ Litt\u00e9rature\u00a0\u00bb pour les limites de station sp\u00e9cifiques)<\/li>\n<li>Dispositif d&rsquo;\u00e9talonnage WaterScout (article 6470CAL3V) requis sauf si vous utilisez un lecteur de capteur de sol (article 6466)<\/li>\n<\/ul>\n","protected":false},"excerpt":{"rendered":"<p>Suivez l&rsquo;humidit\u00e9 du sol, les sels et la temp\u00e9rature du sol\u00a0: le tout avec un seul capteur\u00a0!<\/p>\n","protected":false},"featured_media":5028,"comment_status":"closed","ping_status":"closed","template":"","meta":[],"product_cat":[66],"product_tag":[],"_links":{"self":[{"href":"https:\/\/greentelemesure.com\/index.php\/wp-json\/wp\/v3\/product\/3771"}],"collection":[{"href":"https:\/\/greentelemesure.com\/index.php\/wp-json\/wp\/v3\/product"}],"about":[{"href":"https:\/\/greentelemesure.com\/index.php\/wp-json\/wp\/v2\/types\/product"}],"replies":[{"embeddable":true,"href":"https:\/\/greentelemesure.com\/index.php\/wp-json\/wp\/v2\/comments?post=3771"}],"wp:featuredmedia":[{"embeddable":true,"href":"https:\/\/greentelemesure.com\/index.php\/wp-json\/wp\/v2\/media\/5028"}],"wp:attachment":[{"href":"https:\/\/greentelemesure.com\/index.php\/wp-json\/wp\/v2\/media?parent=3771"}],"wp:term":[{"taxonomy":"product_cat","embeddable":true,"href":"https:\/\/greentelemesure.com\/index.php\/wp-json\/wp\/v2\/product_cat?post=3771"},{"taxonomy":"product_tag","embeddable":true,"href":"https:\/\/greentelemesure.com\/index.php\/wp-json\/wp\/v2\/product_tag?post=3771"}],"curies":[{"name":"wp","href":"https:\/\/api.w.org\/{rel}","templated":true}]}}