{"id":3773,"date":"2022-02-04T10:46:02","date_gmt":"2022-02-04T09:46:02","guid":{"rendered":"http:\/\/41.249.251.2:8004\/?post_type=product&#038;p=3773"},"modified":"2023-04-07T13:17:59","modified_gmt":"2023-04-07T12:17:59","slug":"capteur-dhumidite-du-sol-waterscout-sm-100","status":"publish","type":"product","link":"https:\/\/greentelemesure.com\/index.php\/produit\/capteur-dhumidite-du-sol-waterscout-sm-100\/","title":{"rendered":"Capteur d&rsquo;humidit\u00e9 du sol WaterScout SM 100"},"content":{"rendered":"<h3>La cl\u00e9 est de savoir quand et combien arroser !<\/h3>\n<p>Le maintien d&rsquo;un \u00e9quilibre sain de l&rsquo;humidit\u00e9 et de l&rsquo;eau du sol est essentiel pour produire des plantes de haute qualit\u00e9.\u00a0Les plantes sous-arros\u00e9es souffrent de carences en nutriments, de rabougrissement et de fl\u00e9trissement.\u00a0\u00c0 l&rsquo;inverse, les plantes trop arros\u00e9es sont plus sensibles \u00e0 la pression des maladies et moins tol\u00e9rantes aux conditions s\u00e8ches plus tard dans leur cycle de vie.\u00a0Un arrosage excessif \u00e9touffera la plante et entra\u00eenera la mort des racines.<\/p>\n<ul>\n<li>Mesure la teneur en eau volum\u00e9trique (VWC) du sol<\/li>\n<li>Le capteur de type capacitif r\u00e9agit imm\u00e9diatement aux changements de teneur en humidit\u00e9 du sol pour de meilleures d\u00e9cisions d&rsquo;irrigation<\/li>\n<li>Calibr\u00e9 pour les sols min\u00e9raux ou les milieux sans sol<\/li>\n<li>S&rsquo;installe facilement dans un trou de 3\/4 po (1,9 cm)<\/li>\n<li>Installer de fa\u00e7on permanente ou utiliser pour prendre des mesures ponctuelles<\/li>\n<li>Peut \u00eatre lu avec le lecteur de capteur de sol FieldScout\u00ae (article 6466) ou les stations WatchDog\u00ae s\u00e9ries 2000 et 1000<\/li>\n<li>Connectez jusqu&rsquo;\u00e0 8 capteurs \u00e0 une station Non compatible avec les enregistreurs 400\/200.\u00a0Les stations WatchDog vendues avant 2009 doivent \u00eatre mises \u00e0 niveau.\u00a0(appel \u00e0 l&rsquo;aide)<\/li>\n<\/ul>\n","protected":false},"excerpt":{"rendered":"<p>Placez \u00e0 plusieurs profondeurs pour aider \u00e0 d\u00e9terminer \u00e0 la fois quand et combien d&rsquo;eau<\/p>\n","protected":false},"featured_media":5029,"comment_status":"closed","ping_status":"closed","template":"","meta":[],"product_cat":[66],"product_tag":[],"_links":{"self":[{"href":"https:\/\/greentelemesure.com\/index.php\/wp-json\/wp\/v3\/product\/3773"}],"collection":[{"href":"https:\/\/greentelemesure.com\/index.php\/wp-json\/wp\/v3\/product"}],"about":[{"href":"https:\/\/greentelemesure.com\/index.php\/wp-json\/wp\/v2\/types\/product"}],"replies":[{"embeddable":true,"href":"https:\/\/greentelemesure.com\/index.php\/wp-json\/wp\/v2\/comments?post=3773"}],"wp:featuredmedia":[{"embeddable":true,"href":"https:\/\/greentelemesure.com\/index.php\/wp-json\/wp\/v2\/media\/5029"}],"wp:attachment":[{"href":"https:\/\/greentelemesure.com\/index.php\/wp-json\/wp\/v2\/media?parent=3773"}],"wp:term":[{"taxonomy":"product_cat","embeddable":true,"href":"https:\/\/greentelemesure.com\/index.php\/wp-json\/wp\/v2\/product_cat?post=3773"},{"taxonomy":"product_tag","embeddable":true,"href":"https:\/\/greentelemesure.com\/index.php\/wp-json\/wp\/v2\/product_tag?post=3773"}],"curies":[{"name":"wp","href":"https:\/\/api.w.org\/{rel}","templated":true}]}}