{"id":3842,"date":"2022-02-07T11:42:53","date_gmt":"2022-02-07T10:42:53","guid":{"rendered":"http:\/\/41.249.251.2:8004\/?post_type=product&#038;p=3842"},"modified":"2023-04-07T13:18:26","modified_gmt":"2023-04-07T12:18:26","slug":"capteur-meteo-de-reference-ws3100-umb","status":"publish","type":"product","link":"https:\/\/greentelemesure.com\/index.php\/produit\/capteur-meteo-de-reference-ws3100-umb\/","title":{"rendered":"Capteur m\u00e9t\u00e9o de r\u00e9f\u00e9rence WS3100-UMB"},"content":{"rendered":"<div class=\"description\">\n<p><span>L&rsquo;humidit\u00e9 relative est mesur\u00e9e au moyen d&rsquo;un \u00e9l\u00e9ment capteur capacitif chauff\u00e9 ;\u00a0un \u00e9l\u00e9ment de mesure de pr\u00e9cision PT100 est utilis\u00e9 pour mesurer la temp\u00e9rature de l&rsquo;air.\u00a0Un transducteur de pression r\u00e9sonant est utilis\u00e9 pour une mesure pr\u00e9cise de la pression.\u00a0Gr\u00e2ce au pyranom\u00e8tre int\u00e9gr\u00e9 Kipp &amp; Zonen CMP10, les valeurs de rayonnement globales sont dans une qualit\u00e9 standard secondaire.\u00a0<\/span><\/p>\n<p><strong><span>Pr\u00e9cision en d\u00e9tail :<\/span><\/strong><\/p>\n<ul>\n<li><span>Temp\u00e9rature meilleure que +\/- 0,1\u00b0C<\/span><\/li>\n<li><span>Humidit\u00e9 relative meilleure que +\/- 2%<\/span><\/li>\n<li><span>Pression atmosph\u00e9rique meilleure que +\/- 0,1 hPa<\/span><\/li>\n<li><span>Rayonnement solaire sup\u00e9rieur \u00e0 5\u00a0% W\/m2 (norme secondaire)<\/span><\/li>\n<\/ul>\n<p><span>La sortie de mesure est accessible par les protocoles suivants : UMB-Binary, UMB-ASCII, UMB-ASCII 2.0, SDI-12 et NMEA.<\/span><\/p>\n<\/div>\n<ul class=\"key-features\">\n<li><label><span>Param\u00e8tres mesur\u00e9s\u00a0:<\/span><\/label><span>Temp\u00e9rature, humidit\u00e9 relative, pression atmosph\u00e9rique (pression redondante en option), rayonnement global<\/span><\/li>\n<li><label><span>Technologie de mesure :<\/span><\/label><span>PT100\/Temp, Capacitif\/HR, Transducteur de pression r\u00e9sonnant MEMS, Kipp&amp;Zonen CMP10 \/ rayonnement<\/span><\/li>\n<li><label><span>Points forts du produit\u00a0:<\/span><\/label><span>Bo\u00eetier m\u00e9tallique avec \u00e9cran de protection contre les radiations ventil\u00e9 pour les mesures de temp\u00e9rature\/humidit\u00e9, Pr\u00e9cision tra\u00e7able, Architecture modulaire, Technologies de d\u00e9tection sans d\u00e9rive, Possibilit\u00e9s de maintenance et d&rsquo;\u00e9talonnage faciles, CMP10 Secondaire Standard Kipp &amp; Zonen Pyranom\u00e8tre, Module WiFi<\/span><\/li>\n<li><label><span>Interfaces\u00a0:<\/span><\/label><span>RS485, 2 fils, semi-duplex\/WiFi<\/span><\/li>\n<li>\n<div class=\"tabs ui-tabs ui-corner-all ui-widget ui-widget-content\">\n<div id=\"tab-2857\" class=\"ui-tabs-panel ui-corner-bottom ui-widget-content\" role=\"tabpanel\" aria-labelledby=\"ui-id-1\" aria-hidden=\"false\">\n<div id=\"c7900\" class=\"csc-frame csc-frame-default\">\n<div class=\"csc-header csc-header-n1\">\n<p class=\"csc-firstHeader\"><span>Avantages du capteur climatique de r\u00e9f\u00e9rence WS3100<\/span><\/p>\n<\/div>\n<ul>\n<li><span>Nouvelle classe de capteur m\u00e9t\u00e9o avec bo\u00eetier en aluminium de haute qualit\u00e9<\/span><\/li>\n<li><span>Pr\u00e9cision tra\u00e7able, gr\u00e2ce \u00e0 des certificats d&rsquo;\u00e9talonnage d\u00e9taill\u00e9s, effectu\u00e9s par un laboratoire accr\u00e9dit\u00e9 pour chaque capteur<\/span><\/li>\n<li><span>Architecture modulaire, qui permet des possibilit\u00e9s de maintenance et d&rsquo;\u00e9talonnage faciles pour chaque capteur<\/span><\/li>\n<li><span>Technologies de d\u00e9tection sans d\u00e9rive<\/span><\/li>\n<li><span>Excellente capacit\u00e9 de survie dans des conditions extr\u00eames<\/span><\/li>\n<li><span>Construction enti\u00e8rement m\u00e9tallique avec mesures de temp\u00e9rature \/ humidit\u00e9 de l&rsquo;air ventil\u00e9<\/span><\/li>\n<li><span>Pyranom\u00e8tre \u00e9talon secondaire CMP10 Kipp &amp; Zonen inclus<\/span><\/li>\n<li><span>Wi-Fi activ\u00e9<\/span><\/li>\n<\/ul>\n<p class=\"bodytext\"><strong><span>Pr\u00e9cision en d\u00e9tail\u00a0:<\/span><\/strong><\/p>\n<ul>\n<li><span>Temp\u00e9rature meilleure que +\/- 0,1\u00b0C<\/span><\/li>\n<li><span>Humidit\u00e9 relative meilleure que +\/- 2%<\/span><\/li>\n<li><span>Pression atmosph\u00e9rique meilleure que +\/- 0,1 hPa<\/span><\/li>\n<li><span>Rayonnement solaire sup\u00e9rieur \u00e0 5\u00a0% W\/m2 (norme secondaire)<\/span><\/li>\n<li>\n<div class=\"tabs ui-tabs ui-corner-all ui-widget ui-widget-content\">\n<div id=\"tab-2858\" class=\"ui-tabs-panel ui-corner-bottom ui-widget-content\" role=\"tabpanel\" aria-labelledby=\"ui-id-2\" aria-hidden=\"false\">\n<div id=\"c7901\" class=\"csc-frame csc-frame-default\">\n<div class=\"csc-header csc-header-n1\">\n<h4 class=\"csc-firstHeader\"><span>Exemples d&rsquo;utilisation du capteur climatique de r\u00e9f\u00e9rence WS3100<\/span><\/h4>\n<\/div>\n<p class=\"bodytext\"><span>Le capteur de r\u00e9f\u00e9rence climatique robuste et tr\u00e8s pr\u00e9cis WS3100 est con\u00e7u pour les applications m\u00e9t\u00e9orologiques professionnelles dans toutes les zones climatiques.\u00a0Il fournit des donn\u00e9es extr\u00eamement fiables, m\u00eame dans des conditions ambiantes extr\u00eames.<\/span><\/p>\n<p class=\"bodytext\"><strong><span>Exemples d&rsquo;utilisation :<\/span><\/strong><\/p>\n<ul>\n<li><span>\u00c9talonnage \/ V\u00e9rification de la temp\u00e9rature de l&rsquo;air, de l&rsquo;humidit\u00e9 relative, de la pression atmosph\u00e9rique\u00a0<\/span><\/li>\n<li><span>M\u00e9t\u00e9o a\u00e9ronautique (syst\u00e8mes AWOS) &#8211; mesure de pression redondante en option disponible<\/span><\/li>\n<li><span>Station climatique de r\u00e9f\u00e9rence m\u00e9t\u00e9orologique<\/span><\/li>\n<li><span>Station de r\u00e9f\u00e9rence hydro-m\u00e9t\u00e9orologique<\/span><\/li>\n<\/ul>\n<\/div>\n<\/div>\n<\/div>\n<\/li>\n<\/ul>\n<\/div>\n<\/div>\n<\/div>\n<\/li>\n<\/ul>\n","protected":false},"excerpt":{"rendered":"<div class=\"overview\">\n<p><span>Nouvelle classe de capteurs m\u00e9t\u00e9orologiques intelligents avec bo\u00eetier en aluminium de haute qualit\u00e9\u00a0: capteur de r\u00e9f\u00e9rence climatique WS3100 pour l&rsquo;\u00e9talonnage\/la v\u00e9rification de la temp\u00e9rature de l&rsquo;air, de l&rsquo;humidit\u00e9 relative, de la pression atmosph\u00e9rique et du rayonnement solaire<\/span><\/p>\n<\/div>\n<div class=\"grids\">\n<div class=\"column grid-50 col-1\">\n<div id=\"ott-extensions-camera\" class=\"camera_wrap camera_own_skin\">\n<div class=\"camera_fakehover\">\n<div class=\"camera_target\">\n<div class=\"cameraCont\"><\/div>\n<\/div>\n<\/div>\n<\/div>\n<\/div>\n<\/div>\n","protected":false},"featured_media":5032,"comment_status":"closed","ping_status":"closed","template":"","meta":[],"product_cat":[64],"product_tag":[],"_links":{"self":[{"href":"https:\/\/greentelemesure.com\/index.php\/wp-json\/wp\/v3\/product\/3842"}],"collection":[{"href":"https:\/\/greentelemesure.com\/index.php\/wp-json\/wp\/v3\/product"}],"about":[{"href":"https:\/\/greentelemesure.com\/index.php\/wp-json\/wp\/v2\/types\/product"}],"replies":[{"embeddable":true,"href":"https:\/\/greentelemesure.com\/index.php\/wp-json\/wp\/v2\/comments?post=3842"}],"wp:featuredmedia":[{"embeddable":true,"href":"https:\/\/greentelemesure.com\/index.php\/wp-json\/wp\/v2\/media\/5032"}],"wp:attachment":[{"href":"https:\/\/greentelemesure.com\/index.php\/wp-json\/wp\/v2\/media?parent=3842"}],"wp:term":[{"taxonomy":"product_cat","embeddable":true,"href":"https:\/\/greentelemesure.com\/index.php\/wp-json\/wp\/v2\/product_cat?post=3842"},{"taxonomy":"product_tag","embeddable":true,"href":"https:\/\/greentelemesure.com\/index.php\/wp-json\/wp\/v2\/product_tag?post=3842"}],"curies":[{"name":"wp","href":"https:\/\/api.w.org\/{rel}","templated":true}]}}