{"id":3850,"date":"2022-02-07T16:59:51","date_gmt":"2022-02-07T15:59:51","guid":{"rendered":"http:\/\/41.249.251.2:8004\/?post_type=product&#038;p=3850"},"modified":"2023-04-07T13:18:39","modified_gmt":"2023-04-07T12:18:39","slug":"capteur-meteo-intelligent-ws800-umb","status":"publish","type":"product","link":"https:\/\/greentelemesure.com\/index.php\/produit\/capteur-meteo-intelligent-ws800-umb\/","title":{"rendered":"Capteur m\u00e9t\u00e9o intelligent WS800-UMB"},"content":{"rendered":"<div class=\"description\">\n<p>De la famille de produits WS de transducteurs de mesure intelligents professionnels avec interface num\u00e9rique pour les applications environnementales.\u00a0Conception int\u00e9gr\u00e9e avec protection contre les rayonnements ventil\u00e9e pour mesurer : temp\u00e9rature de l&rsquo;air, humidit\u00e9 relative, intensit\u00e9 des pr\u00e9cipitations, type de pr\u00e9cipitations, quantit\u00e9 de pr\u00e9cipitations, rayonnement solaire, d\u00e9tection de la foudre, pression atmosph\u00e9rique, direction et vitesse du vent.\u00a0Un capteur de temp\u00e9rature externe est connectable.<\/p>\n<\/div>\n<ul class=\"key-features\">\n<li><label>Param\u00e8tres mesur\u00e9s\u00a0:<\/label>temp\u00e9rature, humidit\u00e9 relative, pression atmosph\u00e9rique, direction du vent, vitesse du vent, intensit\u00e9 des pr\u00e9cipitations, quantit\u00e9 de pr\u00e9cipitations, rayonnement, coups de foudre<\/li>\n<li><label>Technologie de mesure :<\/label>Ultrasons\/Vent, NTC\/T, Capacitif\/RH\/Pression, Radar\/Pr\u00e9cipitations, \u00e9mission d&rsquo;ondes radio\/coups de foudre<\/li>\n<li><label>Points forts du produit\u00a0:<\/label>D\u00e9tection du vent avec construction \u00e0 l&rsquo;\u00e9preuve des oiseaux.\u00a0Premier et seul capteur m\u00e9t\u00e9orologique tout-en-un compact avec d\u00e9tection de foudre, faible puissance, chauffage, protection contre les radiations aspir\u00e9es, fonctionnement sans entretien, protocole de communication ouvert.<\/li>\n<li><label>Interfaces\u00a0:<\/label>RS485 avec protocoles pris en charge UMB-Binary, UMB-ASCII, Modbus-RTU, Modbus-ASCII, XDR et SDI-12<\/li>\n<li>\n<div class=\"csc-header csc-header-n1\">\n<h4 class=\"csc-firstHeader\">Avantages du capteur m\u00e9t\u00e9o intelligent WS800<\/h4>\n<\/div>\n<ul>\n<li>Mesure de la direction et de la vitesse du vent de mani\u00e8re insensible \u00e0 la nidification des oiseaux gr\u00e2ce \u00e0 la construction couverte<\/li>\n<li>Premier et seul capteur m\u00e9t\u00e9o compact tout-en-un avec d\u00e9tection de foudre<\/li>\n<li>Pr\u00e9traitement des donn\u00e9es int\u00e9gr\u00e9, interfaces universelles et protocoles de sortie s\u00e9lectionnables<\/li>\n<li>Compatible avec de nombreux enregistreurs de donn\u00e9es Met\/HydroMet et syst\u00e8mes PLS disponibles dans le commerce gr\u00e2ce \u00e0 un protocole de communication ouvert<\/li>\n<li>Fonctionnement sans entretien &#8211; pas de pi\u00e8ces mobiles susceptibles de s&rsquo;user<\/li>\n<li>Convient \u00e0 toutes les zones climatiques ;\u00a0\u00e9galement pour les stations m\u00e9t\u00e9orologiques automatiques \u00e0 \u00e9nergie solaire<\/li>\n<li>Chauffage int\u00e9gr\u00e9 pouvant \u00eatre activ\u00e9 en cas de risque de gel\n<div class=\"csc-header csc-header-n1\">\n<h4 class=\"csc-firstHeader\">Exemples d&rsquo;utilisation du capteur m\u00e9t\u00e9o intelligent WS800<\/h4>\n<\/div>\n<p class=\"bodytext\">Le capteur m\u00e9t\u00e9o intelligent robuste et sans entretien WS800 est con\u00e7u pour les applications m\u00e9t\u00e9orologiques professionnelles dans toutes les zones climatiques.\u00a0Il fournit des donn\u00e9es fiables, m\u00eame dans des conditions ambiantes extr\u00eames.<\/p>\n<p class=\"bodytext\"><strong>Exemples d&rsquo;utilisation :<\/strong><\/p>\n<ul>\n<li>Observation m\u00e9t\u00e9orologique pour les syst\u00e8mes de contr\u00f4le des routes et du trafic<\/li>\n<li>Station m\u00e9t\u00e9o automatique \/ Capteur m\u00e9t\u00e9o automatique (AWS)<\/li>\n<li>PV-Monitoring \/ Solar Monitoring sur fermes photovolta\u00efques<\/li>\n<li>Stations hydro-m\u00e9t\u00e9orologiques<\/li>\n<li>Observation m\u00e9t\u00e9orologique pour l&rsquo;automatisation des b\u00e2timents<\/li>\n<li>Stations m\u00e9t\u00e9o dans les a\u00e9roports, les marinas et \u00e0 bord des navires<\/li>\n<\/ul>\n<\/li>\n<\/ul>\n<\/li>\n<\/ul>\n","protected":false},"excerpt":{"rendered":"<div class=\"overview\">\n<p>Premier et seul capteur m\u00e9t\u00e9o compact tout-en-un avec d\u00e9tection de la foudre.<\/p>\n<\/div>\n<div class=\"grids\">\n<div class=\"column grid-50 col-1\">\n<div id=\"ott-extensions-camera\" class=\"camera_wrap camera_own_skin\">\n<div class=\"camera_fakehover\">\n<div class=\"camera_target\">\n<div class=\"cameraCont\"><\/div>\n<\/div>\n<\/div>\n<\/div>\n<\/div>\n<\/div>\n","protected":false},"featured_media":5034,"comment_status":"closed","ping_status":"closed","template":"","meta":[],"product_cat":[64],"product_tag":[],"_links":{"self":[{"href":"https:\/\/greentelemesure.com\/index.php\/wp-json\/wp\/v3\/product\/3850"}],"collection":[{"href":"https:\/\/greentelemesure.com\/index.php\/wp-json\/wp\/v3\/product"}],"about":[{"href":"https:\/\/greentelemesure.com\/index.php\/wp-json\/wp\/v2\/types\/product"}],"replies":[{"embeddable":true,"href":"https:\/\/greentelemesure.com\/index.php\/wp-json\/wp\/v2\/comments?post=3850"}],"wp:featuredmedia":[{"embeddable":true,"href":"https:\/\/greentelemesure.com\/index.php\/wp-json\/wp\/v2\/media\/5034"}],"wp:attachment":[{"href":"https:\/\/greentelemesure.com\/index.php\/wp-json\/wp\/v2\/media?parent=3850"}],"wp:term":[{"taxonomy":"product_cat","embeddable":true,"href":"https:\/\/greentelemesure.com\/index.php\/wp-json\/wp\/v2\/product_cat?post=3850"},{"taxonomy":"product_tag","embeddable":true,"href":"https:\/\/greentelemesure.com\/index.php\/wp-json\/wp\/v2\/product_tag?post=3850"}],"curies":[{"name":"wp","href":"https:\/\/api.w.org\/{rel}","templated":true}]}}