{"id":3859,"date":"2022-02-08T11:13:00","date_gmt":"2022-02-08T10:13:00","guid":{"rendered":"http:\/\/41.249.251.2:8004\/?post_type=product&#038;p=3859"},"modified":"2023-04-07T13:19:02","modified_gmt":"2023-04-07T12:19:02","slug":"capteur-meteo-intelligent-ws700-umb","status":"publish","type":"product","link":"https:\/\/greentelemesure.com\/index.php\/produit\/capteur-meteo-intelligent-ws700-umb\/","title":{"rendered":"Capteur m\u00e9t\u00e9o intelligent WS700-UMB"},"content":{"rendered":"<div class=\"description\">\n<p>De la famille de produits WS de transducteurs de mesure intelligents professionnels avec interface num\u00e9rique pour les applications environnementales.\u00a0Conception int\u00e9gr\u00e9e avec protection contre les rayonnements ventil\u00e9s pour mesurer : temp\u00e9rature de l&rsquo;air, humidit\u00e9 relative, intensit\u00e9 des pr\u00e9cipitations, type de pr\u00e9cipitations, quantit\u00e9 de pr\u00e9cipitations, pression atmosph\u00e9rique, direction du vent, vitesse du vent et rayonnement.\u00a0Un capteur de temp\u00e9rature externe est connectable.<\/p>\n<\/div>\n<ul class=\"key-features\">\n<li><label>Param\u00e8tres mesur\u00e9s\u00a0:<\/label>Temp\u00e9rature, humidit\u00e9 relative, intensit\u00e9 des pr\u00e9cipitations, type de pr\u00e9cipitations, quantit\u00e9 de pr\u00e9cipitations, pression atmosph\u00e9rique, direction du vent, vitesse du vent, rayonnement<\/li>\n<li><label>Technologie de mesure :<\/label>Ultrasons\/Vent, NTC\/T, Capacitif\/RH, MEMS capacitif\/Pression, Radar\/Pr\u00e9cipitations<\/li>\n<li><label>Points forts du produit\u00a0:<\/label>D\u00e9tection du vent avec construction \u00e0 l&rsquo;\u00e9preuve des oiseaux.\u00a0Capteur m\u00e9t\u00e9o compact tout-en-un, faible consommation, chauffage, \u00e9cran anti-radiation aspir\u00e9, fonctionnement sans entretien, protocole de communication ouvert<\/li>\n<li><label>Interfaces\u00a0:<\/label>RS485 avec protocoles pris en charge UMB-Binary, UMB-ASCII, Modbus-RTU, Modbus-ASCII, XDR et SDI-12<\/li>\n<li>\n<div class=\"tabs ui-tabs ui-corner-all ui-widget ui-widget-content\">\n<div id=\"tab-2663\" class=\"ui-tabs-panel ui-corner-bottom ui-widget-content\" role=\"tabpanel\" aria-labelledby=\"ui-id-1\" aria-hidden=\"false\">\n<div id=\"c7450\" class=\"csc-frame csc-frame-default\">\n<div class=\"csc-header csc-header-n1\">\n<h4 class=\"csc-firstHeader\">Avantages du capteur m\u00e9t\u00e9o intelligent WS700<\/h4>\n<\/div>\n<ul>\n<li>Mesure de la direction et de la vitesse du vent de mani\u00e8re insensible \u00e0 la nidification des oiseaux gr\u00e2ce \u00e0 la construction couverte<\/li>\n<li>Concept de bo\u00eetier tout-en-un d&rsquo;un capteur m\u00e9t\u00e9orologique compact combinant 7 param\u00e8tres de mesure dans un bo\u00eetier avec une seule connexion de c\u00e2ble<\/li>\n<li>Pr\u00e9traitement des donn\u00e9es int\u00e9gr\u00e9, interfaces universelles et protocoles de sortie s\u00e9lectionnables<\/li>\n<li>Compatible avec de nombreux enregistreurs de donn\u00e9es Met\/HydroMet et syst\u00e8mes PLS disponibles dans le commerce gr\u00e2ce \u00e0 un protocole de communication ouvert<\/li>\n<li>Fonctionnement sans entretien &#8211; pas de pi\u00e8ces mobiles susceptibles de s&rsquo;user<\/li>\n<li>Convient \u00e0 toutes les zones climatiques ;\u00a0\u00e9galement pour les stations m\u00e9t\u00e9orologiques automatiques \u00e0 \u00e9nergie solaire<\/li>\n<li>D\u00e9tection de temp\u00e9rature et d&rsquo;humidit\u00e9 ventil\u00e9e<\/li>\n<li>Chauffage int\u00e9gr\u00e9 pouvant \u00eatre activ\u00e9 en cas de risque de gel<\/li>\n<li>\n<div class=\"tabs ui-tabs ui-corner-all ui-widget ui-widget-content\">\n<div id=\"tab-2664\" class=\"ui-tabs-panel ui-corner-bottom ui-widget-content\" role=\"tabpanel\" aria-labelledby=\"ui-id-2\" aria-hidden=\"false\">\n<div id=\"c7451\" class=\"csc-frame csc-frame-default\">\n<div class=\"csc-header csc-header-n1\">\n<h4 class=\"csc-firstHeader\">Exemples d&rsquo;utilisation du capteur m\u00e9t\u00e9o intelligent WS700<\/h4>\n<\/div>\n<p class=\"bodytext\"><span lang=\"EN-US\">Le capteur m\u00e9t\u00e9o intelligent robuste et sans entretien WS700 est con\u00e7u pour les applications m\u00e9t\u00e9orologiques professionnelles dans toutes les zones climatiques.\u00a0Il fournit des donn\u00e9es fiables, m\u00eame dans des conditions ambiantes extr\u00eames.<\/span><\/p>\n<p class=\"bodytext\"><span lang=\"EN-US\"><strong>Exemples d&rsquo;utilisation :<\/strong><\/span><\/p>\n<ul>\n<li>Observation m\u00e9t\u00e9orologique pour les syst\u00e8mes de contr\u00f4le des routes et du trafic<\/li>\n<li>Station m\u00e9t\u00e9o automatique \/ Capteur m\u00e9t\u00e9o automatique (AWS)<\/li>\n<li>PV-Monitoring \/ Solar Monitoring sur fermes photovolta\u00efques<\/li>\n<li>Stations hydro-m\u00e9t\u00e9orologiques<\/li>\n<li>Observation m\u00e9t\u00e9orologique pour l&rsquo;automatisation des b\u00e2timents<\/li>\n<li>Stations m\u00e9t\u00e9o dans les a\u00e9roports, les marinas et \u00e0 bord des navires<\/li>\n<li>Int\u00e9gration dans divers autres syst\u00e8mes\/solutions, o\u00f9 des donn\u00e9es environnementales sont n\u00e9cessaires&#8230;<\/li>\n<\/ul>\n<\/div>\n<\/div>\n<\/div>\n<\/li>\n<\/ul>\n<\/div>\n<\/div>\n<\/div>\n<\/li>\n<\/ul>\n","protected":false},"excerpt":{"rendered":"<p>Capteur m\u00e9t\u00e9o tout-en-un avec mesure de la temp\u00e9rature, de l&rsquo;humidit\u00e9 relative, de l&rsquo;intensit\u00e9 des pr\u00e9cipitations, du type de pr\u00e9cipitations, de la quantit\u00e9 de pr\u00e9cipitations, de la pression atmosph\u00e9rique, de la direction du vent, de la vitesse du vent et du rayonnement.<\/p>\n","protected":false},"featured_media":5037,"comment_status":"closed","ping_status":"closed","template":"","meta":[],"product_cat":[64],"product_tag":[],"_links":{"self":[{"href":"https:\/\/greentelemesure.com\/index.php\/wp-json\/wp\/v3\/product\/3859"}],"collection":[{"href":"https:\/\/greentelemesure.com\/index.php\/wp-json\/wp\/v3\/product"}],"about":[{"href":"https:\/\/greentelemesure.com\/index.php\/wp-json\/wp\/v2\/types\/product"}],"replies":[{"embeddable":true,"href":"https:\/\/greentelemesure.com\/index.php\/wp-json\/wp\/v2\/comments?post=3859"}],"wp:featuredmedia":[{"embeddable":true,"href":"https:\/\/greentelemesure.com\/index.php\/wp-json\/wp\/v2\/media\/5037"}],"wp:attachment":[{"href":"https:\/\/greentelemesure.com\/index.php\/wp-json\/wp\/v2\/media?parent=3859"}],"wp:term":[{"taxonomy":"product_cat","embeddable":true,"href":"https:\/\/greentelemesure.com\/index.php\/wp-json\/wp\/v2\/product_cat?post=3859"},{"taxonomy":"product_tag","embeddable":true,"href":"https:\/\/greentelemesure.com\/index.php\/wp-json\/wp\/v2\/product_tag?post=3859"}],"curies":[{"name":"wp","href":"https:\/\/api.w.org\/{rel}","templated":true}]}}