{"id":3878,"date":"2022-02-09T12:33:50","date_gmt":"2022-02-09T11:33:50","guid":{"rendered":"http:\/\/41.249.251.2:8004\/?post_type=product&#038;p=3878"},"modified":"2023-04-07T13:19:28","modified_gmt":"2023-04-07T12:19:28","slug":"capteur-meteo-intelligent-ws400-umb","status":"publish","type":"product","link":"https:\/\/greentelemesure.com\/index.php\/produit\/capteur-meteo-intelligent-ws400-umb\/","title":{"rendered":"Capteur m\u00e9t\u00e9o intelligent WS400-UMB"},"content":{"rendered":"<div class=\"description\">\n<p>De la famille de produits WS de transducteurs de mesure intelligents professionnels avec interface num\u00e9rique pour les applications environnementales.\u00a0Conception int\u00e9gr\u00e9e avec protection contre les rayonnements ventil\u00e9e pour mesurer : la temp\u00e9rature de l&rsquo;air, l&rsquo;humidit\u00e9 relative, l&rsquo;intensit\u00e9 des pr\u00e9cipitations, le type de pr\u00e9cipitations, la quantit\u00e9 de pr\u00e9cipitations et la pression atmosph\u00e9rique.\u00a0Un capteur de temp\u00e9rature externe est connectable.<\/p>\n<\/div>\n<ul class=\"key-features\">\n<li><label>Param\u00e8tres mesur\u00e9s\u00a0:<\/label>Temp\u00e9rature, humidit\u00e9 relative, intensit\u00e9 des pr\u00e9cipitations, type de pr\u00e9cipitations, quantit\u00e9 de pr\u00e9cipitations et pression atmosph\u00e9rique<\/li>\n<li><label>Technologie de mesure :<\/label>NTC\/T, Capacitif\/RH, MEMS capacitif\/Pression, Radar Doppler 24 GHz\/Pr\u00e9cipitation<\/li>\n<li><label>Points forts du produit\u00a0:<\/label>Capteur m\u00e9t\u00e9o compact tout-en-un, faible consommation, chauffage, \u00e9cran anti-radiation aspir\u00e9, fonctionnement sans entretien, protocole de communication ouvert<\/li>\n<li><label>Interfaces\u00a0:<\/label>RS485 avec protocoles pris en charge UMB-Binary, UMB-ASCII, Modbus-RTU, Modbus-ASCII, XDR et SDI-12<\/li>\n<li>\n<div class=\"csc-header csc-header-n1\">\n<h4 class=\"csc-firstHeader\">Avantages du capteur m\u00e9t\u00e9o intelligent WS400<\/h4>\n<\/div>\n<ul>\n<li>Concept de bo\u00eetier tout-en-un d&rsquo;un capteur m\u00e9t\u00e9orologique compact combinant plusieurs param\u00e8tres de mesure dans un bo\u00eetier avec une seule connexion de c\u00e2ble<\/li>\n<li>Pr\u00e9traitement des donn\u00e9es int\u00e9gr\u00e9, interfaces universelles et protocoles de sortie s\u00e9lectionnables<\/li>\n<li>Compatible avec de nombreux enregistreurs de donn\u00e9es Met\/HydroMet et syst\u00e8mes PLS disponibles dans le commerce gr\u00e2ce \u00e0 un protocole de communication ouvert<\/li>\n<li>Fonctionnement sans entretien &#8211; pas de pi\u00e8ces mobiles susceptibles de s&rsquo;user<\/li>\n<li>Convient \u00e0 toutes les zones climatiques ;\u00a0\u00e9galement pour les stations m\u00e9t\u00e9orologiques automatiques \u00e0 \u00e9nergie solaire<\/li>\n<li>Mesure ventil\u00e9e de la temp\u00e9rature et de l&rsquo;humidit\u00e9 selon les directives de l&rsquo;OMM<\/li>\n<li>Chauffage int\u00e9gr\u00e9 pouvant \u00eatre activ\u00e9 en cas de risque de gel\n<div class=\"csc-header csc-header-n1\">\n<h4 class=\"csc-firstHeader\">Exemples d&rsquo;utilisation du Capteur M\u00e9t\u00e9o Intelligent WS400<\/h4>\n<\/div>\n<p class=\"bodytext\">Le capteur m\u00e9t\u00e9o intelligent robuste et sans entretien WS400 est con\u00e7u pour les applications m\u00e9t\u00e9orologiques professionnelles dans toutes les zones climatiques.\u00a0Il fournit des donn\u00e9es fiables, m\u00eame dans des conditions ambiantes extr\u00eames.<\/p>\n<p class=\"bodytext\"><strong>Exemples d&rsquo;utilisation :<\/strong><\/p>\n<ul>\n<li>Observation m\u00e9t\u00e9orologique pour les syst\u00e8mes de contr\u00f4le des routes et du trafic<\/li>\n<li>Station m\u00e9t\u00e9o automatique \/ Capteur m\u00e9t\u00e9o automatique (AWS)<\/li>\n<li>PV-Monitoring \/ Solar Monitoring sur fermes photovolta\u00efques<\/li>\n<li>Stations hydro-m\u00e9t\u00e9orologiques<\/li>\n<li>Observation m\u00e9t\u00e9orologique pour l&rsquo;automatisation des b\u00e2timents<\/li>\n<li>Stations m\u00e9t\u00e9o dans les a\u00e9roports, les marinas et \u00e0 bord des navires<\/li>\n<li>Int\u00e9gration dans divers autres syst\u00e8mes\/solutions, o\u00f9 des donn\u00e9es environnementales sont n\u00e9cessaires&#8230;<\/li>\n<\/ul>\n<\/li>\n<\/ul>\n<\/li>\n<\/ul>\n","protected":false},"excerpt":{"rendered":"<p>Capteur m\u00e9t\u00e9o compact tout-en-un pour mesurer la temp\u00e9rature, l&rsquo;humidit\u00e9 relative, l&rsquo;intensit\u00e9 des pr\u00e9cipitations, le type de pr\u00e9cipitations, la quantit\u00e9 de pr\u00e9cipitations et la pression atmosph\u00e9rique.<\/p>\n","protected":false},"featured_media":5041,"comment_status":"closed","ping_status":"closed","template":"","meta":[],"product_cat":[64],"product_tag":[],"_links":{"self":[{"href":"https:\/\/greentelemesure.com\/index.php\/wp-json\/wp\/v3\/product\/3878"}],"collection":[{"href":"https:\/\/greentelemesure.com\/index.php\/wp-json\/wp\/v3\/product"}],"about":[{"href":"https:\/\/greentelemesure.com\/index.php\/wp-json\/wp\/v2\/types\/product"}],"replies":[{"embeddable":true,"href":"https:\/\/greentelemesure.com\/index.php\/wp-json\/wp\/v2\/comments?post=3878"}],"wp:featuredmedia":[{"embeddable":true,"href":"https:\/\/greentelemesure.com\/index.php\/wp-json\/wp\/v2\/media\/5041"}],"wp:attachment":[{"href":"https:\/\/greentelemesure.com\/index.php\/wp-json\/wp\/v2\/media?parent=3878"}],"wp:term":[{"taxonomy":"product_cat","embeddable":true,"href":"https:\/\/greentelemesure.com\/index.php\/wp-json\/wp\/v2\/product_cat?post=3878"},{"taxonomy":"product_tag","embeddable":true,"href":"https:\/\/greentelemesure.com\/index.php\/wp-json\/wp\/v2\/product_tag?post=3878"}],"curies":[{"name":"wp","href":"https:\/\/api.w.org\/{rel}","templated":true}]}}