{"id":3904,"date":"2022-02-10T11:31:26","date_gmt":"2022-02-10T10:31:26","guid":{"rendered":"http:\/\/41.249.251.2:8004\/?post_type=product&#038;p=3904"},"modified":"2023-04-07T13:19:37","modified_gmt":"2023-04-07T12:19:37","slug":"capteur-meteo-intelligent-ws310-umb","status":"publish","type":"product","link":"https:\/\/greentelemesure.com\/index.php\/produit\/capteur-meteo-intelligent-ws310-umb\/","title":{"rendered":"Capteur m\u00e9t\u00e9o intelligent WS310-UMB"},"content":{"rendered":"<div class=\"description\">\n<p>De la famille de produits WS de transducteurs de mesure intelligents professionnels avec interface num\u00e9rique pour les applications environnementales.\u00a0Conception int\u00e9gr\u00e9e avec radioprotection ventil\u00e9e pour la mesure de : temp\u00e9rature de l&rsquo;air, humidit\u00e9 relative, pression atmosph\u00e9rique et rayonnement.\u00a0Un capteur externe de temp\u00e9rature ou de pluie est connectable.<\/p>\n<\/div>\n<ul class=\"key-features\">\n<li><label>Param\u00e8tres mesur\u00e9s\u00a0:<\/label>Temp\u00e9rature, humidit\u00e9 relative, pression atmosph\u00e9rique, rayonnement<\/li>\n<li><label>Technologie de mesure :<\/label>NTC\/T, Capacitif\/RH, MEMS capacitif\/Pression, Kipp&amp;Zonen\/Radiation<\/li>\n<li><label>Points forts du produit\u00a0:<\/label>Capteur m\u00e9t\u00e9o compact tout-en-un, faible consommation, chauffage, \u00e9cran anti-radiation aspir\u00e9, fonctionnement sans entretien, protocole de communication ouvert<\/li>\n<li><label>Interfaces\u00a0:<\/label>RS485 avec protocoles pris en charge UMB-Binary, UMB-ASCII, Modbus-RTU, Modbus-ASCII, XDR et SDI-12<\/li>\n<li>\n<div class=\"csc-header csc-header-n1\">\n<h4 class=\"csc-firstHeader\">\u00a0 \u00a0 \u00a0 \u00a0 \u00a0 Avantages du capteur m\u00e9t\u00e9o intelligent WS310<\/h4>\n<\/div>\n<ul>\n<li style=\"list-style-type: none\">\n<ul>\n<li>Concept de bo\u00eetier tout-en-un d&rsquo;un capteur m\u00e9t\u00e9orologique compact combinant plusieurs param\u00e8tres de mesure dans un bo\u00eetier avec une seule connexion de c\u00e2ble<\/li>\n<li>Premier et seul capteur m\u00e9t\u00e9orologique compact avec pyranom\u00e8tre Kipp &amp; Zonen CMP10 int\u00e9gr\u00e9 avec qualit\u00e9 standard secondaire<\/li>\n<li>Pr\u00e9traitement des donn\u00e9es int\u00e9gr\u00e9, interfaces universelles et protocoles de sortie s\u00e9lectionnables<\/li>\n<li>Compatible avec de nombreux enregistreurs de donn\u00e9es Met\/HydroMet et syst\u00e8mes PLS disponibles dans le commerce gr\u00e2ce \u00e0 un protocole de communication ouvert<\/li>\n<li>Fonctionnement sans entretien &#8211; pas de pi\u00e8ces mobiles susceptibles de s&rsquo;user<\/li>\n<li>Convient \u00e0 toutes les zones climatiques ;\u00a0\u00e9galement pour les stations m\u00e9t\u00e9orologiques automatiques \u00e0 \u00e9nergie solaire<\/li>\n<li>Mesure ventil\u00e9e de la temp\u00e9rature et de l&rsquo;humidit\u00e9 selon les directives de l&rsquo;OMM<\/li>\n<li>Chauffage int\u00e9gr\u00e9 pouvant \u00eatre activ\u00e9 en cas de risque de gel<br \/>\n<h4>Exemples d&rsquo;utilisation du capteur m\u00e9t\u00e9o intelligent WS310<\/h4>\n<p class=\"bodytext\">Le capteur m\u00e9t\u00e9o intelligent robuste et sans entretien WS310 est con\u00e7u pour les applications m\u00e9t\u00e9orologiques professionnelles dans toutes les zones climatiques.\u00a0Il fournit des donn\u00e9es fiables, m\u00eame dans des conditions ambiantes extr\u00eames<\/p>\n<p class=\"bodytext\"><strong>Exemples d&rsquo;utilisation :<\/strong><\/p>\n<\/li>\n<li>PV-Monitoring \/ Solar Monitoring sur fermes photovolta\u00efques<\/li>\n<li>Stations hydro-m\u00e9t\u00e9orologiques<\/li>\n<li>Stations m\u00e9t\u00e9orologiques de r\u00e9f\u00e9rence<\/li>\n<li>Int\u00e9gration dans divers autres syst\u00e8mes\/solutions, o\u00f9 ces param\u00e8tres de mesure sont n\u00e9cessaires&#8230;<\/li>\n<\/ul>\n<\/li>\n<\/ul>\n<\/li>\n<\/ul>\n","protected":false},"excerpt":{"rendered":"<p>Premier et seul capteur m\u00e9t\u00e9orologique compact avec pyranom\u00e8tre Kipp &amp; Zonen CMP10 int\u00e9gr\u00e9 avec qualit\u00e9 standard secondaire.<\/p>\n","protected":false},"featured_media":5042,"comment_status":"closed","ping_status":"closed","template":"","meta":[],"product_cat":[64],"product_tag":[],"_links":{"self":[{"href":"https:\/\/greentelemesure.com\/index.php\/wp-json\/wp\/v3\/product\/3904"}],"collection":[{"href":"https:\/\/greentelemesure.com\/index.php\/wp-json\/wp\/v3\/product"}],"about":[{"href":"https:\/\/greentelemesure.com\/index.php\/wp-json\/wp\/v2\/types\/product"}],"replies":[{"embeddable":true,"href":"https:\/\/greentelemesure.com\/index.php\/wp-json\/wp\/v2\/comments?post=3904"}],"wp:featuredmedia":[{"embeddable":true,"href":"https:\/\/greentelemesure.com\/index.php\/wp-json\/wp\/v2\/media\/5042"}],"wp:attachment":[{"href":"https:\/\/greentelemesure.com\/index.php\/wp-json\/wp\/v2\/media?parent=3904"}],"wp:term":[{"taxonomy":"product_cat","embeddable":true,"href":"https:\/\/greentelemesure.com\/index.php\/wp-json\/wp\/v2\/product_cat?post=3904"},{"taxonomy":"product_tag","embeddable":true,"href":"https:\/\/greentelemesure.com\/index.php\/wp-json\/wp\/v2\/product_tag?post=3904"}],"curies":[{"name":"wp","href":"https:\/\/api.w.org\/{rel}","templated":true}]}}