{"id":3910,"date":"2022-02-10T14:28:19","date_gmt":"2022-02-10T13:28:19","guid":{"rendered":"http:\/\/41.249.251.2:8004\/?post_type=product&#038;p=3910"},"modified":"2023-04-07T13:19:53","modified_gmt":"2023-04-07T12:19:53","slug":"apogee-pyranometres-a-cellule-de-silicium","status":"publish","type":"product","link":"https:\/\/greentelemesure.com\/index.php\/produit\/apogee-pyranometres-a-cellule-de-silicium\/","title":{"rendered":"Pyranom\u00e8tres \u00e0 cellule de silicium"},"content":{"rendered":"<div class=\"product-tabs\">\n<div class=\"tab-content\">\n<div id=\"overview\" class=\"tab-pane active\">\n<p>Le rayonnement solaire \u00e0 la surface de la Terre est g\u00e9n\u00e9ralement d\u00e9fini comme le rayonnement total sur une gamme de longueurs d&rsquo;onde de 280 \u00e0 4000 nm (rayonnement \u00e0 ondes courtes).\u00a0Le rayonnement solaire total, direct et diffus, incident sur une surface horizontale est d\u00e9fini comme le rayonnement global \u00e0 ondes courtes, ou irradiance \u00e0 ondes courtes (flux radiant incident), et est exprim\u00e9 en Watts par m\u00e8tre carr\u00e9 (W m\u00a0<sup>-2<\/sup>\u00a0, \u00e9gal \u00e0 Joules par seconde par m\u00e8tre carr\u00e9).<\/p>\n<p>Les pyranom\u00e8tres sont des capteurs qui mesurent le rayonnement global \u00e0 ondes courtes.\u00a0Les pyranom\u00e8tres de la s\u00e9rie Apogee sont des pyranom\u00e8tres \u00e0 cellules de silicium et ne sont sensibles qu&rsquo;\u00e0 une partie du spectre solaire, environ 350-1100 nm (environ 80 % du rayonnement total \u00e0 ondes courtes se situe dans cette plage).\u00a0Cependant, les pyranom\u00e8tres \u00e0 cellule de silicium sont calibr\u00e9s pour estimer le rayonnement total \u00e0 ondes courtes sur l&rsquo;ensemble du spectre solaire.\u00a0Les sp\u00e9cifications du pyranom\u00e8tre \u00e0 cellule de silicium r\u00e9pondent aux exigences de l&rsquo;Organisation internationale de normalisation (ISO) 9060:2018 Classe C.<\/p>\n<p>Les pyranom\u00e8tres de la s\u00e9rie Apogee Instruments SP se composent d&rsquo;un diffuseur en acrylique coul\u00e9 (filtre), d&rsquo;une photodiode et d&rsquo;un circuit de traitement du signal mont\u00e9s dans un bo\u00eetier en aluminium anodis\u00e9, et d&rsquo;un c\u00e2ble pour connecter le capteur \u00e0 un appareil de mesure.\u00a0Les capteurs sont solides en pot, sans espace d&rsquo;air interne et avec une t\u00eate en forme de d\u00f4me, ce qui rend le capteur enti\u00e8rement r\u00e9sistant aux intemp\u00e9ries et autonettoyant, con\u00e7u pour la mesure continue du rayonnement total \u00e0 ondes courtes sur une surface plane dans des environnements ext\u00e9rieurs.\u00a0Les capteurs de la s\u00e9rie SP produisent une tension analogique qui est directement proportionnelle au rayonnement total \u00e0 ondes courtes du soleil.\u00a0Le signal de tension du capteur est directement proportionnel au rayonnement incident sur une surface plane (ne doit pas n\u00e9cessairement \u00eatre horizontale), o\u00f9 le rayonnement \u00e9mane de tous les angles d&rsquo;un h\u00e9misph\u00e8re.<\/p>\n<h3>Applications typiques<\/h3>\n<p>Le rayonnement total \u00e0 ondes courtes est un \u00e9l\u00e9ment important dans la d\u00e9termination des taux d&rsquo;\u00e9vapotranspiration, du bilan \u00e9nerg\u00e9tique et du rayonnement net.\u00a0Les capteurs sont \u00e9galement utilis\u00e9s pour optimiser les syst\u00e8mes photovolta\u00efques et les panneaux solaires.\u00a0Les applications incluent la mesure du rayonnement \u00e0 ondes courtes dans les r\u00e9seaux m\u00e9t\u00e9orologiques agricoles, \u00e9cologiques et hydrologiques.<\/p>\n<p><strong>Pyranom\u00e8tre millivolt SP-110<\/strong><\/p>\n<p>Le SP-110 est un capteur auto-aliment\u00e9 \u00e0 faible co\u00fbt mais tr\u00e8s pr\u00e9cis avec une sortie millivolt et pr\u00e9sente une excellente r\u00e9ponse cosinus.\u00a0Le SP-110 est id\u00e9alement pris en charge par le<span style=\"color: #000000\">\u00a0<\/span><span style=\"color: #000000\"><a style=\"color: #000000\" href=\"http:\/\/www.ictinternational.com\/products\/lsm3\/\">capteur de lumi\u00e8re LSM3 pour pyranom\u00e8tres<\/a><\/span>\u00a0pour l&rsquo;enregistrement des donn\u00e9es et la surveillance \u00e0 long terme.<\/p>\n<div>Le SP-110 est disponible dans une<span style=\"color: #000000\">\u00a0<\/span><span style=\"color: #000000\"><a style=\"color: #000000\" href=\"https:\/\/ictinternational.com\/products\/snip-sr1\/snip-sr1\/\">configuration IoT (Internet des objets) pr\u00e9configur\u00e9e<\/a><\/span>\u00a0pour une surveillance continue du rayonnement solaire en temps r\u00e9el.<\/div>\n<p id=\"sp212\"><strong>Pyranom\u00e8tre SP-212 Volts<\/strong><\/p>\n<p>Le SP-212 est un capteur amplifi\u00e9 avec une sortie de 0 \u00e0 2,5 volts et pr\u00e9sente une excellente r\u00e9ponse cosinus.<\/p>\n<p id=\"sp214\"><strong>SP-214 Pyranom\u00e8tre 4-20mA<\/strong><\/p>\n<p>Le SP-214 est un capteur amplifi\u00e9 avec une sortie 4-20 mA et pr\u00e9sente une excellente r\u00e9ponse cosinus.\u00a0Le capteur a \u00e9t\u00e9 con\u00e7u pour \u00eatre utilis\u00e9 dans des environnements pr\u00e9sentant un bruit de fond \u00e9lectrique important que l&rsquo;on retrouve dans de nombreuses applications industrielles.<\/p>\n<p id=\"sp230\"><strong>Pyranom\u00e8tre chauff\u00e9 SP-230<\/strong><\/p>\n<p>Le pyranom\u00e8tre toutes saisons Apogee SP-230 change la donne dans la mesure du rayonnement solaire en \u00e9liminant enfin le probl\u00e8me de l&rsquo;accumulation de neige, de givre et de ros\u00e9e sur le capteur, un probl\u00e8me qui affecte consid\u00e9rablement la pr\u00e9cision de nombreux radiom\u00e8tres tout au long de l&rsquo;ann\u00e9e (Malek, 2008).\u00a0Apogee a combin\u00e9 un petit radiateur interne (0,18 Watt), une t\u00eate en forme de d\u00f4me et une base sur\u00e9lev\u00e9e pour que le SP-230 continue de suivre un pyranom\u00e8tre de r\u00e9f\u00e9rence chauff\u00e9 et ventil\u00e9 co\u00fbteux pendant les conditions m\u00e9t\u00e9orologiques les plus extr\u00eames, tout en utilisant 1\/80e de la puissance.\u00a0Le radiateur peut \u00eatre aliment\u00e9 par un petit panneau solaire et une batterie, m\u00eame les jours courts \u00e0 des latitudes \u00e9lev\u00e9es.<\/p>\n<p id=\"sp420\"><strong>Pyranom\u00e8tre intelligent SP-420<\/strong><\/p>\n<p>Le nouveau pyranom\u00e8tre intelligent SP-420 peut \u00eatre connect\u00e9 directement \u00e0 un ordinateur pour prendre des mesures ponctuelles ou repr\u00e9senter graphiquement et enregistrer des donn\u00e9es de rayonnement \u00e0 ondes courtes en temps r\u00e9el \u00e0 l&rsquo;aide du logiciel inclus.\u00a0Le capteur peut \u00e9galement agir comme un enregistreur de donn\u00e9es de rayonnement \u00e0 ondes courtes autonome en le connectant simplement \u00e0 n&rsquo;importe quelle prise d&rsquo;alimentation USB standard de 5 V CC.\u00a0La m\u00e9moire interne de la t\u00eate du capteur est capable de stocker 10 000 mesures p\u00e9riodiques sp\u00e9cifi\u00e9es par l&rsquo;utilisateur qui peuvent \u00eatre t\u00e9l\u00e9charg\u00e9es sous forme de fichier CSV sur un ordinateur pour analyse.<\/p>\n<p id=\"sp421\"><strong>Pyranom\u00e8tre SP-421 (SDI-12)<\/strong><\/p>\n<p>Le SP-421 est un capteur pyranom\u00e8tre num\u00e9rique avec protocole de communication SDI-12.<\/p>\n<p id=\"sp422\"><strong>Pyranom\u00e8tre \u00e0 cellule de silicium \u00e0 sortie num\u00e9rique Modbus SP-422<\/strong><\/p>\n<p>Le capteur SP-422 \u00e9met un signal num\u00e9rique \u00e0 l&rsquo;aide du protocole Modbus RTU sur RS-232 ou RS-485.\u00a0Le capteur int\u00e8gre une photodiode \u00e0 cellule de silicium avec une conception de bo\u00eetier de capteur robuste et autonettoyant, et un c\u00e2ble de haute qualit\u00e9 se terminant par des fils en queue de cochon pr\u00e9-\u00e9tam\u00e9s pour une connexion facile aux enregistreurs de donn\u00e9es et aux contr\u00f4leurs.\u00a0Les applications typiques incluent la mesure du rayonnement \u00e0 ondes courtes dans les r\u00e9seaux m\u00e9t\u00e9orologiques agricoles, \u00e9cologiques et hydrologiques.\u00a0Les capteurs sont \u00e9galement utilis\u00e9s pour optimiser les syst\u00e8mes photovolta\u00efques.\u00a0Le capteur comprend un connecteur de c\u00e2ble en acier inoxydable de qualit\u00e9 marine IP68 pour simplifier le retrait et le remplacement du capteur pour la maintenance et le r\u00e9\u00e9talonnage.<\/p>\n<div id=\"details\" class=\"tab-pane active\">\n<h3>Tra\u00e7abilit\u00e9 de l&rsquo;\u00e9talonnage<\/h3>\n<p>Les pyranom\u00e8tres de la s\u00e9rie Apogee Instruments SP sont \u00e9talonn\u00e9s par comparaison c\u00f4te \u00e0 c\u00f4te avec la moyenne de quatre pyranom\u00e8tres standard de transfert Apogee SP-110 (r\u00e9f\u00e9rence de rayonnement \u00e0 ondes courtes) sous des lampes aux halog\u00e9nures m\u00e9talliques \u00e0 d\u00e9charge \u00e0 haute intensit\u00e9.\u00a0Les pyranom\u00e8tres standard de transfert sont \u00e9talonn\u00e9s par comparaison c\u00f4te \u00e0 c\u00f4te avec la moyenne d&rsquo;au moins deux pyranom\u00e8tres de r\u00e9f\u00e9rence class\u00e9s ISO sous la lumi\u00e8re du soleil (conditions de ciel clair) \u00e0 Logan, Utah.\u00a0Chacun des quatre pyanom\u00e8tres de r\u00e9f\u00e9rence class\u00e9s ISO est r\u00e9\u00e9talonn\u00e9 en alternance (deux instruments par an) au National Renewable Energy Laboratory (NREL) \u00e0 Golden, Colorado.\u00a0Les \u00e9talons de r\u00e9f\u00e9rence NREL sont calibr\u00e9s \u00e0 la r\u00e9f\u00e9rence radiom\u00e9trique mondiale (WRR) \u00e0 Davos, en Suisse.<\/p>\n<\/div>\n<\/div>\n<\/div>\n<\/div>\n","protected":false},"excerpt":{"rendered":"<p class=\"summary\">Mesure pr\u00e9cise et stable du rayonnement global \u00e0 ondes courtes en W m-2.\u00a0Durable et \u00e9conomique, la gamme de pyranom\u00e8tres \u00e0 cellule de silicium Apogee comprend tous un d\u00e9tecteur \u00e0 cellule de silicium\u00a0:<\/p>\n<p class=\"summary\">Pyranom\u00e8tre millivolt SP-110<\/p>\n<p id=\"sp212\">Pyranom\u00e8tre SP-212 Volts<\/p>\n<p id=\"sp214\">SP-214 Pyranom\u00e8tre 4-20mA<\/p>\n<p id=\"sp230\">Pyranom\u00e8tre chauff\u00e9 SP-230<\/p>\n<p id=\"sp420\">Pyranom\u00e8tre intelligent SP-420<\/p>\n<p id=\"sp421\">Pyranom\u00e8tre SP-421 (SDI-12)<\/p>\n<p id=\"sp422\">Pyranom\u00e8tre \u00e0 cellule de silicium \u00e0 sortie num\u00e9rique Modbus SP-422<\/p>\n","protected":false},"featured_media":5043,"comment_status":"closed","ping_status":"closed","template":"","meta":[],"product_cat":[64],"product_tag":[],"_links":{"self":[{"href":"https:\/\/greentelemesure.com\/index.php\/wp-json\/wp\/v3\/product\/3910"}],"collection":[{"href":"https:\/\/greentelemesure.com\/index.php\/wp-json\/wp\/v3\/product"}],"about":[{"href":"https:\/\/greentelemesure.com\/index.php\/wp-json\/wp\/v2\/types\/product"}],"replies":[{"embeddable":true,"href":"https:\/\/greentelemesure.com\/index.php\/wp-json\/wp\/v2\/comments?post=3910"}],"wp:featuredmedia":[{"embeddable":true,"href":"https:\/\/greentelemesure.com\/index.php\/wp-json\/wp\/v2\/media\/5043"}],"wp:attachment":[{"href":"https:\/\/greentelemesure.com\/index.php\/wp-json\/wp\/v2\/media?parent=3910"}],"wp:term":[{"taxonomy":"product_cat","embeddable":true,"href":"https:\/\/greentelemesure.com\/index.php\/wp-json\/wp\/v2\/product_cat?post=3910"},{"taxonomy":"product_tag","embeddable":true,"href":"https:\/\/greentelemesure.com\/index.php\/wp-json\/wp\/v2\/product_tag?post=3910"}],"curies":[{"name":"wp","href":"https:\/\/api.w.org\/{rel}","templated":true}]}}