{"id":3925,"date":"2022-02-10T16:36:45","date_gmt":"2022-02-10T15:36:45","guid":{"rendered":"http:\/\/41.249.251.2:8004\/?post_type=product&#038;p=3925"},"modified":"2023-04-07T13:20:05","modified_gmt":"2023-04-07T12:20:05","slug":"pyranometres-a-thermopile-apogee","status":"publish","type":"product","link":"https:\/\/greentelemesure.com\/index.php\/produit\/pyranometres-a-thermopile-apogee\/","title":{"rendered":"Pyranom\u00e8tres \u00e0 thermopile"},"content":{"rendered":"<p class=\"summary\">Les pyranom\u00e8tres \u00e0 thermopile SP-510 (vers le haut) et SP-610 (vers le bas) sont con\u00e7us pour une mesure pr\u00e9cise et stable du rayonnement global \u00e0 ondes courtes et de la r\u00e9flectance.<\/p>\n<p><strong>Mesures pr\u00e9cises et stables<\/strong><\/p>\n<p>L&rsquo;\u00e9talonnage dans des conditions de laboratoire contr\u00f4l\u00e9es est tra\u00e7able \u00e0 la r\u00e9f\u00e9rence radiom\u00e9trique mondiale \u00e0 Davos, en Suisse.\u00a0Le mod\u00e8le orient\u00e9 vers le haut est corrig\u00e9 en cosinus, avec des erreurs directionnelles inf\u00e9rieures \u00e0 20 W m\u00a0<sup>2<\/sup>\u00a0\u00e0 un angle z\u00e9nithal solaire de 80\u00b0.\u00a0La non-stabilit\u00e9 \u00e0 long terme, d\u00e9termin\u00e9e \u00e0 partir de plusieurs pyranom\u00e8tres r\u00e9p\u00e9t\u00e9s lors d&rsquo;essais de vieillissement acc\u00e9l\u00e9r\u00e9 et de conditions de terrain, est inf\u00e9rieure \u00e0 2\u00a0% par an.<\/p>\n<p><strong>Bo\u00eetier robuste et autonettoyant\u00a0<\/strong><\/p>\n<p>La t\u00eate de capteur en forme de d\u00f4me brevet\u00e9e (diffuseur et corps) pour le mod\u00e8le orient\u00e9 vers le haut facilite le ruissellement de la ros\u00e9e et de la pluie pour garder le capteur propre et minimiser les erreurs caus\u00e9es par la poussi\u00e8re bloquant le trajet du rayonnement. Les capteurs sont log\u00e9s dans un corps en aluminium anodis\u00e9 robuste et l&rsquo;\u00e9lectronique est enti\u00e8rement enrob\u00e9e.<\/p>\n<p><strong>Options de sortie<\/strong><\/p>\n<p>Plusieurs options de sortie analogique sont disponibles, notamment\u00a0: 0 \u00e0 114\u00a0mV, 0 \u00e0 2,5\u00a0V et 0 \u00e0 5,0\u00a0V.\u00a0Le pyranom\u00e8tre \u00e0 thermopile est \u00e9galement disponible attach\u00e9 \u00e0 un compteur portatif avec affichage num\u00e9rique.<\/p>\n<p><strong>Montage<\/strong><\/p>\n<p>Une base isol\u00e9e thermiquement est incluse pour \u00eatre mont\u00e9e entre le capteur et la plaque de nivellement.\u00a0Le support de montage AM-110 facilite le montage de la plaque de nivellement AL-100 sur un m\u00e2t ou un tuyau.\u00a0Le niveau \u00e0 bulle dans la plaque rend le nivellement simple et pr\u00e9cis.<\/p>\n<p><strong>Design unique<\/strong><\/p>\n<p>Con\u00e7u pour optimiser les performances et le prix.\u00a0Le mod\u00e8le orient\u00e9 vers le haut combine un d\u00e9tecteur \u00e0 thermopile \u00e0 corps noir et un diffuseur en acrylique, et constitue une am\u00e9lioration significative par rapport \u00e0 la r\u00e9ponse spectrale des pyranom\u00e8tres \u00e0 cellules en silicium, mais maintient le prix proche de celui des pyranom\u00e8tres \u00e0 cellules en silicium.\u00a0Le mod\u00e8le orient\u00e9 vers le bas combine un d\u00e9tecteur \u00e0 thermopile \u00e0 corps noir et une fen\u00eatre en verre plat.\u00a0Il fonctionne de la m\u00eame mani\u00e8re que les pyranom\u00e8tres \u00e0 thermopile bomb\u00e9s vers le bas, mais sans le co\u00fbt du d\u00f4me.<\/p>\n<p><strong>Chauffage int\u00e9gr\u00e9<\/strong><\/p>\n<p>Un chauffage de 0,2 W maintient l&rsquo;eau (liquide et gel\u00e9e) hors du capteur et minimise les erreurs caus\u00e9es par la ros\u00e9e, le givre, la pluie et la neige bloquant le trajet du rayonnement.<\/p>\n<div class=\"product-tabs\">\n<div class=\"tab-content\">\n<div id=\"details\" class=\"tab-pane active\">\n<p>&nbsp;<\/p>\n<\/div>\n<\/div>\n<\/div>\n","protected":false},"excerpt":{"rendered":"<p class=\"summary\">Les pyranom\u00e8tres \u00e0 thermopile SP-510 (vers le haut) et SP-610 (vers le bas) sont con\u00e7us pour une mesure pr\u00e9cise et stable du rayonnement global \u00e0 ondes courtes et de la r\u00e9flectance.<\/p>\n<p>&nbsp;<\/p>\n","protected":false},"featured_media":5049,"comment_status":"closed","ping_status":"closed","template":"","meta":[],"product_cat":[64],"product_tag":[],"_links":{"self":[{"href":"https:\/\/greentelemesure.com\/index.php\/wp-json\/wp\/v3\/product\/3925"}],"collection":[{"href":"https:\/\/greentelemesure.com\/index.php\/wp-json\/wp\/v3\/product"}],"about":[{"href":"https:\/\/greentelemesure.com\/index.php\/wp-json\/wp\/v2\/types\/product"}],"replies":[{"embeddable":true,"href":"https:\/\/greentelemesure.com\/index.php\/wp-json\/wp\/v2\/comments?post=3925"}],"wp:featuredmedia":[{"embeddable":true,"href":"https:\/\/greentelemesure.com\/index.php\/wp-json\/wp\/v2\/media\/5049"}],"wp:attachment":[{"href":"https:\/\/greentelemesure.com\/index.php\/wp-json\/wp\/v2\/media?parent=3925"}],"wp:term":[{"taxonomy":"product_cat","embeddable":true,"href":"https:\/\/greentelemesure.com\/index.php\/wp-json\/wp\/v2\/product_cat?post=3925"},{"taxonomy":"product_tag","embeddable":true,"href":"https:\/\/greentelemesure.com\/index.php\/wp-json\/wp\/v2\/product_tag?post=3925"}],"curies":[{"name":"wp","href":"https:\/\/api.w.org\/{rel}","templated":true}]}}