{"id":3933,"date":"2022-02-11T12:01:09","date_gmt":"2022-02-11T11:01:09","guid":{"rendered":"http:\/\/41.249.251.2:8004\/?post_type=product&#038;p=3933"},"modified":"2023-04-07T13:20:17","modified_gmt":"2023-04-07T12:20:17","slug":"si-421-ss-capteur-de-radiometre-infrarouge-a-champ-de-vision-etroit-a-sortie-numerique-sdi-12-de-qualite-recherche","status":"publish","type":"product","link":"https:\/\/greentelemesure.com\/index.php\/produit\/si-421-ss-capteur-de-radiometre-infrarouge-a-champ-de-vision-etroit-a-sortie-numerique-sdi-12-de-qualite-recherche\/","title":{"rendered":"SI-421-SS: Capteur de radiom\u00e8tre infrarouge \u00e0 champ de vision \u00e9troit \u00e0 sortie num\u00e9rique SDI-12 de qualit\u00e9 Recherche"},"content":{"rendered":"<p>Les radiom\u00e8tres infrarouges Apogee sont les capteurs de temp\u00e9rature sans contact les plus pr\u00e9cis disponibles partout.\u00a0Le\u00a0<strong>SI-421<\/strong>\u00a0a une\u00a0sortie num\u00e9rique\u00a0<strong>SDI-12<\/strong>\u00a0 est livr\u00e9 avec un champ de vision demi-angle de <strong>18 degr\u00e9s .\u00a0<\/strong>Le capteur a des c\u00e2bles \u00e9tam\u00e9s pour le raccordement \u00e0 un enregistreur de donn\u00e9es.\u00a0Les applications comprennent la mesure des temp\u00e9ratures des rev\u00eatements routiers, des couverts v\u00e9g\u00e9taux et des surfaces du sol, de la neige et de l&rsquo;eau.\u00a0La mesure de la temp\u00e9rature de surface est un \u00e9l\u00e9ment crucial du transfert d&rsquo;\u00e9nergie.\u00a0Une mesure pr\u00e9cise du gradient de temp\u00e9rature feuille-air est essentielle \u00e0 la d\u00e9termination du taux de transpiration et de la conductance stomatique des feuilles simples et des couverts v\u00e9g\u00e9taux.<\/p>\n","protected":false},"excerpt":{"rendered":"<p>Radiom\u00e8tre infrarouge \u00e0 champ de vision standard \u00e0 sortie num\u00e9rique SDI-12.<\/p>\n","protected":false},"featured_media":5053,"comment_status":"closed","ping_status":"closed","template":"","meta":[],"product_cat":[64],"product_tag":[],"_links":{"self":[{"href":"https:\/\/greentelemesure.com\/index.php\/wp-json\/wp\/v3\/product\/3933"}],"collection":[{"href":"https:\/\/greentelemesure.com\/index.php\/wp-json\/wp\/v3\/product"}],"about":[{"href":"https:\/\/greentelemesure.com\/index.php\/wp-json\/wp\/v2\/types\/product"}],"replies":[{"embeddable":true,"href":"https:\/\/greentelemesure.com\/index.php\/wp-json\/wp\/v2\/comments?post=3933"}],"wp:featuredmedia":[{"embeddable":true,"href":"https:\/\/greentelemesure.com\/index.php\/wp-json\/wp\/v2\/media\/5053"}],"wp:attachment":[{"href":"https:\/\/greentelemesure.com\/index.php\/wp-json\/wp\/v2\/media?parent=3933"}],"wp:term":[{"taxonomy":"product_cat","embeddable":true,"href":"https:\/\/greentelemesure.com\/index.php\/wp-json\/wp\/v2\/product_cat?post=3933"},{"taxonomy":"product_tag","embeddable":true,"href":"https:\/\/greentelemesure.com\/index.php\/wp-json\/wp\/v2\/product_tag?post=3933"}],"curies":[{"name":"wp","href":"https:\/\/api.w.org\/{rel}","templated":true}]}}