{"id":3939,"date":"2022-02-11T12:48:35","date_gmt":"2022-02-11T11:48:35","guid":{"rendered":"http:\/\/41.249.251.2:8004\/?post_type=product&#038;p=3939"},"modified":"2023-04-07T13:20:29","modified_gmt":"2023-04-07T12:20:29","slug":"apogee-serie-su-200-uv-a","status":"publish","type":"product","link":"https:\/\/greentelemesure.com\/index.php\/produit\/apogee-serie-su-200-uv-a\/","title":{"rendered":"S\u00e9rie SU-200 UV-A"},"content":{"rendered":"<div class=\"product-tabs\">\n<div class=\"tab-content\">\n<div id=\"details\" class=\"tab-pane active\">\n<div class=\"col-6 col-t-6 one-third align-right\">\n<div>\n<div>\n<p>La s\u00e9rie SU-200 de capteurs UV-A d&rsquo;Apogee offre une option peu co\u00fbteuse pour d\u00e9tecter le rayonnement UV de 300 \u00e0 400 nm et est calibr\u00e9e en unit\u00e9s de flux d&rsquo;\u00e9nergie de watts par m\u00e8tre carr\u00e9.\u00a0Les applications typiques incluent la surveillance de la capacit\u00e9 de filtrage et de la stabilit\u00e9 de divers mat\u00e9riaux, la mesure du rayonnement UV-A dans les environnements ext\u00e9rieurs et l&rsquo;utilisation en laboratoire, et la surveillance du rayonnement UV dans les environnements d&rsquo;exploitation horticole.\u00a0Le capteur comprend un connecteur de c\u00e2ble en acier inoxydable de qualit\u00e9 marine IP68 \u00e0 30 cm de la t\u00eate pour simplifier le retrait et le remplacement du capteur pour la maintenance et le r\u00e9\u00e9talonnage.<\/p>\n<ul>\n<li>Le SU-200 est un capteur analogique non amplifi\u00e9 avec une sortie de tension.<\/li>\n<li>Le SU-202 est un capteur UV-A amplifi\u00e9 avec une sortie de 0 \u00e0 2,5 V.<\/li>\n<li>Le SU-205 est un capteur UV-A amplifi\u00e9 avec une sortie de 0 \u00e0 5 V.<\/li>\n<\/ul>\n<\/div>\n<div>\n<h4 class=\"product-page-title\">Bo\u00eetier robuste et autonettoyant<\/h4>\n<\/div>\n<div class=\"product-page-content\">La t\u00eate de capteur en forme de d\u00f4me brevet\u00e9e facilite le ruissellement de la ros\u00e9e et de la pluie, aidant \u00e0 garder le d\u00e9tecteur propre et minimisant les erreurs caus\u00e9es par la poussi\u00e8re bloquant le trajet du rayonnement.\u00a0Les capteurs sont log\u00e9s dans un corps en aluminium anodis\u00e9 robuste et l&rsquo;\u00e9lectronique est enti\u00e8rement enrob\u00e9e.<\/div>\n<\/div>\n<div>\n<h4 class=\"product-page-title\">Application typique<\/h4>\n<div class=\"product-page-content\">Les applications comprennent : la mesure du rayonnement UV dans les environnements ext\u00e9rieurs, l&rsquo;utilisation en laboratoire avec des sources lumineuses artificielles (par exemple, des lampes germicides) et la surveillance de la capacit\u00e9 de filtrage et de la stabilit\u00e9 de divers mat\u00e9riaux.<\/div>\n<\/div>\n<div>\n<h4 class=\"product-page-title\">Unit\u00e9s de mesure<\/h4>\n<div class=\"product-page-content\">Les facteurs d&rsquo;\u00e9talonnage pour les unit\u00e9s de densit\u00e9 de flux de photons [\u00b5mol m\u00a0<sup>-2<\/sup>\u00a0s\u00a0<sup>-1<\/sup>\u00a0] et la densit\u00e9 de flux d&rsquo;\u00e9nergie [W m\u00a0<sup>-2<\/sup>\u00a0] sont fournis avec chaque capteur permettant des conversions d&rsquo;unit\u00e9s rapides.<\/div>\n<div>\n<div class=\"col-6 col-t-6 one-third align-left\">\n<div>\n<h4 class=\"product-page-title\">Large \u00e9ventail<\/h4>\n<div class=\"product-page-content\">Sensible de 300 \u00e0 400 nm, couvrant la gamme UV solaire et la gamme de sortie UV des lampes \u00e9lectriques.<\/div>\n<\/div>\n<div>\n<h4 class=\"product-page-title\">C\u00e2ble de haute qualit\u00e9<\/h4>\n<div class=\"product-page-content\">Les capteurs en queue de cochon sont dot\u00e9s d&rsquo;un connecteur de c\u00e2ble en acier inoxydable de qualit\u00e9 marine IP68 \u00e0 environ 30 cm de la t\u00eate pour simplifier le retrait du capteur pour la maintenance et le r\u00e9\u00e9talonnage.\u00a0Le c\u00e2ble est une paire de fils torsad\u00e9s blind\u00e9s avec une gaine TPR pour une r\u00e9sistance \u00e9lev\u00e9e \u00e0 l&rsquo;eau, une stabilit\u00e9 aux UV et une flexibilit\u00e9 dans des conditions froides.<\/div>\n<\/div>\n<div>\n<div class=\"product-page-content\"><\/div>\n<\/div>\n<\/div>\n<\/div>\n<\/div>\n<\/div>\n<\/div>\n<\/div>\n<\/div>\n","protected":false},"excerpt":{"rendered":"<p>Mesure le rayonnement total de 300 \u00e0 400 nm.<\/p>\n<ul>\n<li><\/li>\n<\/ul>\n","protected":false},"featured_media":5057,"comment_status":"closed","ping_status":"closed","template":"","meta":[],"product_cat":[64],"product_tag":[],"_links":{"self":[{"href":"https:\/\/greentelemesure.com\/index.php\/wp-json\/wp\/v3\/product\/3939"}],"collection":[{"href":"https:\/\/greentelemesure.com\/index.php\/wp-json\/wp\/v3\/product"}],"about":[{"href":"https:\/\/greentelemesure.com\/index.php\/wp-json\/wp\/v2\/types\/product"}],"replies":[{"embeddable":true,"href":"https:\/\/greentelemesure.com\/index.php\/wp-json\/wp\/v2\/comments?post=3939"}],"wp:featuredmedia":[{"embeddable":true,"href":"https:\/\/greentelemesure.com\/index.php\/wp-json\/wp\/v2\/media\/5057"}],"wp:attachment":[{"href":"https:\/\/greentelemesure.com\/index.php\/wp-json\/wp\/v2\/media?parent=3939"}],"wp:term":[{"taxonomy":"product_cat","embeddable":true,"href":"https:\/\/greentelemesure.com\/index.php\/wp-json\/wp\/v2\/product_cat?post=3939"},{"taxonomy":"product_tag","embeddable":true,"href":"https:\/\/greentelemesure.com\/index.php\/wp-json\/wp\/v2\/product_tag?post=3939"}],"curies":[{"name":"wp","href":"https:\/\/api.w.org\/{rel}","templated":true}]}}