{"id":3966,"date":"2022-02-11T15:35:11","date_gmt":"2022-02-11T14:35:11","guid":{"rendered":"http:\/\/41.249.251.2:8004\/?post_type=product&#038;p=3966"},"modified":"2023-04-07T13:21:03","modified_gmt":"2023-04-07T12:21:03","slug":"jauge-a-bulles-et-enregistreur-a-debit-constant-a-double-orifice","status":"publish","type":"product","link":"https:\/\/greentelemesure.com\/index.php\/produit\/jauge-a-bulles-et-enregistreur-a-debit-constant-a-double-orifice\/","title":{"rendered":"Jauge \u00e0 bulles et enregistreur \u00e0 d\u00e9bit constant \u00e0 double orifice"},"content":{"rendered":"<div id=\"feature\" class=\"resprel\">\n<ul>\n<li>Mesure et journalisation d\u00e9finies par l&rsquo;utilisateur.\u00a0La version -2 effectue des mesures s\u00e9par\u00e9es \u00e0 2 endroits.\u00a0Les gestionnaires du barboteur exercent une pression sur chaque ligne d&rsquo;orifice ind\u00e9pendamment afin que les pressions dans une ligne n&rsquo;affectent pas le fonctionnement de l&rsquo;autre ligne.<\/li>\n<li>Effectuez des mesures dans des canaux s\u00e9par\u00e9s ou des plans d&rsquo;eau s\u00e9par\u00e9s ou dans la m\u00eame zone que des capteurs redondants (version -2)<\/li>\n<li>Installez l&rsquo;orifice Bubbler avec une s\u00e9paration verticale pour obtenir une plage de mesure \u00e9tendue jusqu&rsquo;\u00e0 50 psi au total sur une unit\u00e9 de 25 psi.<\/li>\n<li>La version -3 ajoute un capteur de densit\u00e9 sp\u00e9cial ultra-pr\u00e9cis.\u00a0La mesure de densit\u00e9 -3 est plus pr\u00e9cise (0,1%) que ne le seraient les mesures par des capteurs \u00e0 \u00e9tage s\u00e9par\u00e9s sur site.<\/li>\n<li>Bubbler est \u00e0 la fois un enregistreur et un capteur, capable de fonctionner de mani\u00e8re autonome ou avec d&rsquo;autres enregistreurs\/dispositifs de communication via SDI-12, RS232 et RS485.<\/li>\n<li>Flash Log contient plus de 300 000 lectures et permet d&rsquo;enregistrer l&rsquo;\u00e9tat, les donn\u00e9es de niveau d&rsquo;eau.<\/li>\n<li>Les interfaces SDI-12 et RS232\/RS485 fournissent des donn\u00e9es aux enregistreurs ou aux \u00e9quipements de communication.<\/li>\n<li>Le barboteur CF \u00e0 double orifice prend en charge le protocole MODBUS.<\/li>\n<li>Le port RS232 prend en charge un mode de ligne de commande simple compatible avec HyperTerminal et d&rsquo;autres appareils de communication.<\/li>\n<li>Le port RS232 offre \u00e9galement un acc\u00e8s complet \u00e0 la configuration, \u00e0 l&rsquo;\u00e9tat et aux donn\u00e9es du Bubbler, ainsi qu&rsquo;une connexion facile \u00e0 un modem ou \u00e0 une radio.<\/li>\n<li>Panneau avant pour configurer les param\u00e8tres de fonctionnement, surveiller les performances, tester et examiner le journal.<\/li>\n<li>Autonome ne n\u00e9cessitant qu&rsquo;une alimentation externe et un tube d&rsquo;orifice.<\/li>\n<li>D\u00e9shydratant longue dur\u00e9e (1 an en fonction de l&rsquo;humidit\u00e9 locale et du d\u00e9bit d\u00e9fini par l&rsquo;utilisateur)<\/li>\n<li>Taux de bulle d\u00e9fini par l&rsquo;utilisateur pour chaque ligne pour s&rsquo;adapter \u00e0 une vari\u00e9t\u00e9 de conditions de terrain.<\/li>\n<li>Configuration d\u00e9finie par l&rsquo;utilisateur des poux \u00e0 un ou deux orifices et fonctionnement \u00e0 plage \u00e9tendue (-2 uniquement)<\/li>\n<li>Capteur Accubar\u00ae de pr\u00e9cision int\u00e9gr\u00e9, pr\u00e9cision de 0 \u00e0 20 pieds.\u00a00,01 pi, 20-57,5 pi.\u00a00,05\u00a0% de lecture.\u00a0Pr\u00e9cision de la version 50 psi 20-115.3ft.\u00a00,05\u00a0% de lecture.<\/li>\n<li>Moyenne configur\u00e9e par l&rsquo;utilisateur pour filtrer les ondes.<\/li>\n<li>Purge automatique d\u00e9finie par l&rsquo;utilisateur pour garder la sortie exempte de d\u00e9bris.\u00a0Les capteurs se mettent \u00e0 z\u00e9ro automatiquement apr\u00e8s la purge pour \u00e9viter la d\u00e9rive du capteur.<\/li>\n<li>Stockage de donn\u00e9es redondant lorsqu&rsquo;il est connect\u00e9 \u00e0 un enregistreur externe.<\/li>\n<\/ul>\n<\/div>\n<div id=\"applications\" class=\"resprel\">\n<ul>\n<li>M\u00e9t\u00e9orologie et climatologie<\/li>\n<li>Avertissement de catastrophe<\/li>\n<li>Niveau et d\u00e9bit d&rsquo;eau<\/li>\n<li>La qualit\u00e9 d&rsquo;eau<\/li>\n<li>Hydrologie<\/li>\n<\/ul>\n<\/div>\n","protected":false},"excerpt":{"rendered":"<p>La jauge \u00e0 bulles \u00e0 double orifice Sutron Accubar Constant Flow (CF), un appareil de pr\u00e9cision autonome pour mesurer les niveaux d&rsquo;eau, la temp\u00e9rature de l&rsquo;eau*, les s\u00e9diments en suspension* et la densit\u00e9* en utilisant des principes \u00e9tablis de longue date de la jauge \u00e0 bulles.<\/p>\n","protected":false},"featured_media":5065,"comment_status":"closed","ping_status":"closed","template":"","meta":[],"product_cat":[67],"product_tag":[],"_links":{"self":[{"href":"https:\/\/greentelemesure.com\/index.php\/wp-json\/wp\/v3\/product\/3966"}],"collection":[{"href":"https:\/\/greentelemesure.com\/index.php\/wp-json\/wp\/v3\/product"}],"about":[{"href":"https:\/\/greentelemesure.com\/index.php\/wp-json\/wp\/v2\/types\/product"}],"replies":[{"embeddable":true,"href":"https:\/\/greentelemesure.com\/index.php\/wp-json\/wp\/v2\/comments?post=3966"}],"wp:featuredmedia":[{"embeddable":true,"href":"https:\/\/greentelemesure.com\/index.php\/wp-json\/wp\/v2\/media\/5065"}],"wp:attachment":[{"href":"https:\/\/greentelemesure.com\/index.php\/wp-json\/wp\/v2\/media?parent=3966"}],"wp:term":[{"taxonomy":"product_cat","embeddable":true,"href":"https:\/\/greentelemesure.com\/index.php\/wp-json\/wp\/v2\/product_cat?post=3966"},{"taxonomy":"product_tag","embeddable":true,"href":"https:\/\/greentelemesure.com\/index.php\/wp-json\/wp\/v2\/product_tag?post=3966"}],"curies":[{"name":"wp","href":"https:\/\/api.w.org\/{rel}","templated":true}]}}