{"id":3973,"date":"2022-02-11T16:30:29","date_gmt":"2022-02-11T15:30:29","guid":{"rendered":"http:\/\/41.249.251.2:8004\/?post_type=product&#038;p=3973"},"modified":"2023-04-07T13:21:10","modified_gmt":"2023-04-07T12:21:10","slug":"thermometre-numerique-interieur-exterieur","status":"publish","type":"product","link":"https:\/\/greentelemesure.com\/index.php\/produit\/thermometre-numerique-interieur-exterieur\/","title":{"rendered":"Thermom\u00e8tre num\u00e9rique int\u00e9rieur-ext\u00e9rieur"},"content":{"rendered":"<p>Ce thermom\u00e8tre fonctionnel est id\u00e9al pour la mesure simultan\u00e9e des temp\u00e9ratures int\u00e9rieures et ext\u00e9rieures.\u00a0Gr\u00e2ce au grand \u00e9cran, les valeurs sont particuli\u00e8rement faciles \u00e0 lire.<br \/>\nLe contr\u00f4le de la temp\u00e9rature int\u00e9rieure est un facteur important pour un environnement de vie confortable et sain et permet d&rsquo;\u00e9conomiser de l&rsquo;\u00e9nergie.\u00a0M\u00eame un degr\u00e9 de temp\u00e9rature en moins peut entra\u00eener jusqu&rsquo;\u00e0 6 % de r\u00e9duction des co\u00fbts de chauffage.<br \/>\nLorsqu&rsquo;il est plac\u00e9 \u00e0 la fen\u00eatre, le c\u00e2ble du capteur est simplement conduit \u00e0 l&rsquo;ext\u00e9rieur pour mesurer la temp\u00e9rature ext\u00e9rieure.\u00a0Le max.-min.\u00a0la m\u00e9moire avec remise \u00e0 z\u00e9ro manuelle permet l&rsquo;observation des valeurs maximales sur une p\u00e9riode de temps auto-s\u00e9lectionn\u00e9e.<br \/>\nLes possibilit\u00e9s d&rsquo;application des thermom\u00e8tres avec c\u00e2bles capteurs sont multiples et ne se limitent pas seulement \u00e0 la temp\u00e9rature ext\u00e9rieure.\u00a0En raison de la grande plage de mesure, le capteur de mesure \u00e9tanche peut \u00e9galement \u00eatre utilis\u00e9 pour surveiller la temp\u00e9rature du r\u00e9frig\u00e9rateur et du cong\u00e9lateur ou pour mesurer la temp\u00e9rature de l&rsquo;eau dans l&rsquo;aquarium.<\/p>\n<h4>Une fonction<\/h4>\n<ul class=\"list-features\">\n<li>Avec grand \u00e9cran<\/li>\n<li>Temp\u00e9rature ext\u00e9rieure via c\u00e2ble<\/li>\n<li>Fonction max.-min.<\/li>\n<\/ul>\n","protected":false},"excerpt":{"rendered":"<ul class=\"list list-icon list-icon-check\">\n<li>Affichage des temp\u00e9ratures int\u00e9rieure-ext\u00e9rieure<\/li>\n<li>Temp\u00e9rature ext\u00e9rieure via c\u00e2ble<\/li>\n<li>Aussi pour la surveillance de cong\u00e9lateur \/ aquarium<\/li>\n<li>Maximum minimum.\u00a0valeurs<\/li>\n<li>\u00c9cran extra-large<\/li>\n<\/ul>\n","protected":false},"featured_media":5066,"comment_status":"closed","ping_status":"closed","template":"","meta":[],"product_cat":[63],"product_tag":[],"_links":{"self":[{"href":"https:\/\/greentelemesure.com\/index.php\/wp-json\/wp\/v3\/product\/3973"}],"collection":[{"href":"https:\/\/greentelemesure.com\/index.php\/wp-json\/wp\/v3\/product"}],"about":[{"href":"https:\/\/greentelemesure.com\/index.php\/wp-json\/wp\/v2\/types\/product"}],"replies":[{"embeddable":true,"href":"https:\/\/greentelemesure.com\/index.php\/wp-json\/wp\/v2\/comments?post=3973"}],"wp:featuredmedia":[{"embeddable":true,"href":"https:\/\/greentelemesure.com\/index.php\/wp-json\/wp\/v2\/media\/5066"}],"wp:attachment":[{"href":"https:\/\/greentelemesure.com\/index.php\/wp-json\/wp\/v2\/media?parent=3973"}],"wp:term":[{"taxonomy":"product_cat","embeddable":true,"href":"https:\/\/greentelemesure.com\/index.php\/wp-json\/wp\/v2\/product_cat?post=3973"},{"taxonomy":"product_tag","embeddable":true,"href":"https:\/\/greentelemesure.com\/index.php\/wp-json\/wp\/v2\/product_tag?post=3973"}],"curies":[{"name":"wp","href":"https:\/\/api.w.org\/{rel}","templated":true}]}}