{"id":3978,"date":"2022-02-11T16:38:34","date_gmt":"2022-02-11T15:38:34","guid":{"rendered":"http:\/\/41.249.251.2:8004\/?post_type=product&#038;p=3978"},"modified":"2023-04-07T13:21:19","modified_gmt":"2023-04-07T12:21:19","slug":"pluviometre-sans-fil-drop-47-3005","status":"publish","type":"product","link":"https:\/\/greentelemesure.com\/index.php\/produit\/pluviometre-sans-fil-drop-47-3005\/","title":{"rendered":"Pluviom\u00e8tre sans fil DROP"},"content":{"rendered":"<p>Avec le pluviom\u00e8tre sans fil DROP, vous serez inform\u00e9 de trois valeurs de lecture en m\u00eame temps : la pluviom\u00e9trie, la temp\u00e9rature int\u00e9rieure et l&rsquo;heure de la journ\u00e9e.\u00a0L&rsquo;\u00e9metteur de pluie envoie les valeurs mesur\u00e9es sans fil \u00e0 la station de base dans le salon, que vous pouvez installer ou monter au mur.\u00a0Le r\u00e9cipient doseur est plac\u00e9 horizontalement \u00e0 l&rsquo;ext\u00e9rieur, id\u00e9alement \u00e0 environ 60 \u00e0 90 cm de hauteur, et il r\u00e9cup\u00e8re la pluie.\u00a0Notez, cependant, que l&rsquo;\u00e9metteur doit \u00eatre \u00e0 un endroit qui n&rsquo;est pas prot\u00e9g\u00e9 par des arbres ou autre chose, et o\u00f9 la pluie peut tomber librement de tous les c\u00f4t\u00e9s.<br \/>\nDROP apporte encore plus de fonctionnalit\u00e9s int\u00e9ressantes\u00a0: vous pouvez afficher les quantit\u00e9s de pr\u00e9cipitations des 12\u00a0derniers mois gr\u00e2ce \u00e0 la fonction d&rsquo;historique.\u00a0La quantit\u00e9 de pluie est visualis\u00e9e sur un graphique.\u00a0Vous pouvez consulter diff\u00e9rentes p\u00e9riodes de temps, telles que les pr\u00e9cipitations des derni\u00e8res 24 heures, les 7 derniers jours jusqu&rsquo;aux pr\u00e9cipitations totales depuis la mise en service.<br \/>\nL&rsquo;alarme de pluie 24h\/24 vous avertit d\u00e8s qu&rsquo;il pleut plus que la limite d\u00e9finie individuellement.\u00a0En cas de d\u00e9passement, un bip retentit et un symbole clignote sur l&rsquo;afficheur.<\/p>\n<div class=\"row\">\n<div class=\"col-sm-6\">\n<h4>Une fonction<\/h4>\n<ul class=\"list-features\">\n<li>Transmission sans fil des relev\u00e9s de pr\u00e9cipitations (jusqu&rsquo;\u00e0 100 m)<\/li>\n<li>Affichage et repr\u00e9sentation graphique des pr\u00e9cipitations actuelles, de la derni\u00e8re heure, des derni\u00e8res 24 heures, des 7 derniers jours, du mois en cours, de l&rsquo;ann\u00e9e en cours et du total<\/li>\n<li>Historique mensuel des 12 derniers mois<\/li>\n<li>Alarme de pluie 24h\/24<\/li>\n<li>Temp\u00e9rature int\u00e9rieure<\/li>\n<li>Heure et date<\/li>\n<\/ul>\n<div class=\"row\">\n<div class=\"col-sm-12\">\n<h2><\/h2>\n<ul class=\"list-inline list-logos\">\n<li><a title=\"Brevet de conception TFA enregistr\u00e9\" data-toggle=\"modal\" data-target=\"#FeatureDescription\">\u00a0<\/a><\/li>\n<\/ul>\n<\/div>\n<\/div>\n<\/div>\n<\/div>\n","protected":false},"excerpt":{"rendered":"<ul class=\"list list-icon list-icon-check\">\n<li>D\u00e9termine les pr\u00e9cipitations facilement et avec pr\u00e9cision<\/li>\n<li>Les lectures de pr\u00e9cipitations sont transmises sans fil<\/li>\n<li>Alarme de pluie 24h\/24<\/li>\n<li>Historique mensuel des 12 derniers mois<\/li>\n<li>Affichage et repr\u00e9sentation graphique des pr\u00e9cipitations<\/li>\n<\/ul>\n","protected":false},"featured_media":5067,"comment_status":"closed","ping_status":"closed","template":"","meta":[],"product_cat":[59],"product_tag":[],"_links":{"self":[{"href":"https:\/\/greentelemesure.com\/index.php\/wp-json\/wp\/v3\/product\/3978"}],"collection":[{"href":"https:\/\/greentelemesure.com\/index.php\/wp-json\/wp\/v3\/product"}],"about":[{"href":"https:\/\/greentelemesure.com\/index.php\/wp-json\/wp\/v2\/types\/product"}],"replies":[{"embeddable":true,"href":"https:\/\/greentelemesure.com\/index.php\/wp-json\/wp\/v2\/comments?post=3978"}],"wp:featuredmedia":[{"embeddable":true,"href":"https:\/\/greentelemesure.com\/index.php\/wp-json\/wp\/v2\/media\/5067"}],"wp:attachment":[{"href":"https:\/\/greentelemesure.com\/index.php\/wp-json\/wp\/v2\/media?parent=3978"}],"wp:term":[{"taxonomy":"product_cat","embeddable":true,"href":"https:\/\/greentelemesure.com\/index.php\/wp-json\/wp\/v2\/product_cat?post=3978"},{"taxonomy":"product_tag","embeddable":true,"href":"https:\/\/greentelemesure.com\/index.php\/wp-json\/wp\/v2\/product_tag?post=3978"}],"curies":[{"name":"wp","href":"https:\/\/api.w.org\/{rel}","templated":true}]}}