{"id":3981,"date":"2022-02-11T16:48:17","date_gmt":"2022-02-11T15:48:17","guid":{"rendered":"http:\/\/41.249.251.2:8004\/?post_type=product&#038;p=3981"},"modified":"2023-04-07T13:21:27","modified_gmt":"2023-04-07T12:21:27","slug":"pluviometre-numerique-sans-fil-rainman","status":"publish","type":"product","link":"https:\/\/greentelemesure.com\/index.php\/produit\/pluviometre-numerique-sans-fil-rainman\/","title":{"rendered":"Pluviom\u00e8tre num\u00e9rique sans fil RAINMAN"},"content":{"rendered":"<p>Avec le pluviom\u00e8tre sans fil RAINMAN, les quantit\u00e9s de pluie peuvent \u00eatre mesur\u00e9es facilement et avec pr\u00e9cision.\u00a0C&rsquo;est une information importante pour le jardin, l&rsquo;agriculture, et aussi int\u00e9ressante pour ceux qui veulent en savoir plus sur la nature.<br \/>\nPlacez simplement le r\u00e9cipient collecteur \u00e0 un endroit d\u00e9termin\u00e9, debout et exempt d&rsquo;obstacles tels que des b\u00e2timents ou des arbres.\u00a0La temp\u00e9rature ext\u00e9rieure et les pr\u00e9cipitations sont transmises sans fil (jusqu&rsquo;\u00e0 100 m de distance) \u00e0 la station de base.\u00a0Vous pouvez d\u00e9sormais suivre toutes les valeurs dans le confort de votre salon, de sorte que vous ayez toujours \u00e0 port\u00e9e de main les donn\u00e9es les plus importantes pour votre maison et votre jardin.\u00a0La repr\u00e9sentation graphique de la quantit\u00e9 de pluie est particuli\u00e8rement claire.<\/p>\n<div class=\"row\">\n<div class=\"col-sm-6\">\n<h4>Une fonction<\/h4>\n<ul class=\"list-features\">\n<li>Transmission sans fil de la temp\u00e9rature ext\u00e9rieure et des quantit\u00e9s de pluie,<\/li>\n<li>Indication des quantit\u00e9s de pr\u00e9cipitations actuelles, de la derni\u00e8re heure, des derni\u00e8res 24 heures, des 7 jours, du mois et des pr\u00e9cipitations cumul\u00e9es<\/li>\n<li>Historique des pr\u00e9cipitations des 365 derniers jours<\/li>\n<li>Alarme de pluie (24 heures)<\/li>\n<li>Temp\u00e9rature int\u00e9rieure<\/li>\n<li>Alarme horaire avec fonction snooze<\/li>\n<li>Horloge avec date<\/li>\n<li><\/li>\n<\/ul>\n<div class=\"row\">\n<div class=\"col-sm-12\">\n<h4><\/h4>\n<\/div>\n<\/div>\n<\/div>\n<\/div>\n","protected":false},"excerpt":{"rendered":"<ul class=\"list list-icon list-icon-check\">\n<li>D\u00e9termine les pr\u00e9cipitations facilement et avec pr\u00e9cision<\/li>\n<li>Pr\u00e9cipitations et temp\u00e9rature ext\u00e9rieure sans fil<\/li>\n<li>Historique des pr\u00e9cipitations des 365 derniers jours<\/li>\n<li>Alarme de pluie 24h\/24<\/li>\n<li>Heure avec date et alarme<\/li>\n<\/ul>\n","protected":false},"featured_media":5068,"comment_status":"closed","ping_status":"closed","template":"","meta":[],"product_cat":[59],"product_tag":[],"_links":{"self":[{"href":"https:\/\/greentelemesure.com\/index.php\/wp-json\/wp\/v3\/product\/3981"}],"collection":[{"href":"https:\/\/greentelemesure.com\/index.php\/wp-json\/wp\/v3\/product"}],"about":[{"href":"https:\/\/greentelemesure.com\/index.php\/wp-json\/wp\/v2\/types\/product"}],"replies":[{"embeddable":true,"href":"https:\/\/greentelemesure.com\/index.php\/wp-json\/wp\/v2\/comments?post=3981"}],"wp:featuredmedia":[{"embeddable":true,"href":"https:\/\/greentelemesure.com\/index.php\/wp-json\/wp\/v2\/media\/5068"}],"wp:attachment":[{"href":"https:\/\/greentelemesure.com\/index.php\/wp-json\/wp\/v2\/media?parent=3981"}],"wp:term":[{"taxonomy":"product_cat","embeddable":true,"href":"https:\/\/greentelemesure.com\/index.php\/wp-json\/wp\/v2\/product_cat?post=3981"},{"taxonomy":"product_tag","embeddable":true,"href":"https:\/\/greentelemesure.com\/index.php\/wp-json\/wp\/v2\/product_tag?post=3981"}],"curies":[{"name":"wp","href":"https:\/\/api.w.org\/{rel}","templated":true}]}}