{"id":3990,"date":"2022-02-12T09:09:50","date_gmt":"2022-02-12T08:09:50","guid":{"rendered":"http:\/\/41.249.251.2:8004\/?post_type=product&#038;p=3990"},"modified":"2023-04-07T13:21:34","modified_gmt":"2023-04-07T12:21:34","slug":"thermo-hygrometre-analogique-avec-bague-en-laiton","status":"publish","type":"product","link":"https:\/\/greentelemesure.com\/index.php\/produit\/thermo-hygrometre-analogique-avec-bague-en-laiton\/","title":{"rendered":"Thermo-hygrom\u00e8tre analogique avec bague en laiton"},"content":{"rendered":"<p>Ce thermo-hygrom\u00e8tre est id\u00e9al pour contr\u00f4ler le climat de votre serre ou de votre v\u00e9randa.\u00a0Vous pouvez facilement surveiller la temp\u00e9rature et l&rsquo;humidit\u00e9 et la r\u00e9guler en chauffant et en ventilant soigneusement lorsque les valeurs sont en dehors de la plage de confort d\u00e9sign\u00e9e afin de fournir des conditions optimales pour vos plantes.\u00a0L&rsquo;hygrom\u00e8tre est particuli\u00e8rement fiable gr\u00e2ce \u00e0 son mouvement pr\u00e9cis en poils synth\u00e9tiques.<br \/>\nLe produit est enti\u00e8rement fabriqu\u00e9 en Allemagne.<\/p>\n<div class=\"row\">\n<div class=\"col-sm-6\">\n<h4>Une fonction<\/h4>\n<ul class=\"list-features\">\n<li>Pour v\u00e9rifier le climat de la serre et de la v\u00e9randa<\/li>\n<li>Avec gamme confort<\/li>\n<li>Hygrom\u00e8tre pr\u00e9cis en cheveux synth\u00e9tiques<\/li>\n<li>Lunette en laiton<\/li>\n<li>Fabriqu\u00e9 en Allemagne<\/li>\n<\/ul>\n<div class=\"row\">\n<div class=\"col-sm-12\"><\/div>\n<\/div>\n<\/div>\n<\/div>\n","protected":false},"excerpt":{"rendered":"<ul class=\"list list-icon list-icon-check\">\n<li>Fabriqu\u00e9 en Allemagne<\/li>\n<li>Pour surveiller la temp\u00e9rature et l&rsquo;humidit\u00e9<\/li>\n<li>Id\u00e9al pour la serre et la v\u00e9randa<\/li>\n<li>Bo\u00eetier avec lunette en laiton<\/li>\n<li>Hygrom\u00e8tre de pr\u00e9cision en poils synth\u00e9tiques<\/li>\n<\/ul>\n","protected":false},"featured_media":5069,"comment_status":"closed","ping_status":"closed","template":"","meta":[],"product_cat":[63],"product_tag":[],"_links":{"self":[{"href":"https:\/\/greentelemesure.com\/index.php\/wp-json\/wp\/v3\/product\/3990"}],"collection":[{"href":"https:\/\/greentelemesure.com\/index.php\/wp-json\/wp\/v3\/product"}],"about":[{"href":"https:\/\/greentelemesure.com\/index.php\/wp-json\/wp\/v2\/types\/product"}],"replies":[{"embeddable":true,"href":"https:\/\/greentelemesure.com\/index.php\/wp-json\/wp\/v2\/comments?post=3990"}],"wp:featuredmedia":[{"embeddable":true,"href":"https:\/\/greentelemesure.com\/index.php\/wp-json\/wp\/v2\/media\/5069"}],"wp:attachment":[{"href":"https:\/\/greentelemesure.com\/index.php\/wp-json\/wp\/v2\/media?parent=3990"}],"wp:term":[{"taxonomy":"product_cat","embeddable":true,"href":"https:\/\/greentelemesure.com\/index.php\/wp-json\/wp\/v2\/product_cat?post=3990"},{"taxonomy":"product_tag","embeddable":true,"href":"https:\/\/greentelemesure.com\/index.php\/wp-json\/wp\/v2\/product_tag?post=3990"}],"curies":[{"name":"wp","href":"https:\/\/api.w.org\/{rel}","templated":true}]}}