{"id":3992,"date":"2022-02-12T09:18:50","date_gmt":"2022-02-12T08:18:50","guid":{"rendered":"http:\/\/41.249.251.2:8004\/?post_type=product&#038;p=3992"},"modified":"2023-04-07T13:21:43","modified_gmt":"2023-04-07T12:21:43","slug":"thermometre-infrarouge-scantemp-485","status":"publish","type":"product","link":"https:\/\/greentelemesure.com\/index.php\/produit\/thermometre-infrarouge-scantemp-485\/","title":{"rendered":"Thermom\u00e8tre infrarouge"},"content":{"rendered":"<h4>Une fonction<\/h4>\n<ul class=\"list-features\">\n<li>Pour la mesure sans contact de la temp\u00e9rature de surface<\/li>\n<li>Pr\u00e9cision maximale gr\u00e2ce \u00e0 une lentille en verre sp\u00e9ciale<\/li>\n<li>Avec vis\u00e9e laser double (montre la zone exacte de la taille du spot)<\/li>\n<li>Temps de mesure : &lt; 0,5 secondes<\/li>\n<li>Affichage du courant, de la temp\u00e9rature la plus \u00e9lev\u00e9e ou des limites sup\u00e9rieures\/inf\u00e9rieures<\/li>\n<li>Fonction MAINTIEN\/VERROUILLAGE<\/li>\n<li>Alarme visuelle et sonore avec valeurs de temp\u00e9rature librement r\u00e9glables (limite sup\u00e9rieure\/inf\u00e9rieure)<\/li>\n<li>R\u00e9tro\u00e9clairage, pr\u00e9cision \u00b12\u00b0C ou \u00b12%<\/li>\n<li>Rapport d&rsquo;\u00e9mission r\u00e9glable<\/li>\n<li>Rapport distance de mesure\/taille du spot 20:1<\/li>\n<li>Sac ceinture inclus<\/li>\n<\/ul>\n","protected":false},"excerpt":{"rendered":"<ul class=\"list list-icon list-icon-check\">\n<li>Mesure sans contact de la temp\u00e9rature de surface<\/li>\n<li>Large plage de mesure de temp\u00e9rature de -50\u00b0C \u00e0 + 800\u00b0C<\/li>\n<li>Fonction MAX\/HOLD\/LOCK<\/li>\n<li>Alarme visuelle et sonore pour les valeurs limites<\/li>\n<li>Conforme HACCP, \u00e0 usage professionnel<\/li>\n<\/ul>\n","protected":false},"featured_media":5070,"comment_status":"closed","ping_status":"closed","template":"","meta":[],"product_cat":[62],"product_tag":[],"_links":{"self":[{"href":"https:\/\/greentelemesure.com\/index.php\/wp-json\/wp\/v3\/product\/3992"}],"collection":[{"href":"https:\/\/greentelemesure.com\/index.php\/wp-json\/wp\/v3\/product"}],"about":[{"href":"https:\/\/greentelemesure.com\/index.php\/wp-json\/wp\/v2\/types\/product"}],"replies":[{"embeddable":true,"href":"https:\/\/greentelemesure.com\/index.php\/wp-json\/wp\/v2\/comments?post=3992"}],"wp:featuredmedia":[{"embeddable":true,"href":"https:\/\/greentelemesure.com\/index.php\/wp-json\/wp\/v2\/media\/5070"}],"wp:attachment":[{"href":"https:\/\/greentelemesure.com\/index.php\/wp-json\/wp\/v2\/media?parent=3992"}],"wp:term":[{"taxonomy":"product_cat","embeddable":true,"href":"https:\/\/greentelemesure.com\/index.php\/wp-json\/wp\/v2\/product_cat?post=3992"},{"taxonomy":"product_tag","embeddable":true,"href":"https:\/\/greentelemesure.com\/index.php\/wp-json\/wp\/v2\/product_tag?post=3992"}],"curies":[{"name":"wp","href":"https:\/\/api.w.org\/{rel}","templated":true}]}}