{"id":4012,"date":"2022-02-12T11:06:57","date_gmt":"2022-02-12T10:06:57","guid":{"rendered":"http:\/\/41.249.251.2:8004\/?post_type=product&#038;p=4012"},"modified":"2023-04-07T13:21:51","modified_gmt":"2023-04-07T12:21:51","slug":"jauge-a-bulles-et-enregistreur-a-debit-constant-a-orifice-unique","status":"publish","type":"product","link":"https:\/\/greentelemesure.com\/index.php\/produit\/jauge-a-bulles-et-enregistreur-a-debit-constant-a-orifice-unique\/","title":{"rendered":"Jauge \u00e0 bulles et enregistreur \u00e0 d\u00e9bit constant \u00e0 orifice unique"},"content":{"rendered":"<p>La jauge \u00e0 bulles Accubar\u00ae Constant Flow (CF) est un appareil de pr\u00e9cision autonome pour mesurer les niveaux d&rsquo;eau et la temp\u00e9rature de l&rsquo;eau, compos\u00e9 d&rsquo;une pompe, d&rsquo;un r\u00e9servoir, d&rsquo;un collecteur, d&rsquo;un tableau de commande, d&rsquo;un affichage\/clavier et d&rsquo;un bo\u00eetier.<br \/>\nLe capteur de pression Accubar\u00ae de pr\u00e9cision int\u00e9gr\u00e9 du CF Bubbler r\u00e9pond aux exigences de haute pr\u00e9cision pour la mesure et la surveillance des flux des zones de mar\u00e9e\/c\u00f4ti\u00e8res, des estuaires, des eaux souterraines<\/p>\n<div id=\"feature\" class=\"resprel\">\n<ul>\n<li><strong>Avantage\u00a0<\/strong><\/li>\n<li>Taux de bulle r\u00e9glable<\/li>\n<li>Fonction auto-z\u00e9ro<\/li>\n<li>Le CF Bubbler prend en charge le protocole MODBUS.<\/li>\n<li>Moyenne configurable<\/li>\n<li>Purge automatique des variables utilisateur et option de purge forc\u00e9e par l&rsquo;utilisateur<\/li>\n<li>D\u00e9tection automatique de blocage flexible<\/li>\n<li>Mesure et journalisation automatiques modifiables<\/li>\n<li>Journal flash int\u00e9gr\u00e9 pour plus de 300 000 lectures*<\/li>\n<li>Autonome ou fonctionnement avec d&rsquo;autres enregistreurs\/dispositifs de communication<\/li>\n<li>Capteur de pression Accubar\u00ae de pr\u00e9cision !!<\/li>\n<li>Configuration et maintenance du panneau avant.<\/li>\n<li>Interfaces SDI-12\/RS232 compatibles avec les enregistreurs, les modems cellulaires, l&rsquo;\u00e9metteur\/enregistreur SatLink2<\/li>\n<li>Panneau avant pivotant pour un entretien facile.<\/li>\n<li>R\u00e9-\u00e9talonnage plus facile<\/li>\n<li>3 niveaux de filtration<\/li>\n<li>M\u00e9t\u00e9orologie et Climatologie<\/li>\n<li>Agrom\u00e9t\u00e9orologie<\/li>\n<li>Ressources naturelles<\/li>\n<li>Oc\u00e9anographie<\/li>\n<li>Transport<\/li>\n<li>Avertissement de catastrophe<\/li>\n<li>Niveau et d\u00e9bit d&rsquo;eau<\/li>\n<li>La qualit\u00e9 d&rsquo;eau<\/li>\n<li>Hydrologie<\/li>\n<li>Qualit\u00e9 de l&rsquo;air et visibilit\u00e9<\/li>\n<li>G\u00e9otechnique<\/li>\n<li>Ouvrages<\/li>\n<li>\u00c9nergie<\/li>\n<\/ul>\n<\/div>\n<div id=\"applications\" class=\"resprel\"><\/div>\n","protected":false},"excerpt":{"rendered":"<div id=\"feature\" class=\"resprel\">\n<ul>\n<li>Nouveaux mod\u00e8les avec mesure de la temp\u00e9rature de l&rsquo;eau<\/li>\n<li>Syst\u00e8me autonome n\u00e9cessitant uniquement une alimentation externe et un tube\/orifice de sortie<\/li>\n<li>Longue dur\u00e9e de vie du d\u00e9shydratant (jusqu&rsquo;\u00e0 1 an)<\/li>\n<li><\/li>\n<\/ul>\n<\/div>\n","protected":false},"featured_media":5071,"comment_status":"closed","ping_status":"closed","template":"","meta":[],"product_cat":[67],"product_tag":[],"_links":{"self":[{"href":"https:\/\/greentelemesure.com\/index.php\/wp-json\/wp\/v3\/product\/4012"}],"collection":[{"href":"https:\/\/greentelemesure.com\/index.php\/wp-json\/wp\/v3\/product"}],"about":[{"href":"https:\/\/greentelemesure.com\/index.php\/wp-json\/wp\/v2\/types\/product"}],"replies":[{"embeddable":true,"href":"https:\/\/greentelemesure.com\/index.php\/wp-json\/wp\/v2\/comments?post=4012"}],"wp:featuredmedia":[{"embeddable":true,"href":"https:\/\/greentelemesure.com\/index.php\/wp-json\/wp\/v2\/media\/5071"}],"wp:attachment":[{"href":"https:\/\/greentelemesure.com\/index.php\/wp-json\/wp\/v2\/media?parent=4012"}],"wp:term":[{"taxonomy":"product_cat","embeddable":true,"href":"https:\/\/greentelemesure.com\/index.php\/wp-json\/wp\/v2\/product_cat?post=4012"},{"taxonomy":"product_tag","embeddable":true,"href":"https:\/\/greentelemesure.com\/index.php\/wp-json\/wp\/v2\/product_tag?post=4012"}],"curies":[{"name":"wp","href":"https:\/\/api.w.org\/{rel}","templated":true}]}}