{"id":4127,"date":"2022-02-15T12:59:16","date_gmt":"2022-02-15T11:59:16","guid":{"rendered":"http:\/\/41.249.251.2:8004\/?post_type=product&#038;p=4127"},"modified":"2023-04-07T13:21:56","modified_gmt":"2023-04-07T12:21:56","slug":"penetrometre-a-aiguille","status":"publish","type":"product","link":"https:\/\/greentelemesure.com\/index.php\/produit\/penetrometre-a-aiguille\/","title":{"rendered":"P\u00e9n\u00e9trom\u00e8tre  \u00e0 aiguille"},"content":{"rendered":"<p>La mesure de la fermet\u00e9 des fruits et des l\u00e9gumes est importante pour connaitre leur maturit\u00e9 au moment de la r\u00e9colte mais aussi pendant le stockage ou la distribution. Cette mesure s\u2019effectue \u00e0 l\u2019aide d\u2019un p\u00e9n\u00e9trom\u00e8tre. Gr\u00e2ce \u00e0 un embout calibr\u00e9 (diam\u00e8tre et longueur), il est possible de d\u00e9terminer de fa\u00e7on syst\u00e9matique la force n\u00e9cessaire \u00e0 la p\u00e9n\u00e9tration de cet embout dans le fruit ou le l\u00e9gume. Il devient alors possible de comparer diff\u00e9rents fruits sur une r\u00e9colte et de connaitre le niveau de maturit\u00e9.<\/p>\n<p>Pour cela voici un p\u00e9n\u00e9trom\u00e8tre simple et pr\u00e9cis qui vous permettra d\u2019effectuer des contr\u00f4les avant la r\u00e9colte et durant toute la cha\u00eene de commercialisation.<br \/>\nUtilisable sur tout terrain, il fonctionne de fa\u00e7on m\u00e9canique.<\/p>\n","protected":false},"excerpt":{"rendered":"<ul>\n<li>Simple d\u2019utilisation<\/li>\n<li>Plage de mesure : 0 -13 kg<\/li>\n<li>Affichage pr\u00e9cis \u00e0 aiguille<\/li>\n<li>Accessoires\u00a0 : 2 pointes (5\/16&Prime;\u00a0\u00bb et 7\/16&Prime;\u00a0\u00bb), rondelle pare-projection et couteau en acier inox<\/li>\n<\/ul>\n","protected":false},"featured_media":5072,"comment_status":"closed","ping_status":"closed","template":"","meta":[],"product_cat":[60],"product_tag":[],"_links":{"self":[{"href":"https:\/\/greentelemesure.com\/index.php\/wp-json\/wp\/v3\/product\/4127"}],"collection":[{"href":"https:\/\/greentelemesure.com\/index.php\/wp-json\/wp\/v3\/product"}],"about":[{"href":"https:\/\/greentelemesure.com\/index.php\/wp-json\/wp\/v2\/types\/product"}],"replies":[{"embeddable":true,"href":"https:\/\/greentelemesure.com\/index.php\/wp-json\/wp\/v2\/comments?post=4127"}],"wp:featuredmedia":[{"embeddable":true,"href":"https:\/\/greentelemesure.com\/index.php\/wp-json\/wp\/v2\/media\/5072"}],"wp:attachment":[{"href":"https:\/\/greentelemesure.com\/index.php\/wp-json\/wp\/v2\/media?parent=4127"}],"wp:term":[{"taxonomy":"product_cat","embeddable":true,"href":"https:\/\/greentelemesure.com\/index.php\/wp-json\/wp\/v2\/product_cat?post=4127"},{"taxonomy":"product_tag","embeddable":true,"href":"https:\/\/greentelemesure.com\/index.php\/wp-json\/wp\/v2\/product_tag?post=4127"}],"curies":[{"name":"wp","href":"https:\/\/api.w.org\/{rel}","templated":true}]}}