{"id":4159,"date":"2022-02-16T09:52:49","date_gmt":"2022-02-16T08:52:49","guid":{"rendered":"http:\/\/41.249.251.2:8004\/?post_type=product&#038;p=4159"},"modified":"2023-04-07T13:22:12","modified_gmt":"2023-04-07T12:22:12","slug":"enregistreur-de-niveau-deau-ott-ecolog-1000","status":"publish","type":"product","link":"https:\/\/greentelemesure.com\/index.php\/produit\/enregistreur-de-niveau-deau-ott-ecolog-1000\/","title":{"rendered":"Enregistreur de niveau d&rsquo;eau OTT ecoLog 1000"},"content":{"rendered":"<p>L&rsquo;OTT ecoLog 1000 est un enregistreur de niveau d&rsquo;eau souterraine cellulaire autonome pour mesurer le niveau et la temp\u00e9rature de l&rsquo;eau. Il fournit une disponibilit\u00e9 fiable du syst\u00e8me et des mesures pr\u00e9cises tout en \u00e9vitant les lacunes dans les donn\u00e9es.\u00a0Il est simple \u00e0 utiliser \u00e0 l&rsquo;aide d&rsquo;un simple smartphone ou d&rsquo;un PC via Bluetooth Low Energy (BLE) int\u00e9gr\u00e9 &#8211; aucun outil suppl\u00e9mentaire pour la maintenance ou le remplacement de la batterie.\u00a0Il prend en charge les appareils mobiles, les t\u00e9l\u00e9phones intelligents et les tablettes fonctionnant avec Android, iOS ou Windows 10. Configurez et surveillez vos donn\u00e9es \u00e0 distance avec une communication mobile bidirectionnelle int\u00e9gr\u00e9e pour \u00e9viter les d\u00e9placements inutiles et co\u00fbteux vers votre site de mesure et envoyer des donn\u00e9es crypt\u00e9es avec des tentatives automatiques si la transmission \u00e9choue.\u00a0L&rsquo;ecoLog 1000 avec module 4G\/2G remplacera l&rsquo;ecoLog 500.<\/p>\n<p>Apprenez-en plus sur ce nouvel appareil intelligent dans ce webinaire enregistr\u00e9 avec le chef de produit Peter Schaeffeler.<\/p>\n<p><strong>Avantage\u00a0<\/strong><\/p>\n<ul>\n<li>Modem cellulaire int\u00e9gr\u00e9<\/li>\n<li>Communication locale sans fil via Bluetooth Low Energy (BLE)<\/li>\n<li>Communication locale via APP (appareils Android, iOS, Mac et Windows 10)<\/li>\n<li>Acc\u00e8s \u00e0 distance via la communication mobile, capacit\u00e9s de gestion de r\u00e9seau<\/li>\n<li>Conception robuste &#8211; cellule de pression en c\u00e9ramique pour la mesure de niveau<\/li>\n<li>Gestion intelligente de l&rsquo;alimentation<\/li>\n<li>La longueur du c\u00e2ble peut \u00eatre facilement ajust\u00e9e sur place<\/li>\n<\/ul>\n","protected":false},"excerpt":{"rendered":"<p>Enregistreur de niveau d&rsquo;eau souterraine autonome pour mesurer le niveau d&rsquo;eau et la temp\u00e9rature avec communication mobile int\u00e9gr\u00e9e<\/p>\n","protected":false},"featured_media":5073,"comment_status":"closed","ping_status":"closed","template":"","meta":[],"product_cat":[67],"product_tag":[],"_links":{"self":[{"href":"https:\/\/greentelemesure.com\/index.php\/wp-json\/wp\/v3\/product\/4159"}],"collection":[{"href":"https:\/\/greentelemesure.com\/index.php\/wp-json\/wp\/v3\/product"}],"about":[{"href":"https:\/\/greentelemesure.com\/index.php\/wp-json\/wp\/v2\/types\/product"}],"replies":[{"embeddable":true,"href":"https:\/\/greentelemesure.com\/index.php\/wp-json\/wp\/v2\/comments?post=4159"}],"wp:featuredmedia":[{"embeddable":true,"href":"https:\/\/greentelemesure.com\/index.php\/wp-json\/wp\/v2\/media\/5073"}],"wp:attachment":[{"href":"https:\/\/greentelemesure.com\/index.php\/wp-json\/wp\/v2\/media?parent=4159"}],"wp:term":[{"taxonomy":"product_cat","embeddable":true,"href":"https:\/\/greentelemesure.com\/index.php\/wp-json\/wp\/v2\/product_cat?post=4159"},{"taxonomy":"product_tag","embeddable":true,"href":"https:\/\/greentelemesure.com\/index.php\/wp-json\/wp\/v2\/product_tag?post=4159"}],"curies":[{"name":"wp","href":"https:\/\/api.w.org\/{rel}","templated":true}]}}