{"id":4166,"date":"2022-02-16T10:21:07","date_gmt":"2022-02-16T09:21:07","guid":{"rendered":"http:\/\/41.249.251.2:8004\/?post_type=product&#038;p=4166"},"modified":"2023-04-07T13:22:24","modified_gmt":"2023-04-07T12:22:24","slug":"4166","status":"publish","type":"product","link":"https:\/\/greentelemesure.com\/index.php\/produit\/4166\/","title":{"rendered":"Enregistreur de niveau d&rsquo;eau OTT ecoLog 800"},"content":{"rendered":"<p>L&rsquo;OTT ecoLog 800 est un syst\u00e8me autonome pour la mesure du niveau d&rsquo;eau, de la temp\u00e9rature et de la conductivit\u00e9 dans les applications d&rsquo;eau souterraine et d&rsquo;eau de surface.\u00a0L&rsquo;ecoLog 800 offre une solution compl\u00e8te pour la mesure des eaux souterraines et des options flexibles de transmission de donn\u00e9es \u00e0 distance.<\/p>\n<p><strong>Avantage<\/strong><\/p>\n<div class=\"tabs ui-tabs ui-corner-all ui-widget ui-widget-content\">\n<div id=\"tab-1249\" class=\"ui-tabs-panel ui-corner-bottom ui-widget-content\" role=\"tabpanel\" aria-labelledby=\"ui-id-1\" aria-hidden=\"false\">\n<div id=\"c3674\" class=\"csc-frame csc-frame-default\">\n<ul>\n<li>Transmission de donn\u00e9es \u00e0 distance\u00a0: recevez des donn\u00e9es, des messages d&rsquo;\u00e9tat et des avertissements de faible puissance du bureau via SMS, FTP, HTTP et e-mail, \u00e9liminant les visites sur le terrain pour le t\u00e9l\u00e9chargement de donn\u00e9es et le d\u00e9pannage<\/li>\n<li>Solution compl\u00e8te dans le puits\u00a0: tous les composants sont ins\u00e9r\u00e9s dans le puits d&rsquo;eau souterraine, \u00e9liminant ainsi la possibilit\u00e9 de vandalisme des instruments<\/li>\n<li>Autonomie de la batterie : jusqu&rsquo;\u00e0 10 ans avec des batteries au lithium, toutes les batteries sont rempla\u00e7ables sur le terrain sans outils suppl\u00e9mentaires<\/li>\n<li>Pr\u00e9cision \u00e0 long terme\u00a0: une cellule de pression en c\u00e9ramique robuste ne se d\u00e9forme pas avec le temps, et une cellule de mesure pr\u00e9cise de la conductivit\u00e9 \u00e0 4 \u00e9lectrodes fournit des sorties pour la salinit\u00e9 et le total des solides dissous (TDS)<\/li>\n<li>Interaction conviviale : un seul programme requis pour configurer l&rsquo;unit\u00e9 et t\u00e9l\u00e9charger les donn\u00e9es, plus une interface de communication infrarouge simple qui permet un t\u00e9l\u00e9chargement facile des donn\u00e9es sur site<\/li>\n<\/ul>\n<\/div>\n<\/div>\n<\/div>\n","protected":false},"excerpt":{"rendered":"<p>Capteur de niveau et de conductivit\u00e9 des eaux souterraines avec enregistreur de donn\u00e9es int\u00e9gr\u00e9 et t\u00e9l\u00e9m\u00e9trie.<\/p>\n","protected":false},"featured_media":5077,"comment_status":"closed","ping_status":"closed","template":"","meta":[],"product_cat":[67],"product_tag":[],"_links":{"self":[{"href":"https:\/\/greentelemesure.com\/index.php\/wp-json\/wp\/v3\/product\/4166"}],"collection":[{"href":"https:\/\/greentelemesure.com\/index.php\/wp-json\/wp\/v3\/product"}],"about":[{"href":"https:\/\/greentelemesure.com\/index.php\/wp-json\/wp\/v2\/types\/product"}],"replies":[{"embeddable":true,"href":"https:\/\/greentelemesure.com\/index.php\/wp-json\/wp\/v2\/comments?post=4166"}],"wp:featuredmedia":[{"embeddable":true,"href":"https:\/\/greentelemesure.com\/index.php\/wp-json\/wp\/v2\/media\/5077"}],"wp:attachment":[{"href":"https:\/\/greentelemesure.com\/index.php\/wp-json\/wp\/v2\/media?parent=4166"}],"wp:term":[{"taxonomy":"product_cat","embeddable":true,"href":"https:\/\/greentelemesure.com\/index.php\/wp-json\/wp\/v2\/product_cat?post=4166"},{"taxonomy":"product_tag","embeddable":true,"href":"https:\/\/greentelemesure.com\/index.php\/wp-json\/wp\/v2\/product_tag?post=4166"}],"curies":[{"name":"wp","href":"https:\/\/api.w.org\/{rel}","templated":true}]}}