{"id":4171,"date":"2022-02-16T10:43:39","date_gmt":"2022-02-16T09:43:39","guid":{"rendered":"http:\/\/41.249.251.2:8004\/?post_type=product&#038;p=4171"},"modified":"2023-04-07T13:22:35","modified_gmt":"2023-04-07T12:22:35","slug":"capteur-de-niveau-radar","status":"publish","type":"product","link":"https:\/\/greentelemesure.com\/index.php\/produit\/capteur-de-niveau-radar\/","title":{"rendered":"Capteur de niveau radar"},"content":{"rendered":"<div class=\"description\">\n<p><span>L&rsquo;OTT RLS est un capteur de niveau radar sans contact avec technologie radar \u00e0 impulsions.\u00a0L&rsquo;OTT RLS offre une large plage de mesure avec une petite distance de suppression et une largeur de faisceau \u00e9troite et il se connecte facilement \u00e0 la plupart des enregistreurs de donn\u00e9es.\u00a0Le RLS a une consommation d&rsquo;\u00e9nergie extr\u00eamement faible et est id\u00e9al pour les sites \u00e9loign\u00e9s ou aliment\u00e9s par l&rsquo;\u00e9nergie solaire.<\/span><\/p>\n<\/div>\n<ul class=\"key-features\">\n<li><strong>Avantages<\/strong><\/li>\n<li><\/li>\n<li><span><span>Pas de d\u00e9rive dans le temps<\/span><\/span><\/li>\n<li><span><span>Haute performance : les mesures ne sont pas affect\u00e9es par la temp\u00e9rature de l&rsquo;air, l&rsquo;humidit\u00e9, les inondations, les d\u00e9bris flottants ou l&rsquo;eau contamin\u00e9e ;\u00a0<\/span><span>r\u00e9duit la probabilit\u00e9 de donn\u00e9es manquantes et r\u00e9duit le post-traitement des donn\u00e9es<\/span><\/span><\/li>\n<li><span><span>Faible entretien &#8211; La conception de l&rsquo;antenne plate \u00e9limine les zones de nidification des insectes et les besoins d&rsquo;entretien p\u00e9riodique<\/span><\/span><\/li>\n<li><span><span>Int\u00e9gration flexible\/Configuration facile\u2013Se connecte \u00e0 la plupart des enregistreurs de donn\u00e9es via des interfaces de communication standard, SDI-12 ou 4 &#8230; 20 mA\u00a0;\u00a0<\/span><span>pas besoin de logiciel PC suppl\u00e9mentaire<\/span><\/span><\/li>\n<li><span><span>Installation simple &#8211; La conception compacte et l\u00e9g\u00e8re facilite le montage sur les ponts, le support de montage d&rsquo;extension ou \u00e0 l&rsquo;int\u00e9rieur d&rsquo;un petit bo\u00eetier de protection<\/span><\/span><\/li>\n<li><span><span>Conception \u00e0 profil bas &#8211; L&rsquo;apparence discr\u00e8te est id\u00e9ale pour les sites d&rsquo;installation urbains ou les sites sujets au vandalisme<\/span><\/span><\/li>\n<li><span><span>Faible consommation d&rsquo;\u00e9nergie &#8211; Id\u00e9al pour les sites \u00e9loign\u00e9s ou aliment\u00e9s par l&rsquo;\u00e9nergie solaire\u00a0;\u00a0<\/span><span>ne n\u00e9cessite que 12 mA lorsqu&rsquo;il est actif<\/span><\/span><\/li>\n<li><\/li>\n<\/ul>\n","protected":false},"excerpt":{"rendered":"<p><span>Capteur de niveau d&rsquo;eau sans contact pour les mesures \u00e0 long terme des eaux de surface.<\/span><\/p>\n","protected":false},"featured_media":5081,"comment_status":"closed","ping_status":"closed","template":"","meta":[],"product_cat":[67],"product_tag":[],"_links":{"self":[{"href":"https:\/\/greentelemesure.com\/index.php\/wp-json\/wp\/v3\/product\/4171"}],"collection":[{"href":"https:\/\/greentelemesure.com\/index.php\/wp-json\/wp\/v3\/product"}],"about":[{"href":"https:\/\/greentelemesure.com\/index.php\/wp-json\/wp\/v2\/types\/product"}],"replies":[{"embeddable":true,"href":"https:\/\/greentelemesure.com\/index.php\/wp-json\/wp\/v2\/comments?post=4171"}],"wp:featuredmedia":[{"embeddable":true,"href":"https:\/\/greentelemesure.com\/index.php\/wp-json\/wp\/v2\/media\/5081"}],"wp:attachment":[{"href":"https:\/\/greentelemesure.com\/index.php\/wp-json\/wp\/v2\/media?parent=4171"}],"wp:term":[{"taxonomy":"product_cat","embeddable":true,"href":"https:\/\/greentelemesure.com\/index.php\/wp-json\/wp\/v2\/product_cat?post=4171"},{"taxonomy":"product_tag","embeddable":true,"href":"https:\/\/greentelemesure.com\/index.php\/wp-json\/wp\/v2\/product_tag?post=4171"}],"curies":[{"name":"wp","href":"https:\/\/api.w.org\/{rel}","templated":true}]}}