{"id":4185,"date":"2022-02-16T11:11:50","date_gmt":"2022-02-16T10:11:50","guid":{"rendered":"http:\/\/41.249.251.2:8004\/?post_type=product&#038;p=4185"},"modified":"2023-04-07T13:23:11","modified_gmt":"2023-04-07T12:23:11","slug":"capteur-de-barboteur-compact","status":"publish","type":"product","link":"https:\/\/greentelemesure.com\/index.php\/produit\/capteur-de-barboteur-compact\/","title":{"rendered":"Capteur de barboteur compact"},"content":{"rendered":"<p><span>L&rsquo;OTT CBS est un capteur \u00e0 barboteur compact, pr\u00e9cis et de faible puissance pour la surveillance du niveau d&rsquo;eau de surface.\u00a0<\/span><span>L&rsquo;OTT CBS respecte ou d\u00e9passe les normes USGS en mati\u00e8re de pr\u00e9cision et ne d\u00e9rivera pas avec le temps.\u00a0<\/span><span>Il dispose de sorties pour SDI-12 et 4&#8230;20 mA.<\/span><\/p>\n<div class=\"tabs ui-tabs ui-corner-all ui-widget ui-widget-content\">\n<div id=\"tab-63\" class=\"ui-tabs-panel ui-corner-bottom ui-widget-content\" role=\"tabpanel\" aria-labelledby=\"ui-id-2\" aria-hidden=\"false\">\n<div id=\"c315\" class=\"csc-frame csc-frame-default\">\n<p><strong>Avantages\u00a0<\/strong><\/p>\n<ul>\n<li><span>Pr\u00e9cis : respecte et d\u00e9passe les directives de l&rsquo;USGS en mati\u00e8re de pr\u00e9cision du niveau d&rsquo;eau et ne d\u00e9rive pas avec le temps<\/span><\/li>\n<li><span>Solution compl\u00e8te &#8211; La combinaison du CBS avec une chambre \u00e0 bulles EPS-50 r\u00e9duit l&rsquo;influence de l&rsquo;action des vagues et \u00e9vite le bruit inutile dans vos donn\u00e9es<\/span><\/li>\n<li><span>Faible maintenance\u2014Aucun d\u00e9shydratant, entretien de la pompe ou lubrification requis<\/span><\/li>\n<li><span>Facile \u00e0 d\u00e9marrer\/installer : toute la programmation peut \u00eatre effectu\u00e9e \u00e0 l&rsquo;aide de commutateurs DIP ;\u00a0se connecte aux plates-formes existantes \u00e0 l&rsquo;aide d&rsquo;un tube de mesure de 3\/8&prime; OD ou 4mm OD (aucun adaptateur requis)<\/span><\/li>\n<li><span>Taille compacte : le moteur de la pompe petit et puissant g\u00e9n\u00e8re le volume d&rsquo;air requis pour effectuer la mesure.<\/span><\/li>\n<li><span>Faible puissance\u2014La strat\u00e9gie de pompage intelligente compare la mesure pr\u00e9c\u00e9dente \u00e0 la pression r\u00e9elle lors de la mesure actuelle et optimise le temps de pompage en fonction de la diff\u00e9rence (c&rsquo;est-\u00e0-dire que de petits changements de niveau sont mesur\u00e9s avec des cycles de pompe tr\u00e8s courts)<\/span><\/li>\n<li><\/li>\n<li><strong>Exemple d&rsquo;utilisation\u00a0<\/strong>\n<p class=\"bodytext\"><span>Pour la mesure du niveau d&rsquo;eau de :<\/span><\/p>\n<ul>\n<li><span>Ruisseaux, rivi\u00e8res, canaux ou canaux<\/span><\/li>\n<li><span>Puits souterrains<\/span><\/li>\n<li><span>R\u00e9servoirs, lacs et zones humides<\/span><\/li>\n<\/ul>\n<p class=\"bodytext\"><span>Id\u00e9al pour surveiller :<\/span><\/p>\n<ul>\n<li><span>R\u00e9seaux \u00e0 niveau d&rsquo;eau continu<\/span><\/li>\n<li><span>Zones sujettes \u00e0 la foudre<\/span><\/li>\n<li><span>Canaux avec remblais longs et plats<\/span><\/li>\n<\/ul>\n<\/li>\n<\/ul>\n<\/div>\n<\/div>\n<\/div>\n","protected":false},"excerpt":{"rendered":"<p><span>Capteur barboteur sans contact pour la surveillance \u00e0 long terme du niveau d&rsquo;eau de surface.<\/span><\/p>\n","protected":false},"featured_media":5088,"comment_status":"closed","ping_status":"closed","template":"","meta":[],"product_cat":[67],"product_tag":[],"_links":{"self":[{"href":"https:\/\/greentelemesure.com\/index.php\/wp-json\/wp\/v3\/product\/4185"}],"collection":[{"href":"https:\/\/greentelemesure.com\/index.php\/wp-json\/wp\/v3\/product"}],"about":[{"href":"https:\/\/greentelemesure.com\/index.php\/wp-json\/wp\/v2\/types\/product"}],"replies":[{"embeddable":true,"href":"https:\/\/greentelemesure.com\/index.php\/wp-json\/wp\/v2\/comments?post=4185"}],"wp:featuredmedia":[{"embeddable":true,"href":"https:\/\/greentelemesure.com\/index.php\/wp-json\/wp\/v2\/media\/5088"}],"wp:attachment":[{"href":"https:\/\/greentelemesure.com\/index.php\/wp-json\/wp\/v2\/media?parent=4185"}],"wp:term":[{"taxonomy":"product_cat","embeddable":true,"href":"https:\/\/greentelemesure.com\/index.php\/wp-json\/wp\/v2\/product_cat?post=4185"},{"taxonomy":"product_tag","embeddable":true,"href":"https:\/\/greentelemesure.com\/index.php\/wp-json\/wp\/v2\/product_tag?post=4185"}],"curies":[{"name":"wp","href":"https:\/\/api.w.org\/{rel}","templated":true}]}}