{"id":4191,"date":"2022-02-16T11:30:58","date_gmt":"2022-02-16T10:30:58","guid":{"rendered":"http:\/\/41.249.251.2:8004\/?post_type=product&#038;p=4191"},"modified":"2023-04-07T13:23:25","modified_gmt":"2023-04-07T12:23:25","slug":"capteur-doppler-a-visee-laterale","status":"publish","type":"product","link":"https:\/\/greentelemesure.com\/index.php\/produit\/capteur-doppler-a-visee-laterale\/","title":{"rendered":"Capteur Doppler \u00e0 vis\u00e9e lat\u00e9rale"},"content":{"rendered":"<p>L&rsquo;OTT SLD est un syst\u00e8me de mesure pour la mesure continue de la vitesse et du niveau de l&rsquo;eau dans les ruisseaux, les rivi\u00e8res et les canaux.\u00a0Le capteur utilise le principe acoustique Doppler pour mesurer de mani\u00e8re fiable la vitesse d&rsquo;\u00e9coulement dans une vari\u00e9t\u00e9 de conditions naturelles, y compris lors de la plupart des inondations.<\/p>\n<p>&nbsp;<\/p>\n<h5><strong>Avantages\u00a0<\/strong><\/h5>\n<ul>\n<li>\u00c9quip\u00e9 de deux transducteurs \u00e0 ultrasons horizontaux \u00ab\u00a0regardant lat\u00e9ralement\u00a0\u00bb dans le flux (Side Looking Doppler) pour mesurer la vitesse de l&rsquo;eau.<\/li>\n<li>Un transducteur vertical en option et une cellule de pression int\u00e9gr\u00e9e mesurent le niveau d&rsquo;eau.<\/li>\n<li>Toutes les valeurs de mesure sont analys\u00e9es, v\u00e9rifi\u00e9es et trait\u00e9es par un processeur de signal int\u00e9gr\u00e9, avant d&rsquo;\u00eatre utilis\u00e9es dans le calcul du d\u00e9bit.<\/li>\n<li>Les mesures de vitesse de jusqu&rsquo;\u00e0 neuf cellules sont utilis\u00e9es, ainsi que le niveau d&rsquo;eau mesur\u00e9, pour calculer le d\u00e9bit soit en interne dans l&rsquo;OTT SLD, soit en externe dans un enregistreur de donn\u00e9es.<\/li>\n<li>Toutes les mesures peuvent \u00eatre r\u00e9cup\u00e9r\u00e9es \u00e0 l&rsquo;aide des protocoles SDI-12, RS485, RS232 ou Modbus RTU et sont disponibles pour \u00eatre stock\u00e9es dans une plate-forme de collecte de donn\u00e9es, telle que le gestionnaire de station OTT netDL.<\/li>\n<li><strong>Exemple d&rsquo;utilisation\u00a0<\/strong><\/li>\n<li>Performances fiables dans les eaux \u00e0 forte charge s\u00e9dimentaire et dans les situations d&rsquo;inondation<\/li>\n<li>Applicable dans les rivi\u00e8res naturelles, les ruisseaux, les canaux d&rsquo;eau de navigation, d&rsquo;irrigation et de service<\/li>\n<li>Convient \u00e9galement aux petits plans d&rsquo;eau (plus petite taille de cellule 20 cm)<\/li>\n<li><\/li>\n<\/ul>\n","protected":false},"excerpt":{"rendered":"<p>D\u00e9bitm\u00e8tre d&rsquo;eau pour la collecte de donn\u00e9es \u00e0 long terme de mesures de vitesse et de d\u00e9bit.<\/p>\n","protected":false},"featured_media":5093,"comment_status":"closed","ping_status":"closed","template":"","meta":[],"product_cat":[67],"product_tag":[],"_links":{"self":[{"href":"https:\/\/greentelemesure.com\/index.php\/wp-json\/wp\/v3\/product\/4191"}],"collection":[{"href":"https:\/\/greentelemesure.com\/index.php\/wp-json\/wp\/v3\/product"}],"about":[{"href":"https:\/\/greentelemesure.com\/index.php\/wp-json\/wp\/v2\/types\/product"}],"replies":[{"embeddable":true,"href":"https:\/\/greentelemesure.com\/index.php\/wp-json\/wp\/v2\/comments?post=4191"}],"wp:featuredmedia":[{"embeddable":true,"href":"https:\/\/greentelemesure.com\/index.php\/wp-json\/wp\/v2\/media\/5093"}],"wp:attachment":[{"href":"https:\/\/greentelemesure.com\/index.php\/wp-json\/wp\/v2\/media?parent=4191"}],"wp:term":[{"taxonomy":"product_cat","embeddable":true,"href":"https:\/\/greentelemesure.com\/index.php\/wp-json\/wp\/v2\/product_cat?post=4191"},{"taxonomy":"product_tag","embeddable":true,"href":"https:\/\/greentelemesure.com\/index.php\/wp-json\/wp\/v2\/product_tag?post=4191"}],"curies":[{"name":"wp","href":"https:\/\/api.w.org\/{rel}","templated":true}]}}