{"id":4200,"date":"2022-02-16T11:48:15","date_gmt":"2022-02-16T10:48:15","guid":{"rendered":"http:\/\/41.249.251.2:8004\/?post_type=product&#038;p=4200"},"modified":"2023-04-07T13:23:34","modified_gmt":"2023-04-07T12:23:34","slug":"debitmetre-deau","status":"publish","type":"product","link":"https:\/\/greentelemesure.com\/index.php\/produit\/debitmetre-deau\/","title":{"rendered":"D\u00e9bitm\u00e8tre d&rsquo;eau"},"content":{"rendered":"<p>L&rsquo;OTT MF Pro est un amp\u00e8rem\u00e8tre \u00e9lectromagn\u00e9tique convivial et n\u00e9cessitant peu d&rsquo;entretien pour une mesure rentable des d\u00e9charges dans le flux.<br \/>\nL&rsquo;OTT MF pro permet de gagner du temps sur le terrain en calculant automatiquement la d\u00e9charge et sa t\u00eate de capteur \u00e9lectromagn\u00e9tique est sans entretien, id\u00e9ale pour une utilisation dans des environnements \u00e0 faible d\u00e9bit et non affect\u00e9e par de grandes quantit\u00e9s de mati\u00e8re organique.<\/p>\n<p>&nbsp;<\/p>\n<h4><strong>Avantages\u00a0<\/strong><\/h4>\n<ul>\n<li>D\u00e9charge calcul\u00e9e automatiquement : l&rsquo;OTT MF pro calcule automatiquement la d\u00e9charge sur la base des m\u00e9thodes USGS et ISO, ce qui permet de gagner du temps et d&rsquo;\u00e9liminer les risques d&rsquo;erreur caus\u00e9s par la transcription \u00e9crite.<\/li>\n<li>Vitesse en temps r\u00e9el\u00a0: la vitesse est repr\u00e9sent\u00e9e graphiquement en temps r\u00e9el sur l&rsquo;\u00e9cran couleur du compteur, ce qui permet de visualiser rapidement les tendances<\/li>\n<li>Sans entretien : la t\u00eate du capteur \u00e9lectromagn\u00e9tique ne comporte aucune pi\u00e8ce mobile et ne n\u00e9cessite pratiquement aucun entretien<\/li>\n<li>Applications polyvalentes : le principe de mesure magn\u00e9tique inductive du capteur rend l&rsquo;OTT MF pro id\u00e9al pour une utilisation dans des conditions de faible d\u00e9bit et des environnements riches en mati\u00e8re organique, contrairement aux compteurs m\u00e9caniques ou acoustiques<\/li>\n<li>Ordinateur de poche convivial : un ordinateur de poche l\u00e9ger et r\u00e9sistant \u00e0 l&rsquo;eau dispose d&rsquo;un \u00e9cran couleur qui est facilement lisible m\u00eame en plein soleil<br \/>\nCapteur de profondeur : inclus en option dans l&rsquo;appareil.<\/li>\n<\/ul>\n","protected":false},"excerpt":{"rendered":"<div class=\"overview\">\n<p>D\u00e9bitm\u00e8tre d&rsquo;eau \u00e9lectromagn\u00e9tique portatif avec calcul automatique du d\u00e9bit.<\/p>\n<\/div>\n<div class=\"grids\">\n<div class=\"column grid-50 col-1\">\n<div id=\"ott-extensions-camera\" class=\"camera_wrap camera_own_skin\">\n<div class=\"camera_fakehover\">\n<div class=\"camera_target\">\n<div class=\"cameraCont\"><\/div>\n<\/div>\n<\/div>\n<\/div>\n<\/div>\n<\/div>\n","protected":false},"featured_media":5098,"comment_status":"closed","ping_status":"closed","template":"","meta":[],"product_cat":[67],"product_tag":[],"_links":{"self":[{"href":"https:\/\/greentelemesure.com\/index.php\/wp-json\/wp\/v3\/product\/4200"}],"collection":[{"href":"https:\/\/greentelemesure.com\/index.php\/wp-json\/wp\/v3\/product"}],"about":[{"href":"https:\/\/greentelemesure.com\/index.php\/wp-json\/wp\/v2\/types\/product"}],"replies":[{"embeddable":true,"href":"https:\/\/greentelemesure.com\/index.php\/wp-json\/wp\/v2\/comments?post=4200"}],"wp:featuredmedia":[{"embeddable":true,"href":"https:\/\/greentelemesure.com\/index.php\/wp-json\/wp\/v2\/media\/5098"}],"wp:attachment":[{"href":"https:\/\/greentelemesure.com\/index.php\/wp-json\/wp\/v2\/media?parent=4200"}],"wp:term":[{"taxonomy":"product_cat","embeddable":true,"href":"https:\/\/greentelemesure.com\/index.php\/wp-json\/wp\/v2\/product_cat?post=4200"},{"taxonomy":"product_tag","embeddable":true,"href":"https:\/\/greentelemesure.com\/index.php\/wp-json\/wp\/v2\/product_tag?post=4200"}],"curies":[{"name":"wp","href":"https:\/\/api.w.org\/{rel}","templated":true}]}}