{"id":4283,"date":"2022-02-17T13:22:47","date_gmt":"2022-02-17T12:22:47","guid":{"rendered":"http:\/\/41.249.251.2:8004\/?post_type=product&#038;p=4283"},"modified":"2023-04-07T13:23:53","modified_gmt":"2023-04-07T12:23:53","slug":"4283","status":"publish","type":"product","link":"https:\/\/greentelemesure.com\/index.php\/produit\/4283\/","title":{"rendered":"Enregistreur de donn\u00e9es Sutron SatLink3 Lite"},"content":{"rendered":"<p>Le SUTRON SatLink3 Lite est le dernier n\u00e9 de la famille SatLink3.\u00a0Il offre une solution fiable et \u00e9conomique pour vos besoins de surveillance environnementale, optimis\u00e9e pour des applications simples.\u00a0Il permet de mesurer, de traiter et d&rsquo;enregistrer les donn\u00e9es des capteurs intelligents jusqu&rsquo;\u00e0 1 million de lectures sans aucun chevauchement.\u00a0Son \u00e9metteur int\u00e9gr\u00e9 s\u00e9lectionne automatiquement la puissance RF appropri\u00e9e, en fonction de l&rsquo;antenne utilis\u00e9e, et fournit des donn\u00e9es en temps r\u00e9el sur NESDIS GOES 300 et 1200 bps ainsi que sur les formats d&rsquo;autres satellites environnementaux en orbite autour du globe.<\/p>\n<p>LinkComm, le logiciel d&rsquo;exploitation commun \u00e0 toute la famille SatLink3, dispose de mod\u00e8les de capteurs int\u00e9gr\u00e9s, d&rsquo;un tableau de bord puissant et de capacit\u00e9s de diagnostic.\u00a0Son interface utilisateur intuitive permet des configurations rapides, un d\u00e9pannage et un acc\u00e8s facile aux donn\u00e9es.\u00a0Il est pris en charge sur PC, smartphones et tablettes (iOS, Android, Mac ou Windows 7 et 10).<\/p>\n<ul class=\"key-features\">\n<li><label>Caract\u00e9ristiques:<\/label>WiFi, p\u00e9riph\u00e9rique USB, satellite, enregistreur de donn\u00e9es<\/li>\n<li><label>Points forts du produit\u00a0:<\/label>\u00c9metteur satellite g\u00e9ostationnaire\u00a0;\u00a0Certifi\u00e9 NESDIS GOES CS2.0\u00a0;\u00a0Mod\u00e8les int\u00e9gr\u00e9s LinkComm pour la configuration\u00a0;\u00a0Ports SDI-12 (jusqu&rsquo;\u00e0 32 capteurs connect\u00e9s) ;\u00a0conforme \u00e0 la sp\u00e9cification SDI-12 v1.3\u00a0;\u00a0entr\u00e9e au godet basculant\u00a0;\u00a0moteur d&rsquo;\u00e9quation\u00a0;\u00a0acc\u00e8s local aux donn\u00e9es et configuration via WiFi et USB\u00a0;\u00a0acc\u00e8s \u00e0 distance via communication mobile (avec modem externe)<\/li>\n<li><label>Champs d&rsquo;application\u00a0:<\/label>Eau souterraine, niveau\/d\u00e9bit des eaux de surface, qualit\u00e9 de l&rsquo;eau, m\u00e9t\u00e9orologie et climatologie, avertissement d&rsquo;inondation<\/li>\n<li><label>Communication IP\u00a0:<\/label>Oui<\/li>\n<li><label>Interfaces capteurs\u00a0:<\/label>SDI-12, RS-232, Wi-Fi, USB<\/li>\n<li><label>La communication:<\/label>Auto-temporis\u00e9 de transmission al\u00e9atoire via GOES 300 BPS (Sp\u00e9cification CS 2.0) et GOES 1200 BPS (Sp\u00e9cification CS 2.0);\u00a0METEOSAT (\u00e0 venir)<\/li>\n<li><strong>Avantages<\/strong><\/li>\n<li>\u00c9metteur satellite g\u00e9ostationnaire int\u00e9gr\u00e9 (certifi\u00e9 NESDIS)<\/li>\n<li>Prise en charge des transmissions planifi\u00e9es et al\u00e9atoires (alerte)<\/li>\n<li>Deux ports SDI-12 ind\u00e9pendants et adressables (jusqu&rsquo;\u00e0 32 capteurs connect\u00e9s)<\/li>\n<li>Entr\u00e9e d\u00e9di\u00e9e au godet basculant avec r\u00e9initialisations automatiques bas\u00e9es sur des dates programmables<\/li>\n<li>Mod\u00e8les int\u00e9gr\u00e9s LinkComm pour une configuration facile du capteur<\/li>\n<li>Acc\u00e8s local s\u00e9curis\u00e9 aux donn\u00e9es et \u00e0 la configuration via WiFi et USB avec protection par mot de passe<\/li>\n<li><\/li>\n<li><\/li>\n<\/ul>\n","protected":false},"excerpt":{"rendered":"<div class=\"overview\">\n<p>Solution \u00e9conomique pour enregistrer et transmettre des donn\u00e9es sur des satellites environnementaux g\u00e9ostationnaires.<\/p>\n<\/div>\n<div class=\"grids\">\n<div class=\"column grid-50 col-1\">\n<div id=\"ott-extensions-camera\" class=\"camera_wrap camera_own_skin\">\n<div class=\"camera_fakehover\">\n<div class=\"camera_target\">\n<div class=\"cameraCont\"><\/div>\n<\/div>\n<\/div>\n<\/div>\n<\/div>\n<\/div>\n","protected":false},"featured_media":5106,"comment_status":"closed","ping_status":"closed","template":"","meta":[],"product_cat":[73],"product_tag":[],"_links":{"self":[{"href":"https:\/\/greentelemesure.com\/index.php\/wp-json\/wp\/v3\/product\/4283"}],"collection":[{"href":"https:\/\/greentelemesure.com\/index.php\/wp-json\/wp\/v3\/product"}],"about":[{"href":"https:\/\/greentelemesure.com\/index.php\/wp-json\/wp\/v2\/types\/product"}],"replies":[{"embeddable":true,"href":"https:\/\/greentelemesure.com\/index.php\/wp-json\/wp\/v2\/comments?post=4283"}],"wp:featuredmedia":[{"embeddable":true,"href":"https:\/\/greentelemesure.com\/index.php\/wp-json\/wp\/v2\/media\/5106"}],"wp:attachment":[{"href":"https:\/\/greentelemesure.com\/index.php\/wp-json\/wp\/v2\/media?parent=4283"}],"wp:term":[{"taxonomy":"product_cat","embeddable":true,"href":"https:\/\/greentelemesure.com\/index.php\/wp-json\/wp\/v2\/product_cat?post=4283"},{"taxonomy":"product_tag","embeddable":true,"href":"https:\/\/greentelemesure.com\/index.php\/wp-json\/wp\/v2\/product_tag?post=4283"}],"curies":[{"name":"wp","href":"https:\/\/api.w.org\/{rel}","templated":true}]}}