{"id":4304,"date":"2022-02-17T15:30:20","date_gmt":"2022-02-17T14:30:20","guid":{"rendered":"http:\/\/41.249.251.2:8004\/?post_type=product&#038;p=4304"},"modified":"2023-04-07T13:24:22","modified_gmt":"2023-04-07T12:24:22","slug":"sutron-satlink-3-xmtr","status":"publish","type":"product","link":"https:\/\/greentelemesure.com\/index.php\/produit\/sutron-satlink-3-xmtr\/","title":{"rendered":"Sutron SatLink 3 XMTR"},"content":{"rendered":"<div class=\"description\">\n<p><span>L&rsquo;\u00e9metteur SL3-XMTR-1 offre une m\u00e9thode fiable et peu co\u00fbteuse pour ajouter la capacit\u00e9 de transmission par satellite Meteosat \/ GOES \u00e0 presque tous les enregistreurs de donn\u00e9es. Le SL3-XMTR transmet le contenu du tampon d&rsquo;un enregistreur de donn\u00e9es \u00e0 l&rsquo;un des nombreux satellites environnementaux pour lesquels il est certifi\u00e9.<\/span><br \/>\n<span>Diff\u00e9rents modes de fonctionnement sont disponibles, allant du contr\u00f4le de l&rsquo;enregistreur de la configuration de l&rsquo;\u00e9metteur \u00e0 la programmation de l&rsquo;enregistreur pour envoyer un tampon \u00e0 l&rsquo;\u00e9metteur \u00e0 l&rsquo;aide de connexions RS-232 ou USB.<\/span><br \/>\n<span>L&rsquo;\u00e9metteur s\u00e9lectionne automatiquement la puissance de sortie RF appropri\u00e9e en fonction de la s\u00e9lection d&rsquo;antenne effectu\u00e9e par l&rsquo;utilisateur. Cet \u00e9metteur prend en charge la<\/span><br \/>\n<span>Formats NESDIS GOES 300 et 1200 bps, METEOSAT (MSG 2nd Gen) 100 bps et HRDCP 1200 bps, ainsi que les formats d&rsquo;autres satellites environnementaux en orbite autour du globe.\u00a0L&rsquo;\u00e9metteur lui-m\u00eame est construit sur l&rsquo;h\u00e9ritage de 35 ans de Sutron en mati\u00e8re d&rsquo;\u00e9metteurs satellites robustes et fiables.\u00a0Le XMTR offre \u00e0 l&rsquo;utilisateur la plus grande fiabilit\u00e9 et des mesures de performances de premier plan associ\u00e9es \u00e0 une programmation tr\u00e8s flexible comprenant des transmissions programm\u00e9es et d&rsquo;alarme.\u00a0<\/span><\/p>\n<\/div>\n<ul class=\"key-features\">\n<li><label><span>Points forts du produit\u00a0:<\/span><\/label><span>Transmetteur pour Meteosat HDR, GOES et autres satellites<\/span><\/li>\n<li><label><span>Interface:<\/span><\/label><span>Communications s\u00e9rie sur port USB ou ports RS-232<\/span><\/li>\n<li><label><span>Caract\u00e9ristiques:<\/span><\/label><span>Satellite<\/span><\/li>\n<li><strong>\u00a0<\/strong><br \/>\n<h4><strong>Avantages\u00a0<\/strong><\/h4>\n<\/li>\n<li><strong><span>Sutron SatLink XMTR avec OTT netDL Datalogger Le<\/span><\/strong><br \/>\n<span>couplage de l&rsquo;\u00e9metteur Sutron SatLink3 (SL3) XMTR avec un OTT netDL 500\/1000 permet la transmission du tampon de l&rsquo;enregistreur de donn\u00e9es OTT netDL \u00e0 Meteosat.\u00a0Diff\u00e9rents modes de fonctionnement sont disponibles, allant du contr\u00f4le de l&rsquo;enregistreur de la configuration de l&rsquo;\u00e9metteur \u00e0 la programmation de l&rsquo;enregistreur pour envoyer un tampon \u00e0 l&rsquo;\u00e9metteur \u00e0 l&rsquo;aide de connexions RS-232 ou USB.\u00a0L&rsquo;\u00e9metteur s\u00e9lectionne automatiquement la puissance de sortie RF appropri\u00e9e en fonction de la s\u00e9lection d&rsquo;antenne effectu\u00e9e par l&rsquo;utilisateur.\u00a0L&rsquo;\u00e9metteur SL3 XMTR prend en charge le format Meteosat 100 et 1200 bps et les formats d&rsquo;autres satellites environnementaux en orbite autour du globe, y compris GOES.<\/span><strong><br \/>\n<span>Transmetteur enregistreur Sutron SatLink<\/span><\/strong><br \/>\n<span>Le transmetteur d&rsquo;enregistrement multi-communications SatLink3 est une solution int\u00e9gr\u00e9e offrant un moyen rentable de mesurer, enregistrer, calculer et transmettre des donn\u00e9es \u00e0 partir d&#8217;emplacements distants dans le monde entier.\u00a0SL3 a un support int\u00e9gr\u00e9 pour presque tous les satellites m\u00e9t\u00e9orologiques, y compris GOES, METEOSAT, INSAT et MTSAT pour un fonctionnement n&rsquo;importe o\u00f9.\u00a0Le plus souvent, le SL3 est connect\u00e9 \u00e0 des capteurs et transmet des donn\u00e9es selon un calendrier d\u00e9fini par l&rsquo;utilisateur, le Satlink3 dispose d&rsquo;options de communication redondante et bidirectionnelle utilisant les communications cellulaires et Iridium.\u00a0Satlink3 s&rsquo;appuie sur les 35 ann\u00e9es d&rsquo;exp\u00e9rience de Sutron dans la fourniture de communications par satellite fiables.<\/span><\/li>\n<\/ul>\n","protected":false},"excerpt":{"rendered":"<div class=\"overview\">\n<p>Transmetteur satellite.<\/p>\n<\/div>\n<div class=\"grids\">\n<div class=\"column grid-50 col-1\">\n<div id=\"ott-extensions-camera\" class=\"camera_wrap camera_own_skin\">\n<div class=\"camera_fakehover\">\n<div class=\"camera_target\">\n<div class=\"cameraCont\"><\/div>\n<\/div>\n<\/div>\n<\/div>\n<\/div>\n<\/div>\n","protected":false},"featured_media":5117,"comment_status":"closed","ping_status":"closed","template":"","meta":[],"product_cat":[73],"product_tag":[],"_links":{"self":[{"href":"https:\/\/greentelemesure.com\/index.php\/wp-json\/wp\/v3\/product\/4304"}],"collection":[{"href":"https:\/\/greentelemesure.com\/index.php\/wp-json\/wp\/v3\/product"}],"about":[{"href":"https:\/\/greentelemesure.com\/index.php\/wp-json\/wp\/v2\/types\/product"}],"replies":[{"embeddable":true,"href":"https:\/\/greentelemesure.com\/index.php\/wp-json\/wp\/v2\/comments?post=4304"}],"wp:featuredmedia":[{"embeddable":true,"href":"https:\/\/greentelemesure.com\/index.php\/wp-json\/wp\/v2\/media\/5117"}],"wp:attachment":[{"href":"https:\/\/greentelemesure.com\/index.php\/wp-json\/wp\/v2\/media?parent=4304"}],"wp:term":[{"taxonomy":"product_cat","embeddable":true,"href":"https:\/\/greentelemesure.com\/index.php\/wp-json\/wp\/v2\/product_cat?post=4304"},{"taxonomy":"product_tag","embeddable":true,"href":"https:\/\/greentelemesure.com\/index.php\/wp-json\/wp\/v2\/product_tag?post=4304"}],"curies":[{"name":"wp","href":"https:\/\/api.w.org\/{rel}","templated":true}]}}